{"id":1314,"date":"2021-10-07T11:47:03","date_gmt":"2021-10-07T09:47:03","guid":{"rendered":"https:\/\/translationteam.eu\/leistungen\/"},"modified":"2022-03-25T09:27:50","modified_gmt":"2022-03-25T08:27:50","slug":"services","status":"publish","type":"page","link":"https:\/\/translationteam.eu\/en\/services\/","title":{"rendered":"Services"},"content":{"rendered":"<div id='layer_slider_1'  class='avia-layerslider main_color avia-shadow  avia-builder-el-0  el_before_av_section  avia-builder-el-first  container_wrap sidebar_right'  style='height: 822px; max-width: 2000px; margin: 0 auto;'  ><\/div>\n\n<style type=\"text\/css\" data-created_by=\"avia_inline_auto\" id=\"style-css-av-kk2kceho-255ab1ee4c13a51b06b6687c61b7c11e\">\n.avia-section.av-kk2kceho-255ab1ee4c13a51b06b6687c61b7c11e{\nbackground-color:#d4dee1;\nbackground-image:unset;\n}\n<\/style>\n<div id='av_section_1'  class='avia-section av-kk2kceho-255ab1ee4c13a51b06b6687c61b7c11e main_color avia-section-default avia-no-border-styling  avia-builder-el-1  el_after_av_layerslider  el_before_av_two_third  avia-bg-style-scroll container_wrap sidebar_right'  ><div class='container av-section-cont-open' ><div class='template-page content  av-content-small alpha units'><div class='post-entry post-entry-type-page post-entry-1314'><div class='entry-content-wrapper clearfix'>\n\n<style type=\"text\/css\" data-created_by=\"avia_inline_auto\" id=\"style-css-av-kugpjuyq-6f355f60f562b46f2d7e456aaf75c126\">\n#top .av-special-heading.av-kugpjuyq-6f355f60f562b46f2d7e456aaf75c126{\npadding-bottom:10px;\n}\nbody .av-special-heading.av-kugpjuyq-6f355f60f562b46f2d7e456aaf75c126 .av-special-heading-tag .heading-char{\nfont-size:25px;\n}\n.av-special-heading.av-kugpjuyq-6f355f60f562b46f2d7e456aaf75c126 .av-subheading{\nfont-size:15px;\n}\n<\/style>\n<div  class='av-special-heading av-kugpjuyq-6f355f60f562b46f2d7e456aaf75c126 av-special-heading-h1 blockquote modern-quote  avia-builder-el-2  avia-builder-el-no-sibling '><h1 class='av-special-heading-tag '  itemprop=\"headline\"  >Services<\/h1><div class=\"special-heading-border\"><div class=\"special-heading-inner-border\"><\/div><\/div><\/div>\n<\/div><\/div><\/div><!-- close content main div --><\/div><\/div><div id='after_section_1'  class='main_color av_default_container_wrap container_wrap sidebar_right'  ><div class='container av-section-cont-open' ><div class='template-page content  av-content-small alpha units'><div class='post-entry post-entry-type-page post-entry-1314'><div class='entry-content-wrapper clearfix'>\n<div  class='flex_column av-1c53j-c1db14450be246021d8fa8394e23ff90 av_two_third  avia-builder-el-3  el_after_av_section  el_before_av_one_third  avia-builder-el-first  first flex_column_div  '     ><style type=\"text\/css\" data-created_by=\"avia_inline_auto\" id=\"style-css-av-kugpcdyd-763349b3a712f1d7d0bbdfa08354e949\">\n.avia-image-container.av-kugpcdyd-763349b3a712f1d7d0bbdfa08354e949 img.avia_image{\nbox-shadow:none;\n}\n.avia-image-container.av-kugpcdyd-763349b3a712f1d7d0bbdfa08354e949 .av-image-caption-overlay-center{\ncolor:#ffffff;\n}\n<\/style>\n<div  class='avia-image-container av-kugpcdyd-763349b3a712f1d7d0bbdfa08354e949 av-styling- avia-align-center  avia-builder-el-4  avia-builder-el-no-sibling '   itemprop=\"image\" itemscope=\"itemscope\" itemtype=\"https:\/\/schema.org\/ImageObject\" ><div class=\"avia-image-container-inner\"><div class=\"avia-image-overlay-wrap\"><img decoding=\"async\" fetchpriority=\"high\" class='wp-image-470 avia-img-lazy-loading-not-470 avia_image ' src=\"https:\/\/translationteam.eu\/wp-content\/uploads\/2021\/12\/uebersetzen_00a.jpg\" alt='leistungen, \u00dcbersetzung' title='uebersetzen_00a'  height=\"997\" width=\"1500\"  itemprop=\"thumbnailUrl\" srcset=\"https:\/\/translationteam.eu\/wp-content\/uploads\/2021\/12\/uebersetzen_00a.jpg 1500w, https:\/\/translationteam.eu\/wp-content\/uploads\/2021\/12\/uebersetzen_00a-300x199.jpg 300w, https:\/\/translationteam.eu\/wp-content\/uploads\/2021\/12\/uebersetzen_00a-1030x685.jpg 1030w, https:\/\/translationteam.eu\/wp-content\/uploads\/2021\/12\/uebersetzen_00a-768x510.jpg 768w, https:\/\/translationteam.eu\/wp-content\/uploads\/2021\/12\/uebersetzen_00a-705x469.jpg 705w\" sizes=\"(max-width: 1500px) 100vw, 1500px\" \/><\/div><\/div><\/div><\/div>\n<div  class='flex_column av-1sod2q-dc1bf4dfcbf504963d6e35063f02eac9 av_one_third  avia-builder-el-5  el_after_av_two_third  avia-builder-el-last  flex_column_div  '     ><p><div  class='avia-button-wrap avia-button-center  avia-builder-el-6  el_before_av_hr  avia-builder-el-first '>\n<style type=\"text\/css\" data-created_by=\"avia_inline_auto\" id=\"style-css-av-1lbmze-c1bd595297f133b650646bf365969f3e\">\n#top #wrap_all .avia-button.av-1lbmze-c1bd595297f133b650646bf365969f3e:hover{\ncolor:white;\ntransition:all 0.4s ease-in-out;\n}\n<\/style>\n<a href='https:\/\/translationteam.eu\/en\/translation\/' class='avia-color-theme-color avia-font-color-theme-color avia-button avia-button-fullwidth av-1lbmze-c1bd595297f133b650646bf365969f3e avia-icon_select-no avia-color-theme-color'   aria-label=\"Translation\"><span class='avia_iconbox_title' >Translation<\/span><span class='avia_button_background avia-button avia-button-fullwidth avia-color-theme-color-highlight'><\/span><\/a><\/div><br \/>\n\n<style type=\"text\/css\" data-created_by=\"avia_inline_auto\" id=\"style-css-av-1hiz8a-abf4a1e36e4645e424e425e454b0fd89\">\n#top .hr.hr-invisible.av-1hiz8a-abf4a1e36e4645e424e425e454b0fd89{\nheight:20px;\n}\n<\/style>\n<div  class='hr av-1hiz8a-abf4a1e36e4645e424e425e454b0fd89 hr-invisible  avia-builder-el-7  el_after_av_button_big  el_before_av_button_big  avia-builder-el-no-sibling '><span class='hr-inner '><span class=\"hr-inner-style\"><\/span><\/span><\/div><br \/>\n<div  class='avia-button-wrap avia-button-center  avia-builder-el-8  el_after_av_hr  el_before_av_hr '>\n<style type=\"text\/css\" data-created_by=\"avia_inline_auto\" id=\"style-css-av-4pywy-6ce2266e984d9932e0d459993cf6080d\">\n#top #wrap_all .avia-button.av-4pywy-6ce2266e984d9932e0d459993cf6080d:hover{\ncolor:white;\ntransition:all 0.4s ease-in-out;\n}\n<\/style>\n<a href='https:\/\/translationteam.eu\/en\/machine-translation-mt-post-editing-pe\/' class='avia-color-theme-color avia-font-color-theme-color avia-button avia-button-fullwidth av-4pywy-6ce2266e984d9932e0d459993cf6080d avia-icon_select-no avia-color-theme-color'   aria-label=\" Machine Translation MT \/ Postediting PE\"><span class='avia_iconbox_title' > Machine Translation MT \/ Postediting PE<\/span><span class='avia_button_background avia-button avia-button-fullwidth avia-color-theme-color-highlight'><\/span><\/a><\/div><br \/>\n\n<style type=\"text\/css\" data-created_by=\"avia_inline_auto\" id=\"style-css-av-eigq-cd548fa35e0cf0ad8d0ccf012fc263d7\">\n#top .hr.hr-invisible.av-eigq-cd548fa35e0cf0ad8d0ccf012fc263d7{\nheight:20px;\n}\n<\/style>\n<div  class='hr av-eigq-cd548fa35e0cf0ad8d0ccf012fc263d7 hr-invisible  avia-builder-el-9  el_after_av_button_big  el_before_av_button_big  avia-builder-el-no-sibling '><span class='hr-inner '><span class=\"hr-inner-style\"><\/span><\/span><\/div><br \/>\n<div  class='avia-button-wrap avia-button-center  avia-builder-el-10  el_after_av_hr  el_before_av_hr '>\n<style type=\"text\/css\" data-created_by=\"avia_inline_auto\" id=\"style-css-av-3a916-5132f127d91e94b344d1aa76a3e3948f\">\n#top #wrap_all .avia-button.av-3a916-5132f127d91e94b344d1aa76a3e3948f:hover{\ncolor:white;\ntransition:all 0.4s ease-in-out;\n}\n<\/style>\n<a href='https:\/\/translationteam.eu\/en\/sworn-translations\/' class='avia-color-theme-color avia-font-color-theme-color avia-button avia-button-fullwidth av-3a916-5132f127d91e94b344d1aa76a3e3948f avia-icon_select-no avia-color-theme-color'   aria-label=\"Sworn Translations\"><span class='avia_iconbox_title' >Sworn Translations<\/span><span class='avia_button_background avia-button avia-button-fullwidth avia-color-theme-color-highlight'><\/span><\/a><\/div><br \/>\n\n<style type=\"text\/css\" data-created_by=\"avia_inline_auto\" id=\"style-css-av-qazwq-7804f301965b717eff1a48755b553113\">\n#top .hr.hr-invisible.av-qazwq-7804f301965b717eff1a48755b553113{\nheight:20px;\n}\n<\/style>\n<div  class='hr av-qazwq-7804f301965b717eff1a48755b553113 hr-invisible  avia-builder-el-11  el_after_av_button_big  el_before_av_button_big  avia-builder-el-no-sibling '><span class='hr-inner '><span class=\"hr-inner-style\"><\/span><\/span><\/div><br \/>\n<div  class='avia-button-wrap avia-button-center  avia-builder-el-12  el_after_av_hr  el_before_av_hr '>\n<style type=\"text\/css\" data-created_by=\"avia_inline_auto\" id=\"style-css-av-iryyq-225c0f4a68dafda1aa0c2a8f8a1ec348\">\n#top #wrap_all .avia-button.av-iryyq-225c0f4a68dafda1aa0c2a8f8a1ec348:hover{\ncolor:white;\ntransition:all 0.4s ease-in-out;\n}\n<\/style>\n<a href='https:\/\/translationteam.eu\/en\/revision-proofreading\/' class='avia-color-theme-color avia-font-color-theme-color avia-button avia-button-fullwidth av-iryyq-225c0f4a68dafda1aa0c2a8f8a1ec348 avia-icon_select-no avia-color-theme-color'   aria-label=\"Revision \/ Proofreading\"><span class='avia_iconbox_title' >Revision \/ Proofreading<\/span><span class='avia_button_background avia-button avia-button-fullwidth avia-color-theme-color-highlight'><\/span><\/a><\/div><br \/>\n\n<style type=\"text\/css\" data-created_by=\"avia_inline_auto\" id=\"style-css-av-g9zrm-8563c3fdd847c1e4514d5ff6dec60bb5\">\n#top .hr.hr-invisible.av-g9zrm-8563c3fdd847c1e4514d5ff6dec60bb5{\nheight:20px;\n}\n<\/style>\n<div  class='hr av-g9zrm-8563c3fdd847c1e4514d5ff6dec60bb5 hr-invisible  avia-builder-el-13  el_after_av_button_big  el_before_av_button_big  avia-builder-el-no-sibling '><span class='hr-inner '><span class=\"hr-inner-style\"><\/span><\/span><\/div><br \/>\n<div  class='avia-button-wrap avia-button-center  avia-builder-el-14  el_after_av_hr  avia-builder-el-last '>\n<style type=\"text\/css\" data-created_by=\"avia_inline_auto\" id=\"style-css-av-81w1m-a0bc8f96940760e552ee4e7f0759942c\">\n#top #wrap_all .avia-button.av-81w1m-a0bc8f96940760e552ee4e7f0759942c:hover{\ncolor:white;\ntransition:all 0.4s ease-in-out;\n}\n<\/style>\n<a href='https:\/\/translationteam.eu\/lokalisierung\/' class='avia-color-theme-color avia-font-color-theme-color avia-button avia-button-fullwidth av-81w1m-a0bc8f96940760e552ee4e7f0759942c avia-icon_select-no avia-color-theme-color'   aria-label=\"Localisation\"><span class='avia_iconbox_title' >Localisation<\/span><span class='avia_button_background avia-button avia-button-fullwidth avia-color-theme-color-highlight'><\/span><\/a><\/div><\/p><\/div>\n","protected":false},"excerpt":{"rendered":"","protected":false},"author":2,"featured_media":0,"parent":0,"menu_order":0,"comment_status":"closed","ping_status":"closed","template":"","meta":{"footnotes":""},"class_list":["post-1314","page","type-page","status-publish","hentry"],"yoast_head":"<!-- This site is optimized with the Yoast SEO plugin v24.3 - https:\/\/yoast.com\/wordpress\/plugins\/seo\/ -->\n<title>Services - Translationteam<\/title>\n<meta name=\"description\" content=\"Leistungen, Home - Claudia H\u00e4ndel - Freiberufliche \u00dcbersetzerin, Ausgangssprachen: Englisch, Spanisch, Franz\u00f6sisch.\" \/>\n<meta name=\"robots\" content=\"index, follow, max-snippet:-1, max-image-preview:large, max-video-preview:-1\" \/>\n<link rel=\"canonical\" href=\"https:\/\/translationteam.eu\/en\/services\/\" \/>\n<meta property=\"og:locale\" content=\"en_US\" \/>\n<meta property=\"og:type\" content=\"article\" \/>\n<meta property=\"og:title\" content=\"Services - Translationteam\" \/>\n<meta property=\"og:description\" content=\"Leistungen, Home - Claudia H\u00e4ndel - Freiberufliche \u00dcbersetzerin, Ausgangssprachen: Englisch, Spanisch, Franz\u00f6sisch.\" \/>\n<meta property=\"og:url\" content=\"https:\/\/translationteam.eu\/en\/services\/\" \/>\n<meta property=\"og:site_name\" content=\"Translationteam\" \/>\n<meta property=\"article:modified_time\" content=\"2022-03-25T08:27:50+00:00\" \/>\n<meta name=\"twitter:card\" content=\"summary_large_image\" \/>\n<meta name=\"twitter:label1\" content=\"Est. reading time\" \/>\n\t<meta name=\"twitter:data1\" content=\"10 minutes\" \/>\n<script type=\"application\/ld+json\" class=\"yoast-schema-graph\">{\"@context\":\"https:\/\/schema.org\",\"@graph\":[{\"@type\":\"WebPage\",\"@id\":\"https:\/\/translationteam.eu\/en\/services\/\",\"url\":\"https:\/\/translationteam.eu\/en\/services\/\",\"name\":\"Services - Translationteam\",\"isPartOf\":{\"@id\":\"https:\/\/translationteam.eu\/#website\"},\"datePublished\":\"2021-10-07T09:47:03+00:00\",\"dateModified\":\"2022-03-25T08:27:50+00:00\",\"description\":\"Leistungen, Home - Claudia H\u00e4ndel - Freiberufliche \u00dcbersetzerin, Ausgangssprachen: Englisch, Spanisch, Franz\u00f6sisch.\",\"breadcrumb\":{\"@id\":\"https:\/\/translationteam.eu\/en\/services\/#breadcrumb\"},\"inLanguage\":\"en-US\",\"potentialAction\":[{\"@type\":\"ReadAction\",\"target\":[\"https:\/\/translationteam.eu\/en\/services\/\"]}]},{\"@type\":\"BreadcrumbList\",\"@id\":\"https:\/\/translationteam.eu\/en\/services\/#breadcrumb\",\"itemListElement\":[{\"@type\":\"ListItem\",\"position\":1,\"name\":\"Startseite\",\"item\":\"https:\/\/translationteam.eu\/en\/home\/\"},{\"@type\":\"ListItem\",\"position\":2,\"name\":\"Services\"}]},{\"@type\":\"WebSite\",\"@id\":\"https:\/\/translationteam.eu\/#website\",\"url\":\"https:\/\/translationteam.eu\/\",\"name\":\"Translationteam\",\"description\":\"\u00d6ffentlich bestellte und beeidigte Urkunden\u00fcbersetzerin\",\"potentialAction\":[{\"@type\":\"SearchAction\",\"target\":{\"@type\":\"EntryPoint\",\"urlTemplate\":\"https:\/\/translationteam.eu\/?s={search_term_string}\"},\"query-input\":{\"@type\":\"PropertyValueSpecification\",\"valueRequired\":true,\"valueName\":\"search_term_string\"}}],\"inLanguage\":\"en-US\"}]}<\/script>\n<!-- \/ Yoast SEO plugin. -->","yoast_head_json":{"title":"Services - Translationteam","description":"Leistungen, Home - Claudia H\u00e4ndel - Freiberufliche \u00dcbersetzerin, Ausgangssprachen: Englisch, Spanisch, Franz\u00f6sisch.","robots":{"index":"index","follow":"follow","max-snippet":"max-snippet:-1","max-image-preview":"max-image-preview:large","max-video-preview":"max-video-preview:-1"},"canonical":"https:\/\/translationteam.eu\/en\/services\/","og_locale":"en_US","og_type":"article","og_title":"Services - Translationteam","og_description":"Leistungen, Home - Claudia H\u00e4ndel - Freiberufliche \u00dcbersetzerin, Ausgangssprachen: Englisch, Spanisch, Franz\u00f6sisch.","og_url":"https:\/\/translationteam.eu\/en\/services\/","og_site_name":"Translationteam","article_modified_time":"2022-03-25T08:27:50+00:00","twitter_card":"summary_large_image","twitter_misc":{"Est. reading time":"10 minutes"},"schema":{"@context":"https:\/\/schema.org","@graph":[{"@type":"WebPage","@id":"https:\/\/translationteam.eu\/en\/services\/","url":"https:\/\/translationteam.eu\/en\/services\/","name":"Services - Translationteam","isPartOf":{"@id":"https:\/\/translationteam.eu\/#website"},"datePublished":"2021-10-07T09:47:03+00:00","dateModified":"2022-03-25T08:27:50+00:00","description":"Leistungen, Home - Claudia H\u00e4ndel - Freiberufliche \u00dcbersetzerin, Ausgangssprachen: Englisch, Spanisch, Franz\u00f6sisch.","breadcrumb":{"@id":"https:\/\/translationteam.eu\/en\/services\/#breadcrumb"},"inLanguage":"en-US","potentialAction":[{"@type":"ReadAction","target":["https:\/\/translationteam.eu\/en\/services\/"]}]},{"@type":"BreadcrumbList","@id":"https:\/\/translationteam.eu\/en\/services\/#breadcrumb","itemListElement":[{"@type":"ListItem","position":1,"name":"Startseite","item":"https:\/\/translationteam.eu\/en\/home\/"},{"@type":"ListItem","position":2,"name":"Services"}]},{"@type":"WebSite","@id":"https:\/\/translationteam.eu\/#website","url":"https:\/\/translationteam.eu\/","name":"Translationteam","description":"\u00d6ffentlich bestellte und beeidigte Urkunden\u00fcbersetzerin","potentialAction":[{"@type":"SearchAction","target":{"@type":"EntryPoint","urlTemplate":"https:\/\/translationteam.eu\/?s={search_term_string}"},"query-input":{"@type":"PropertyValueSpecification","valueRequired":true,"valueName":"search_term_string"}}],"inLanguage":"en-US"}]}},"_links":{"self":[{"href":"https:\/\/translationteam.eu\/en\/wp-json\/wp\/v2\/pages\/1314","targetHints":{"allow":["GET"]}}],"collection":[{"href":"https:\/\/translationteam.eu\/en\/wp-json\/wp\/v2\/pages"}],"about":[{"href":"https:\/\/translationteam.eu\/en\/wp-json\/wp\/v2\/types\/page"}],"author":[{"embeddable":true,"href":"https:\/\/translationteam.eu\/en\/wp-json\/wp\/v2\/users\/2"}],"replies":[{"embeddable":true,"href":"https:\/\/translationteam.eu\/en\/wp-json\/wp\/v2\/comments?post=1314"}],"version-history":[{"count":3,"href":"https:\/\/translationteam.eu\/en\/wp-json\/wp\/v2\/pages\/1314\/revisions"}],"predecessor-version":[{"id":1609,"href":"https:\/\/translationteam.eu\/en\/wp-json\/wp\/v2\/pages\/1314\/revisions\/1609"}],"wp:attachment":[{"href":"https:\/\/translationteam.eu\/en\/wp-json\/wp\/v2\/media?parent=1314"}],"curies":[{"name":"wp","href":"https:\/\/api.w.org\/{rel}","templated":true}]}}