{"id":2105,"date":"2024-11-05T10:23:25","date_gmt":"2024-11-05T09:23:25","guid":{"rendered":"https:\/\/translationteam.eu\/beeidigte-uebersetzungen\/"},"modified":"2024-11-06T14:52:21","modified_gmt":"2024-11-06T13:52:21","slug":"traducciones-juradas","status":"publish","type":"page","link":"https:\/\/translationteam.eu\/es\/traducciones-juradas\/","title":{"rendered":"Traducciones Juradas"},"content":{"rendered":"<div id='layer_slider_1'  class='avia-layerslider main_color avia-shadow  avia-builder-el-0  el_before_av_section  avia-builder-el-first  container_wrap sidebar_right'  style='height: 822px; max-width: 2000px; margin: 0 auto;'  ><\/div>\n\n<style type=\"text\/css\" data-created_by=\"avia_inline_auto\" id=\"style-css-av-kk2kceho-255ab1ee4c13a51b06b6687c61b7c11e\">\n.avia-section.av-kk2kceho-255ab1ee4c13a51b06b6687c61b7c11e{\nbackground-color:#d4dee1;\nbackground-image:unset;\n}\n<\/style>\n<div id='av_section_1'  class='avia-section av-kk2kceho-255ab1ee4c13a51b06b6687c61b7c11e main_color avia-section-default avia-no-border-styling  avia-builder-el-1  el_after_av_layerslider  el_before_av_layout_row  avia-bg-style-scroll container_wrap sidebar_right'  ><div class='container av-section-cont-open' ><div class='template-page content  av-content-small alpha units'><div class='post-entry post-entry-type-page post-entry-2105'><div class='entry-content-wrapper clearfix'>\n\n<style type=\"text\/css\" data-created_by=\"avia_inline_auto\" id=\"style-css-av-kugupzco-68f319ee04964d62fd06763eb6016ed4\">\n#top .av-special-heading.av-kugupzco-68f319ee04964d62fd06763eb6016ed4{\npadding-bottom:10px;\n}\nbody .av-special-heading.av-kugupzco-68f319ee04964d62fd06763eb6016ed4 .av-special-heading-tag .heading-char{\nfont-size:25px;\n}\n.av-special-heading.av-kugupzco-68f319ee04964d62fd06763eb6016ed4 .av-subheading{\nfont-size:15px;\n}\n<\/style>\n<div  class='av-special-heading av-kugupzco-68f319ee04964d62fd06763eb6016ed4 av-special-heading-h1 blockquote modern-quote  avia-builder-el-2  avia-builder-el-no-sibling '><h1 class='av-special-heading-tag '  itemprop=\"headline\"  >TRADUCCIONES JURADAS<\/h1><div class=\"special-heading-border\"><div class=\"special-heading-inner-border\"><\/div><\/div><\/div>\n\n<\/div><\/div><\/div><!-- close content main div --><\/div><\/div><div id='av-layout-grid-1'  class='av-layout-grid-container av-1173nm-8cb4c9482bec7f67067668fc2f59d85d entry-content-wrapper main_color av-flex-cells  avia-builder-el-3  el_after_av_section  el_before_av_section  grid-row-not-first  container_wrap sidebar_right'  >\n\n<style type=\"text\/css\" data-created_by=\"avia_inline_auto\" id=\"style-css-av-34f5u-8e7b8a871ff0d2216e092dfa704c486f\">\n.flex_cell.av-34f5u-8e7b8a871ff0d2216e092dfa704c486f{\nvertical-align:top;\n}\n.responsive #top #wrap_all .flex_cell.av-34f5u-8e7b8a871ff0d2216e092dfa704c486f{\npadding:0px 0px 0px 0px !important;\n}\n<\/style>\n<div class='flex_cell av-34f5u-8e7b8a871ff0d2216e092dfa704c486f av-gridrow-cell av_one_half no_margin  avia-builder-el-4  el_before_av_cell_one_half  avia-builder-el-first  av-zero-padding'  ><div class='flex_cell_inner'>\n<style type=\"text\/css\" data-created_by=\"avia_inline_auto\" id=\"style-css-av-kugpcdyd-b2fb647db81fc139ab5f4a64058a1516\">\n.avia-image-container.av-kugpcdyd-b2fb647db81fc139ab5f4a64058a1516 img.avia_image{\nbox-shadow:none;\n}\n.avia-image-container.av-kugpcdyd-b2fb647db81fc139ab5f4a64058a1516 .av-image-caption-overlay-center{\ncolor:#ffffff;\n}\n<\/style>\n<div  class='avia-image-container av-kugpcdyd-b2fb647db81fc139ab5f4a64058a1516 av-styling- avia_animated_image av-animated-when-visible-95 left-to-right avia-align-center  avia-builder-el-5  avia-builder-el-no-sibling '   itemprop=\"image\" itemscope=\"itemscope\" itemtype=\"https:\/\/schema.org\/ImageObject\" ><div class=\"avia-image-container-inner\"><div class=\"avia-image-overlay-wrap\"><img decoding=\"async\" fetchpriority=\"high\" class='wp-image-1906 avia-img-lazy-loading-not-1906 avia_image ' src=\"https:\/\/translationteam.eu\/wp-content\/uploads\/2022\/04\/beeidigte_uebersetzung_2022.jpg\" alt='' title='beeidigte_uebersetzung_2022'  height=\"1216\" width=\"1500\"  itemprop=\"thumbnailUrl\" srcset=\"https:\/\/translationteam.eu\/wp-content\/uploads\/2022\/04\/beeidigte_uebersetzung_2022.jpg 1500w, https:\/\/translationteam.eu\/wp-content\/uploads\/2022\/04\/beeidigte_uebersetzung_2022-300x243.jpg 300w, https:\/\/translationteam.eu\/wp-content\/uploads\/2022\/04\/beeidigte_uebersetzung_2022-1030x835.jpg 1030w, https:\/\/translationteam.eu\/wp-content\/uploads\/2022\/04\/beeidigte_uebersetzung_2022-768x623.jpg 768w, https:\/\/translationteam.eu\/wp-content\/uploads\/2022\/04\/beeidigte_uebersetzung_2022-495x400.jpg 495w, https:\/\/translationteam.eu\/wp-content\/uploads\/2022\/04\/beeidigte_uebersetzung_2022-845x684.jpg 845w, https:\/\/translationteam.eu\/wp-content\/uploads\/2022\/04\/beeidigte_uebersetzung_2022-705x572.jpg 705w\" sizes=\"(max-width: 1500px) 100vw, 1500px\" \/><\/div><\/div><\/div>\n<\/div><\/div><div class='flex_cell av-qs4fe-bf99669f8eb061279f88e834ca742d36 av-gridrow-cell av_one_half no_margin  avia-builder-el-6  el_after_av_cell_one_half  avia-builder-el-last '  ><div class='flex_cell_inner'><section  class='av_textblock_section av-1yzne-1aa9c5d94f25765627c4a20be1dac7c8 '   itemscope=\"itemscope\" itemtype=\"https:\/\/schema.org\/CreativeWork\" ><div class='avia_textblock'  itemprop=\"text\" ><blockquote>\n<p><em>Todo acto de comunicaci\u00f3n es un milagro de traducci\u00f3n.<\/em><\/p>\n<p><strong>Ken Liu<\/strong><\/p>\n<\/blockquote>\n<\/div><\/section><br \/>\n<section  class='av_textblock_section av-kugpex08-3000cafc0bc6e8e00a2249f0673c8ea4 '   itemscope=\"itemscope\" itemtype=\"https:\/\/schema.org\/CreativeWork\" ><div class='avia_textblock'  itemprop=\"text\" ><p>Nombrada p\u00fablicamente y jurada ante el Tribunal Regional de Stuttgart en Baden-W\u00fcrttemberg con validez en toda Alemania. Se traducen y se certifican documentos de todo tipo; no solo documentos personales como actas de nacimiento y matrimonio, CV, certificados, permisos de conducir, testamentos, etc., sino tambi\u00e9n otros documentos jur\u00eddicos como documentos de patentes, contratos, demandas, sentencias judiciales y similares.<\/p>\n<\/div><\/section><br \/>\n<div  class='hr av-7lce9-9ebaf4de706766aa455ac462f8284e1e hr-default  avia-builder-el-9  el_after_av_textblock  el_before_av_textblock '><span class='hr-inner '><span class=\"hr-inner-style\"><\/span><\/span><\/div><br \/>\n<section  class='av_textblock_section av-kugvpt2q-475149ae604255cb09e2036e83771e3e '   itemscope=\"itemscope\" itemtype=\"https:\/\/schema.org\/CreativeWork\" ><div class='avia_textblock'  itemprop=\"text\" ><p><strong>Claudia H\u00e4ndel<\/strong><br \/>\nTraductora jurada y nombrada p\u00fablicamente<br \/>\npara los idiomas ingl\u00e9s, espa\u00f1ol y franc\u00e9s<br \/>\nen Baden-W\u00fcrttemberg<\/p>\n<\/div><\/section><\/p>\n<\/div><\/div>\n<\/div>\n\n<style type=\"text\/css\" data-created_by=\"avia_inline_auto\" id=\"style-css-av-1pyo4p-3ff40c61e13117c37156b3202cdb2f19\">\n.avia-section.av-1pyo4p-3ff40c61e13117c37156b3202cdb2f19{\nbackground-color:#295969;\nbackground-image:unset;\n}\n<\/style>\n<div id='av_section_2'  class='avia-section av-1pyo4p-3ff40c61e13117c37156b3202cdb2f19 main_color avia-section-default avia-no-border-styling  avia-builder-el-11  el_after_av_layout_row  avia-builder-el-last  avia-bg-style-scroll container_wrap sidebar_right'  ><div class='container av-section-cont-open' ><div class='template-page content  av-content-small alpha units'><div class='post-entry post-entry-type-page post-entry-2105'><div class='entry-content-wrapper clearfix'>\n\n<style type=\"text\/css\" data-created_by=\"avia_inline_auto\" id=\"style-css-av-1iik4h-31433880b44c41c52f71bc349969c253\">\n#top .av-special-heading.av-1iik4h-31433880b44c41c52f71bc349969c253{\npadding-bottom:10px;\ncolor:#ffffff;\n}\nbody .av-special-heading.av-1iik4h-31433880b44c41c52f71bc349969c253 .av-special-heading-tag .heading-char{\nfont-size:25px;\n}\n.av-special-heading.av-1iik4h-31433880b44c41c52f71bc349969c253 .special-heading-inner-border{\nborder-color:#ffffff;\n}\n.av-special-heading.av-1iik4h-31433880b44c41c52f71bc349969c253 .av-subheading{\nfont-size:15px;\n}\n<\/style>\n<div  class='av-special-heading av-1iik4h-31433880b44c41c52f71bc349969c253 av-special-heading-h1 custom-color-heading blockquote modern-quote  avia-builder-el-12  el_before_av_one_fourth  avia-builder-el-first '><h1 class='av-special-heading-tag '  itemprop=\"headline\"  >Otros Servicios<\/h1><div class=\"special-heading-border\"><div class=\"special-heading-inner-border\"><\/div><\/div><\/div>\n<div  class='flex_column av-1fo661-416d4f5af17dad6222069bc2ba00dc25 av_one_fourth  avia-builder-el-13  el_after_av_heading  el_before_av_one_fourth  first flex_column_div  '     ><div  class='avia-button-wrap avia-button-center  avia-builder-el-14  avia-builder-el-no-sibling '>\n<style type=\"text\/css\" data-created_by=\"avia_inline_auto\" id=\"style-css-av-19r1bt-73c7bd39c6e0100f3bbf74611f604e53\">\n#top #wrap_all .avia-button.av-19r1bt-73c7bd39c6e0100f3bbf74611f604e53:hover{\ncolor:white;\ntransition:all 0.4s ease-in-out;\n}\n<\/style>\n<a href='https:\/\/translationteam.eu\/es\/traduccion\/' class='avia-color-theme-color avia-font-color-theme-color avia-button avia-button-fullwidth av-19r1bt-73c7bd39c6e0100f3bbf74611f604e53 avia-icon_select-no avia-color-theme-color'   aria-label=\"Traducci\u00f3n\"><span class='avia_iconbox_title' >Traducci\u00f3n<\/span><span class='avia_button_background avia-button avia-button-fullwidth avia-color-theme-color-highlight'><\/span><\/a><\/div><\/div><div  class='flex_column av-15lsn5-90d667ec43e2584a4a30894d0b3af612 av_one_fourth  avia-builder-el-15  el_after_av_one_fourth  el_before_av_one_fourth  flex_column_div  '     ><div  class='avia-button-wrap avia-button-center  avia-builder-el-16  avia-builder-el-no-sibling '>\n<style type=\"text\/css\" data-created_by=\"avia_inline_auto\" id=\"style-css-av-zev6h-0102091cf9a9cb923074282bda4e34c4\">\n#top #wrap_all .avia-button.av-zev6h-0102091cf9a9cb923074282bda4e34c4:hover{\ncolor:white;\ntransition:all 0.4s ease-in-out;\n}\n<\/style>\n<a href='https:\/\/translationteam.eu\/es\/traduccion-automatica-ta-posedicion-pe\/' class='avia-color-theme-color avia-font-color-theme-color avia-button avia-button-fullwidth av-zev6h-0102091cf9a9cb923074282bda4e34c4 avia-icon_select-no avia-color-theme-color'   aria-label=\"Traducci\u00f3n autom\u00e1tica TA \/ Posedici\u00f3n PE\"><span class='avia_iconbox_title' >Traducci\u00f3n autom\u00e1tica TA \/ Posedici\u00f3n PE<\/span><span class='avia_button_background avia-button avia-button-fullwidth avia-color-theme-color-highlight'><\/span><\/a><\/div><\/div><div  class='flex_column av-p21vt-e4ef06ddb8066d4d9710b0d5f5a2d471 av_one_fourth  avia-builder-el-17  el_after_av_one_fourth  el_before_av_one_fourth  flex_column_div  '     ><div  class='avia-button-wrap avia-button-center  avia-builder-el-18  avia-builder-el-no-sibling '>\n<style type=\"text\/css\" data-created_by=\"avia_inline_auto\" id=\"style-css-av-ioirl-2e4971aef80a9d21103d702d27e2d58c\">\n#top #wrap_all .avia-button.av-ioirl-2e4971aef80a9d21103d702d27e2d58c:hover{\ncolor:white;\ntransition:all 0.4s ease-in-out;\n}\n<\/style>\n<a href='https:\/\/translationteam.eu\/es\/localizacion\/' class='avia-color-theme-color avia-font-color-theme-color avia-button avia-button-fullwidth av-ioirl-2e4971aef80a9d21103d702d27e2d58c avia-icon_select-no avia-color-theme-color'   aria-label=\" Localizaci\u00f3n\"><span class='avia_iconbox_title' > Localizaci\u00f3n<\/span><span class='avia_button_background avia-button avia-button-fullwidth avia-color-theme-color-highlight'><\/span><\/a><\/div><\/div><div  class='flex_column av-eybqx-829c781f54704b8f83e0b019b610c568 av_one_fourth  avia-builder-el-19  el_after_av_one_fourth  avia-builder-el-last  flex_column_div  '     ><div  class='avia-button-wrap avia-button-center  avia-builder-el-20  avia-builder-el-no-sibling '>\n<style type=\"text\/css\" data-created_by=\"avia_inline_auto\" id=\"style-css-av-8kysx-d308a8adde868313323bbc32d2b6e5b1\">\n#top #wrap_all .avia-button.av-8kysx-d308a8adde868313323bbc32d2b6e5b1:hover{\ncolor:white;\ntransition:all 0.4s ease-in-out;\n}\n<\/style>\n<a href='https:\/\/translationteam.eu\/es\/revision-proofreading\/' class='avia-color-theme-color avia-font-color-theme-color avia-button avia-button-fullwidth av-8kysx-d308a8adde868313323bbc32d2b6e5b1 avia-icon_select-no avia-color-theme-color'   aria-label=\"Revisi\u00f3n\/Proofreading\"><span class='avia_iconbox_title' >Revisi\u00f3n\/Proofreading<\/span><span class='avia_button_background avia-button avia-button-fullwidth avia-color-theme-color-highlight'><\/span><\/a><\/div><\/div><\/div><\/div><\/div><!-- close content main div --><\/div><\/div><div id='after_section_2'  class='main_color av_default_container_wrap container_wrap sidebar_right'  ><div class='container av-section-cont-open' ><div class='template-page content  av-content-small alpha units'><div class='post-entry post-entry-type-page post-entry-2105'><div class='entry-content-wrapper clearfix'>\n","protected":false},"excerpt":{"rendered":"","protected":false},"author":2,"featured_media":0,"parent":0,"menu_order":0,"comment_status":"closed","ping_status":"closed","template":"","meta":{"footnotes":""},"class_list":["post-2105","page","type-page","status-publish","hentry"],"yoast_head":"<!-- This site is optimized with the Yoast SEO plugin v24.3 - https:\/\/yoast.com\/wordpress\/plugins\/seo\/ -->\n<title>Traducciones Juradas - Translationteam<\/title>\n<meta name=\"description\" content=\"Beeidigte \u00dcbersetzungen - \u00fcbersetzt und beeidigt werden Dokumente wie pers\u00f6nliche Urkunden oder auch juristische Dokumente.\" \/>\n<meta name=\"robots\" content=\"index, follow, max-snippet:-1, max-image-preview:large, max-video-preview:-1\" \/>\n<link rel=\"canonical\" href=\"https:\/\/translationteam.eu\/es\/traducciones-juradas\/\" \/>\n<meta property=\"og:locale\" content=\"es_ES\" \/>\n<meta property=\"og:type\" content=\"article\" \/>\n<meta property=\"og:title\" content=\"Traducciones Juradas - Translationteam\" \/>\n<meta property=\"og:description\" content=\"Beeidigte \u00dcbersetzungen - \u00fcbersetzt und beeidigt werden Dokumente wie pers\u00f6nliche Urkunden oder auch juristische Dokumente.\" \/>\n<meta property=\"og:url\" content=\"https:\/\/translationteam.eu\/es\/traducciones-juradas\/\" \/>\n<meta property=\"og:site_name\" content=\"Translationteam\" \/>\n<meta property=\"article:modified_time\" content=\"2024-11-06T13:52:21+00:00\" \/>\n<meta name=\"twitter:card\" content=\"summary_large_image\" \/>\n<meta name=\"twitter:label1\" content=\"Tiempo de lectura\" \/>\n\t<meta name=\"twitter:data1\" content=\"1 minuto\" \/>\n<script type=\"application\/ld+json\" class=\"yoast-schema-graph\">{\"@context\":\"https:\/\/schema.org\",\"@graph\":[{\"@type\":\"WebPage\",\"@id\":\"https:\/\/translationteam.eu\/es\/traducciones-juradas\/\",\"url\":\"https:\/\/translationteam.eu\/es\/traducciones-juradas\/\",\"name\":\"Traducciones Juradas - Translationteam\",\"isPartOf\":{\"@id\":\"https:\/\/translationteam.eu\/#website\"},\"datePublished\":\"2024-11-05T09:23:25+00:00\",\"dateModified\":\"2024-11-06T13:52:21+00:00\",\"description\":\"Beeidigte \u00dcbersetzungen - \u00fcbersetzt und beeidigt werden Dokumente wie pers\u00f6nliche Urkunden oder auch juristische Dokumente.\",\"breadcrumb\":{\"@id\":\"https:\/\/translationteam.eu\/es\/traducciones-juradas\/#breadcrumb\"},\"inLanguage\":\"es\",\"potentialAction\":[{\"@type\":\"ReadAction\",\"target\":[\"https:\/\/translationteam.eu\/es\/traducciones-juradas\/\"]}]},{\"@type\":\"BreadcrumbList\",\"@id\":\"https:\/\/translationteam.eu\/es\/traducciones-juradas\/#breadcrumb\",\"itemListElement\":[{\"@type\":\"ListItem\",\"position\":1,\"name\":\"Startseite\",\"item\":\"https:\/\/translationteam.eu\/es\/home\/\"},{\"@type\":\"ListItem\",\"position\":2,\"name\":\"Traducciones Juradas\"}]},{\"@type\":\"WebSite\",\"@id\":\"https:\/\/translationteam.eu\/#website\",\"url\":\"https:\/\/translationteam.eu\/\",\"name\":\"Translationteam\",\"description\":\"\u00d6ffentlich bestellte und beeidigte Urkunden\u00fcbersetzerin\",\"potentialAction\":[{\"@type\":\"SearchAction\",\"target\":{\"@type\":\"EntryPoint\",\"urlTemplate\":\"https:\/\/translationteam.eu\/?s={search_term_string}\"},\"query-input\":{\"@type\":\"PropertyValueSpecification\",\"valueRequired\":true,\"valueName\":\"search_term_string\"}}],\"inLanguage\":\"es\"}]}<\/script>\n<!-- \/ Yoast SEO plugin. -->","yoast_head_json":{"title":"Traducciones Juradas - Translationteam","description":"Beeidigte \u00dcbersetzungen - \u00fcbersetzt und beeidigt werden Dokumente wie pers\u00f6nliche Urkunden oder auch juristische Dokumente.","robots":{"index":"index","follow":"follow","max-snippet":"max-snippet:-1","max-image-preview":"max-image-preview:large","max-video-preview":"max-video-preview:-1"},"canonical":"https:\/\/translationteam.eu\/es\/traducciones-juradas\/","og_locale":"es_ES","og_type":"article","og_title":"Traducciones Juradas - Translationteam","og_description":"Beeidigte \u00dcbersetzungen - \u00fcbersetzt und beeidigt werden Dokumente wie pers\u00f6nliche Urkunden oder auch juristische Dokumente.","og_url":"https:\/\/translationteam.eu\/es\/traducciones-juradas\/","og_site_name":"Translationteam","article_modified_time":"2024-11-06T13:52:21+00:00","twitter_card":"summary_large_image","twitter_misc":{"Tiempo de lectura":"1 minuto"},"schema":{"@context":"https:\/\/schema.org","@graph":[{"@type":"WebPage","@id":"https:\/\/translationteam.eu\/es\/traducciones-juradas\/","url":"https:\/\/translationteam.eu\/es\/traducciones-juradas\/","name":"Traducciones Juradas - Translationteam","isPartOf":{"@id":"https:\/\/translationteam.eu\/#website"},"datePublished":"2024-11-05T09:23:25+00:00","dateModified":"2024-11-06T13:52:21+00:00","description":"Beeidigte \u00dcbersetzungen - \u00fcbersetzt und beeidigt werden Dokumente wie pers\u00f6nliche Urkunden oder auch juristische Dokumente.","breadcrumb":{"@id":"https:\/\/translationteam.eu\/es\/traducciones-juradas\/#breadcrumb"},"inLanguage":"es","potentialAction":[{"@type":"ReadAction","target":["https:\/\/translationteam.eu\/es\/traducciones-juradas\/"]}]},{"@type":"BreadcrumbList","@id":"https:\/\/translationteam.eu\/es\/traducciones-juradas\/#breadcrumb","itemListElement":[{"@type":"ListItem","position":1,"name":"Startseite","item":"https:\/\/translationteam.eu\/es\/home\/"},{"@type":"ListItem","position":2,"name":"Traducciones Juradas"}]},{"@type":"WebSite","@id":"https:\/\/translationteam.eu\/#website","url":"https:\/\/translationteam.eu\/","name":"Translationteam","description":"\u00d6ffentlich bestellte und beeidigte Urkunden\u00fcbersetzerin","potentialAction":[{"@type":"SearchAction","target":{"@type":"EntryPoint","urlTemplate":"https:\/\/translationteam.eu\/?s={search_term_string}"},"query-input":{"@type":"PropertyValueSpecification","valueRequired":true,"valueName":"search_term_string"}}],"inLanguage":"es"}]}},"_links":{"self":[{"href":"https:\/\/translationteam.eu\/es\/wp-json\/wp\/v2\/pages\/2105","targetHints":{"allow":["GET"]}}],"collection":[{"href":"https:\/\/translationteam.eu\/es\/wp-json\/wp\/v2\/pages"}],"about":[{"href":"https:\/\/translationteam.eu\/es\/wp-json\/wp\/v2\/types\/page"}],"author":[{"embeddable":true,"href":"https:\/\/translationteam.eu\/es\/wp-json\/wp\/v2\/users\/2"}],"replies":[{"embeddable":true,"href":"https:\/\/translationteam.eu\/es\/wp-json\/wp\/v2\/comments?post=2105"}],"version-history":[{"count":7,"href":"https:\/\/translationteam.eu\/es\/wp-json\/wp\/v2\/pages\/2105\/revisions"}],"predecessor-version":[{"id":2379,"href":"https:\/\/translationteam.eu\/es\/wp-json\/wp\/v2\/pages\/2105\/revisions\/2379"}],"wp:attachment":[{"href":"https:\/\/translationteam.eu\/es\/wp-json\/wp\/v2\/media?parent=2105"}],"curies":[{"name":"wp","href":"https:\/\/api.w.org\/{rel}","templated":true}]}}