{"id":2108,"date":"2024-11-05T10:24:30","date_gmt":"2024-11-05T09:24:30","guid":{"rendered":"https:\/\/translationteam.eu\/datenschutzerklaerung\/"},"modified":"2024-11-07T11:48:32","modified_gmt":"2024-11-07T10:48:32","slug":"politica-de-proteccion-de-datos","status":"publish","type":"page","link":"https:\/\/translationteam.eu\/es\/politica-de-proteccion-de-datos\/","title":{"rendered":"Pol\u00edtica de protecci\u00f3n de datos"},"content":{"rendered":"<div  class='flex_column av-57qf-bbd5474f0a140161198946888e309f67 av_one_full  avia-builder-el-0  avia-builder-el-no-sibling  first flex_column_div  '     ><p>\n<style type=\"text\/css\" data-created_by=\"avia_inline_auto\" id=\"style-css-av-kupdlnvf-8e3c68f81249585782099b5b2d1af965\">\n#top .av-special-heading.av-kupdlnvf-8e3c68f81249585782099b5b2d1af965{\npadding-bottom:10px;\n}\nbody .av-special-heading.av-kupdlnvf-8e3c68f81249585782099b5b2d1af965 .av-special-heading-tag .heading-char{\nfont-size:25px;\n}\n.av-special-heading.av-kupdlnvf-8e3c68f81249585782099b5b2d1af965 .av-subheading{\nfont-size:15px;\n}\n<\/style>\n<div  class='av-special-heading av-kupdlnvf-8e3c68f81249585782099b5b2d1af965 av-special-heading-h3  avia-builder-el-1  el_before_av_textblock  avia-builder-el-first '><h3 class='av-special-heading-tag '  itemprop=\"headline\"  >Pol\u00edtica de protecci\u00f3n de datos<\/h3><div class=\"special-heading-border\"><div class=\"special-heading-inner-border\"><\/div><\/div><\/div><br \/>\n<section  class='av_textblock_section av-2lmx-a2c4ef7066d3d38cc2bdbcab707df64c '   itemscope=\"itemscope\" itemtype=\"https:\/\/schema.org\/CreativeWork\" ><div class='avia_textblock'  itemprop=\"text\" ><p>Qui\u00e9nes somos<br \/>\nTranslation Team<\/p>\n<p>Claudia H\u00e4ndel<br \/>\n74337 Sachsenheim<br \/>\n+49 176 1032 7473<\/p>\n<p><strong>Formularios de contacto<\/strong><\/p>\n<p>No utilizamos formularios de contacto en el sitio web.<\/p>\n<p><strong>Cookies<\/strong><\/p>\n<p>No utilizamos cookies.<\/p>\n<p><strong>Servicios de an\u00e1lisis<\/strong><\/p>\n<p>No utilizamos servicios de an\u00e1lisis.<\/p>\n<\/div><\/section><\/p><\/div>\n","protected":false},"excerpt":{"rendered":"","protected":false},"author":1,"featured_media":0,"parent":0,"menu_order":0,"comment_status":"closed","ping_status":"closed","template":"","meta":{"footnotes":""},"class_list":["post-2108","page","type-page","status-publish","hentry"],"yoast_head":"<!-- This site is optimized with the Yoast SEO plugin v24.3 - https:\/\/yoast.com\/wordpress\/plugins\/seo\/ -->\n<title>Pol\u00edtica de protecci\u00f3n de datos - Translationteam<\/title>\n<meta name=\"description\" content=\"Datenschutzerkl\u00e4rung - Translationteam, Claudia H\u00e4ndel - Freiberufliche \u00dcbersetzerin, , Ausgangssprachen: Englisch, Spanisch, Franz\u00f6sisch.\" \/>\n<meta name=\"robots\" content=\"index, follow, max-snippet:-1, max-image-preview:large, max-video-preview:-1\" \/>\n<link rel=\"canonical\" href=\"https:\/\/translationteam.eu\/datenschutzerklaerung\/\" \/>\n<meta property=\"og:locale\" content=\"es_ES\" \/>\n<meta property=\"og:type\" content=\"article\" \/>\n<meta property=\"og:title\" content=\"Pol\u00edtica de protecci\u00f3n de datos - Translationteam\" \/>\n<meta property=\"og:description\" content=\"Datenschutzerkl\u00e4rung - Translationteam, Claudia H\u00e4ndel - Freiberufliche \u00dcbersetzerin, , Ausgangssprachen: Englisch, Spanisch, Franz\u00f6sisch.\" \/>\n<meta property=\"og:url\" content=\"https:\/\/translationteam.eu\/datenschutzerklaerung\/\" \/>\n<meta property=\"og:site_name\" content=\"Translationteam\" \/>\n<meta property=\"article:modified_time\" content=\"2024-11-07T10:48:32+00:00\" \/>\n<meta name=\"twitter:card\" content=\"summary_large_image\" \/>\n<meta name=\"twitter:label1\" content=\"Tiempo de lectura\" \/>\n\t<meta name=\"twitter:data1\" content=\"1 minuto\" \/>\n<script type=\"application\/ld+json\" class=\"yoast-schema-graph\">{\"@context\":\"https:\/\/schema.org\",\"@graph\":[{\"@type\":\"WebPage\",\"@id\":\"https:\/\/translationteam.eu\/datenschutzerklaerung\/\",\"url\":\"https:\/\/translationteam.eu\/datenschutzerklaerung\/\",\"name\":\"Pol\u00edtica de protecci\u00f3n de datos - Translationteam\",\"isPartOf\":{\"@id\":\"https:\/\/translationteam.eu\/#website\"},\"datePublished\":\"2024-11-05T09:24:30+00:00\",\"dateModified\":\"2024-11-07T10:48:32+00:00\",\"description\":\"Datenschutzerkl\u00e4rung - Translationteam, Claudia H\u00e4ndel - Freiberufliche \u00dcbersetzerin, , Ausgangssprachen: Englisch, Spanisch, Franz\u00f6sisch.\",\"breadcrumb\":{\"@id\":\"https:\/\/translationteam.eu\/datenschutzerklaerung\/#breadcrumb\"},\"inLanguage\":\"es\",\"potentialAction\":[{\"@type\":\"ReadAction\",\"target\":[\"https:\/\/translationteam.eu\/datenschutzerklaerung\/\"]}]},{\"@type\":\"BreadcrumbList\",\"@id\":\"https:\/\/translationteam.eu\/datenschutzerklaerung\/#breadcrumb\",\"itemListElement\":[{\"@type\":\"ListItem\",\"position\":1,\"name\":\"Startseite\",\"item\":\"https:\/\/translationteam.eu\/es\/home\/\"},{\"@type\":\"ListItem\",\"position\":2,\"name\":\"Pol\u00edtica de protecci\u00f3n de datos\"}]},{\"@type\":\"WebSite\",\"@id\":\"https:\/\/translationteam.eu\/#website\",\"url\":\"https:\/\/translationteam.eu\/\",\"name\":\"Translationteam\",\"description\":\"\u00d6ffentlich bestellte und beeidigte Urkunden\u00fcbersetzerin\",\"potentialAction\":[{\"@type\":\"SearchAction\",\"target\":{\"@type\":\"EntryPoint\",\"urlTemplate\":\"https:\/\/translationteam.eu\/?s={search_term_string}\"},\"query-input\":{\"@type\":\"PropertyValueSpecification\",\"valueRequired\":true,\"valueName\":\"search_term_string\"}}],\"inLanguage\":\"es\"}]}<\/script>\n<!-- \/ Yoast SEO plugin. -->","yoast_head_json":{"title":"Pol\u00edtica de protecci\u00f3n de datos - Translationteam","description":"Datenschutzerkl\u00e4rung - Translationteam, Claudia H\u00e4ndel - Freiberufliche \u00dcbersetzerin, , Ausgangssprachen: Englisch, Spanisch, Franz\u00f6sisch.","robots":{"index":"index","follow":"follow","max-snippet":"max-snippet:-1","max-image-preview":"max-image-preview:large","max-video-preview":"max-video-preview:-1"},"canonical":"https:\/\/translationteam.eu\/datenschutzerklaerung\/","og_locale":"es_ES","og_type":"article","og_title":"Pol\u00edtica de protecci\u00f3n de datos - Translationteam","og_description":"Datenschutzerkl\u00e4rung - Translationteam, Claudia H\u00e4ndel - Freiberufliche \u00dcbersetzerin, , Ausgangssprachen: Englisch, Spanisch, Franz\u00f6sisch.","og_url":"https:\/\/translationteam.eu\/datenschutzerklaerung\/","og_site_name":"Translationteam","article_modified_time":"2024-11-07T10:48:32+00:00","twitter_card":"summary_large_image","twitter_misc":{"Tiempo de lectura":"1 minuto"},"schema":{"@context":"https:\/\/schema.org","@graph":[{"@type":"WebPage","@id":"https:\/\/translationteam.eu\/datenschutzerklaerung\/","url":"https:\/\/translationteam.eu\/datenschutzerklaerung\/","name":"Pol\u00edtica de protecci\u00f3n de datos - Translationteam","isPartOf":{"@id":"https:\/\/translationteam.eu\/#website"},"datePublished":"2024-11-05T09:24:30+00:00","dateModified":"2024-11-07T10:48:32+00:00","description":"Datenschutzerkl\u00e4rung - Translationteam, Claudia H\u00e4ndel - Freiberufliche \u00dcbersetzerin, , Ausgangssprachen: Englisch, Spanisch, Franz\u00f6sisch.","breadcrumb":{"@id":"https:\/\/translationteam.eu\/datenschutzerklaerung\/#breadcrumb"},"inLanguage":"es","potentialAction":[{"@type":"ReadAction","target":["https:\/\/translationteam.eu\/datenschutzerklaerung\/"]}]},{"@type":"BreadcrumbList","@id":"https:\/\/translationteam.eu\/datenschutzerklaerung\/#breadcrumb","itemListElement":[{"@type":"ListItem","position":1,"name":"Startseite","item":"https:\/\/translationteam.eu\/es\/home\/"},{"@type":"ListItem","position":2,"name":"Pol\u00edtica de protecci\u00f3n de datos"}]},{"@type":"WebSite","@id":"https:\/\/translationteam.eu\/#website","url":"https:\/\/translationteam.eu\/","name":"Translationteam","description":"\u00d6ffentlich bestellte und beeidigte Urkunden\u00fcbersetzerin","potentialAction":[{"@type":"SearchAction","target":{"@type":"EntryPoint","urlTemplate":"https:\/\/translationteam.eu\/?s={search_term_string}"},"query-input":{"@type":"PropertyValueSpecification","valueRequired":true,"valueName":"search_term_string"}}],"inLanguage":"es"}]}},"_links":{"self":[{"href":"https:\/\/translationteam.eu\/es\/wp-json\/wp\/v2\/pages\/2108","targetHints":{"allow":["GET"]}}],"collection":[{"href":"https:\/\/translationteam.eu\/es\/wp-json\/wp\/v2\/pages"}],"about":[{"href":"https:\/\/translationteam.eu\/es\/wp-json\/wp\/v2\/types\/page"}],"author":[{"embeddable":true,"href":"https:\/\/translationteam.eu\/es\/wp-json\/wp\/v2\/users\/1"}],"replies":[{"embeddable":true,"href":"https:\/\/translationteam.eu\/es\/wp-json\/wp\/v2\/comments?post=2108"}],"version-history":[{"count":2,"href":"https:\/\/translationteam.eu\/es\/wp-json\/wp\/v2\/pages\/2108\/revisions"}],"predecessor-version":[{"id":2368,"href":"https:\/\/translationteam.eu\/es\/wp-json\/wp\/v2\/pages\/2108\/revisions\/2368"}],"wp:attachment":[{"href":"https:\/\/translationteam.eu\/es\/wp-json\/wp\/v2\/media?parent=2108"}],"curies":[{"name":"wp","href":"https:\/\/api.w.org\/{rel}","templated":true}]}}