{"id":2116,"date":"2024-11-05T10:27:30","date_gmt":"2024-11-05T09:27:30","guid":{"rendered":"https:\/\/translationteam.eu\/automobil-2\/"},"modified":"2024-11-06T14:36:21","modified_gmt":"2024-11-06T13:36:21","slug":"automocion","status":"publish","type":"page","link":"https:\/\/translationteam.eu\/es\/automocion\/","title":{"rendered":"Automoci\u00f3n"},"content":{"rendered":"<div id='layer_slider_1'  class='avia-layerslider main_color avia-shadow  avia-builder-el-0  el_before_av_section  avia-builder-el-first  container_wrap sidebar_right'  style='height: 822px; max-width: 2000px; margin: 0 auto;'  ><\/div>\n\n<style type=\"text\/css\" data-created_by=\"avia_inline_auto\" id=\"style-css-av-kk2kceho-255ab1ee4c13a51b06b6687c61b7c11e\">\n.avia-section.av-kk2kceho-255ab1ee4c13a51b06b6687c61b7c11e{\nbackground-color:#d4dee1;\nbackground-image:unset;\n}\n<\/style>\n<div id='av_section_1'  class='avia-section av-kk2kceho-255ab1ee4c13a51b06b6687c61b7c11e main_color avia-section-default avia-no-border-styling  avia-builder-el-1  el_after_av_layerslider  el_before_av_section  avia-bg-style-scroll container_wrap sidebar_right'  ><div class='container av-section-cont-open' ><div class='template-page content  av-content-small alpha units'><div class='post-entry post-entry-type-page post-entry-2116'><div class='entry-content-wrapper clearfix'>\n\n<style type=\"text\/css\" data-created_by=\"avia_inline_auto\" id=\"style-css-av-kugupzco-a0f17fb12d6580c070f327dd39831376\">\n#top .av-special-heading.av-kugupzco-a0f17fb12d6580c070f327dd39831376{\npadding-bottom:10px;\n}\nbody .av-special-heading.av-kugupzco-a0f17fb12d6580c070f327dd39831376 .av-special-heading-tag .heading-char{\nfont-size:25px;\n}\n.av-special-heading.av-kugupzco-a0f17fb12d6580c070f327dd39831376 .av-subheading{\nfont-size:15px;\n}\n<\/style>\n<div  class='av-special-heading av-kugupzco-a0f17fb12d6580c070f327dd39831376 av-special-heading-h1 blockquote modern-quote modern-centered  avia-builder-el-2  avia-builder-el-no-sibling '><h1 class='av-special-heading-tag '  itemprop=\"headline\"  >AUTOMOCI\u00d3N<\/h1><div class=\"special-heading-border\"><div class=\"special-heading-inner-border\"><\/div><\/div><\/div>\n\n<\/div><\/div><\/div><!-- close content main div --><\/div><\/div>\n<style type=\"text\/css\" data-created_by=\"avia_inline_auto\" id=\"style-css-av-fvi7p-529ac436f34c201590793e432fb8ba99\">\n.avia-section.av-fvi7p-529ac436f34c201590793e432fb8ba99{\nbackground-color:#e9eef0;\nbackground-image:unset;\n}\n<\/style>\n<div id='av_section_2'  class='avia-section av-fvi7p-529ac436f34c201590793e432fb8ba99 main_color avia-section-default avia-no-border-styling  avia-builder-el-3  el_after_av_section  el_before_av_section  avia-bg-style-scroll container_wrap sidebar_right'  ><div class='container av-section-cont-open' ><div class='template-page content  av-content-small alpha units'><div class='post-entry post-entry-type-page post-entry-2116'><div class='entry-content-wrapper clearfix'>\n<section  class='av_textblock_section av-kugyr8sz-ce0f756ca09d83caed6aa94106795bce '   itemscope=\"itemscope\" itemtype=\"https:\/\/schema.org\/CreativeWork\" ><div class='avia_textblock'  itemprop=\"text\" ><p style=\"text-align: center;\">Autom\u00f3vil: una palabra que tiene su origen en el t\u00e9rmino franc\u00e9s \u00abvoiture automobile\u00bb, utilizado a finales del siglo XIX para designar un tranv\u00eda propulsado por aire comprimido. Se utilizaba para distinguir los veh\u00edculos que se mov\u00edan \u00abpor s\u00ed mismos\u00bb de los carros tirados por caballos.<br \/>\nDesde entonces, la tecnolog\u00eda ha evolucionado r\u00e1pidamente. Los sistemas de informaci\u00f3n y entretenimiento sofisticados, los coches el\u00e9ctricos con c\u00e9lulas solares, los sensores 3D LiDAR para una visi\u00f3n panor\u00e1mica del veh\u00edculo y los sistemas inal\u00e1mbricos de gesti\u00f3n de la bater\u00eda son innovaciones que representan el futuro.<\/p>\n<\/div><\/section>\n\n<style type=\"text\/css\" data-created_by=\"avia_inline_auto\" id=\"style-css-av-kugy1wqj-6a09cb17ccae03106993cbe01880d749\">\n#top .av-special-heading.av-kugy1wqj-6a09cb17ccae03106993cbe01880d749{\npadding-bottom:10px;\n}\nbody .av-special-heading.av-kugy1wqj-6a09cb17ccae03106993cbe01880d749 .av-special-heading-tag .heading-char{\nfont-size:25px;\n}\n.av-special-heading.av-kugy1wqj-6a09cb17ccae03106993cbe01880d749 .av-subheading{\nfont-size:15px;\n}\n<\/style>\n<div  class='av-special-heading av-kugy1wqj-6a09cb17ccae03106993cbe01880d749 av-special-heading-h3 blockquote modern-quote modern-centered  avia-builder-el-5  el_after_av_textblock  avia-builder-el-last '><h3 class='av-special-heading-tag '  itemprop=\"headline\"  >Patentes l Reivindicaciones de patentes l Litigios de patentes l Manuales l Instrucciones de uso<\/h3><div class=\"special-heading-border\"><div class=\"special-heading-inner-border\"><\/div><\/div><\/div>\n\n<\/div><\/div><\/div><!-- close content main div --><\/div><\/div>\n<style type=\"text\/css\" data-created_by=\"avia_inline_auto\" id=\"style-css-av-kugzqkn6-a321b5058a0e18234fef9f8c3da1f2bc\">\n.avia-section.av-kugzqkn6-a321b5058a0e18234fef9f8c3da1f2bc .av-parallax .av-parallax-inner{\nbackground-color:#d4dee1;\nbackground-image:url(https:\/\/translationteam.eu\/wp-content\/uploads\/2021\/10\/automobil_breit.jpg);\nbackground-repeat:no-repeat;\nbackground-position:0% 0%;\nbackground-attachment:scroll;\n}\n<\/style>\n<div id='av_section_3'  class='avia-section av-kugzqkn6-a321b5058a0e18234fef9f8c3da1f2bc main_color avia-section-default avia-no-border-styling  avia-builder-el-6  el_after_av_section  el_before_av_section  av-parallax-section avia-bg-style-parallax container_wrap sidebar_right'  data-section-bg-repeat='no-repeat'><div class='av-parallax' data-avia-parallax-ratio='0.3' ><div class='av-parallax-inner main_color avia-full-stretch'><\/div><\/div><div class='container av-section-cont-open' ><div class='template-page content  av-content-small alpha units'><div class='post-entry post-entry-type-page post-entry-2116'><div class='entry-content-wrapper clearfix'>\n\n<style type=\"text\/css\" data-created_by=\"avia_inline_auto\" id=\"style-css-av-kwxlccok-b12f99a547e7fcfcfd48ecb1d8a77403\">\n#top .av-special-heading.av-kwxlccok-b12f99a547e7fcfcfd48ecb1d8a77403{\npadding-bottom:0;\ncolor:#ffffff;\n}\nbody .av-special-heading.av-kwxlccok-b12f99a547e7fcfcfd48ecb1d8a77403 .av-special-heading-tag .heading-char{\nfont-size:25px;\n}\n.av-special-heading.av-kwxlccok-b12f99a547e7fcfcfd48ecb1d8a77403 .special-heading-inner-border{\nborder-color:#ffffff;\n}\n.av-special-heading.av-kwxlccok-b12f99a547e7fcfcfd48ecb1d8a77403 .av-subheading{\nfont-size:15px;\n}\n<\/style>\n<div  class='av-special-heading av-kwxlccok-b12f99a547e7fcfcfd48ecb1d8a77403 av-special-heading-h3 custom-color-heading blockquote modern-quote modern-centered  avia-builder-el-7  el_before_av_one_third  avia-builder-el-first  headline-spacer'><h3 class='av-special-heading-tag '  itemprop=\"headline\"  >Veh\u00edculos el\u00e9ctricos e h\u00edbridos I Software para autom\u00f3viles I Sistemas de infoentretenimiento I Sistemas de navegaci\u00f3n I Sistemas de sensores I Sistemas de refrigeraci\u00f3n I Componentes modulares I Documentos de servicio I Instrucciones de uso<\/h3><div class=\"special-heading-border\"><div class=\"special-heading-inner-border\"><\/div><\/div><\/div>\n<div  class='flex_column av-10kzf8-2ebc7da96db549688541efc4541ae928 av_one_third  avia-builder-el-8  el_after_av_heading  el_before_av_one_third  first flex_column_div  '     ><\/div><div  class='flex_column av-tezm4-3171fbbe8e34ac1ab9ac589f558936d8 av_one_third  avia-builder-el-9  el_after_av_one_third  el_before_av_one_third  flex_column_div  '     ><p>\n<style type=\"text\/css\" data-created_by=\"avia_inline_auto\" id=\"style-css-av-kuies1tn-6c530e77574660278735abb930acc105\">\n#top .av_textblock_section.av-kuies1tn-6c530e77574660278735abb930acc105 .avia_textblock{\ncolor:#ffffff;\n}\n<\/style>\n<section  class='av_textblock_section av-kuies1tn-6c530e77574660278735abb930acc105 '   itemscope=\"itemscope\" itemtype=\"https:\/\/schema.org\/CreativeWork\" ><div class='avia_textblock av_inherit_color'  itemprop=\"text\" ><\/div><\/section><br \/>\n\n<style type=\"text\/css\" data-created_by=\"avia_inline_auto\" id=\"style-css-av-kuiert9d-15c673ee10ecd62507ac382d9f489934\">\n#top .av_textblock_section.av-kuiert9d-15c673ee10ecd62507ac382d9f489934 .avia_textblock{\ncolor:#ffffff;\n}\n<\/style>\n<section  class='av_textblock_section av-kuiert9d-15c673ee10ecd62507ac382d9f489934 '   itemscope=\"itemscope\" itemtype=\"https:\/\/schema.org\/CreativeWork\" ><div class='avia_textblock av_inherit_color'  itemprop=\"text\" ><p style=\"text-align: center;\"><strong>Marcas<\/strong><\/p>\n<p style=\"text-align: center;\">Jaguar, McLaren, SEAT<\/p>\n<\/div><\/section><\/p><\/div><div  class='flex_column av-dqwik-882d99251a6b648de32c9c2b72bb8ca3 av_one_third  avia-builder-el-12  el_after_av_one_third  avia-builder-el-last  flex_column_div  '     ><style type=\"text\/css\" data-created_by=\"avia_inline_auto\" id=\"style-css-av-7ohv0-215707ad7559e69dea982168385f2880\">\n#top .av_textblock_section.av-7ohv0-215707ad7559e69dea982168385f2880 .avia_textblock{\ncolor:#ffffff;\n}\n<\/style>\n<section  class='av_textblock_section av-7ohv0-215707ad7559e69dea982168385f2880 '   itemscope=\"itemscope\" itemtype=\"https:\/\/schema.org\/CreativeWork\" ><div class='avia_textblock av_inherit_color'  itemprop=\"text\" ><\/div><\/section><\/div>\n\n<\/div><\/div><\/div><!-- close content main div --><\/div><\/div><div id='av_section_4'  class='avia-section av-1w8htp-ac2295690c88aa774aa15973ccd91a05 main_color avia-section-default avia-no-border-styling  avia-builder-el-14  el_after_av_section  avia-builder-el-last  avia-bg-style-scroll container_wrap sidebar_right'  ><div class='container av-section-cont-open' ><div class='template-page content  av-content-small alpha units'><div class='post-entry post-entry-type-page post-entry-2116'><div class='entry-content-wrapper clearfix'>\n<div  class='flex_column av-1ssf05-6e6310f16d76714364256d55faea4f16 av_one_fifth  avia-builder-el-15  el_before_av_one_fifth  avia-builder-el-first  first flex_column_div  '     ><style type=\"text\/css\" data-created_by=\"avia_inline_auto\" id=\"style-css-av-1ii8m5-bf6503ccba3f1f0ad62efd124904f062\">\n.avia-image-container.av-1ii8m5-bf6503ccba3f1f0ad62efd124904f062 img.avia_image{\nbox-shadow:none;\n}\n.avia-image-container.av-1ii8m5-bf6503ccba3f1f0ad62efd124904f062 .av-image-caption-overlay-center{\ncolor:#ffffff;\n}\n<\/style>\n<div  class='avia-image-container av-1ii8m5-bf6503ccba3f1f0ad62efd124904f062 av-styling- av-img-linked avia-align-center  avia-builder-el-16  avia-builder-el-no-sibling '   itemprop=\"image\" itemscope=\"itemscope\" itemtype=\"https:\/\/schema.org\/ImageObject\" ><div class=\"avia-image-container-inner\"><div class=\"avia-image-overlay-wrap\"><a href=\"https:\/\/translationteam.eu\/es\/ciencias-de-la-vida\/\" class='avia_image '  aria-label='ES_sciences'><img decoding=\"async\" fetchpriority=\"high\" class='wp-image-2202 avia-img-lazy-loading-not-2202 avia_image ' src=\"https:\/\/translationteam.eu\/wp-content\/uploads\/2024\/11\/ES_sciences.png\" alt='' title='ES_sciences'  height=\"66\" width=\"206\"  itemprop=\"thumbnailUrl\"  \/><\/a><\/div><\/div><\/div><\/div><div  class='flex_column av-1ehxed-a349e82b8d54e3ee3da10004c862d6fa av_one_fifth  avia-builder-el-17  el_after_av_one_fifth  el_before_av_one_fifth  flex_column_div  '     ><style type=\"text\/css\" data-created_by=\"avia_inline_auto\" id=\"style-css-av-17tunh-f63cac3daaeb98e9267db136a2aa9bc9\">\n.avia-image-container.av-17tunh-f63cac3daaeb98e9267db136a2aa9bc9 img.avia_image{\nbox-shadow:none;\n}\n.avia-image-container.av-17tunh-f63cac3daaeb98e9267db136a2aa9bc9 .av-image-caption-overlay-center{\ncolor:#ffffff;\n}\n<\/style>\n<div  class='avia-image-container av-17tunh-f63cac3daaeb98e9267db136a2aa9bc9 av-styling- av-img-linked avia-align-center  avia-builder-el-18  avia-builder-el-no-sibling '   itemprop=\"image\" itemscope=\"itemscope\" itemtype=\"https:\/\/schema.org\/ImageObject\" ><div class=\"avia-image-container-inner\"><div class=\"avia-image-overlay-wrap\"><a href=\"https:\/\/translationteam.eu\/es\/pi-propiedad-intelectual-patentes\/\" class='avia_image '  aria-label='ES_PI'><img decoding=\"async\" fetchpriority=\"high\" class='wp-image-2219 avia-img-lazy-loading-not-2219 avia_image ' src=\"https:\/\/translationteam.eu\/wp-content\/uploads\/2024\/11\/ES_PI.png\" alt='' title='ES_PI'  height=\"66\" width=\"206\"  itemprop=\"thumbnailUrl\"  \/><\/a><\/div><\/div><\/div><\/div><div  class='flex_column av-139ndx-d67653aeb6ed428d0c8892cf0c2f1b47 av_one_fifth  avia-builder-el-19  el_after_av_one_fifth  el_before_av_one_fifth  flex_column_div  '     ><style type=\"text\/css\" data-created_by=\"avia_inline_auto\" id=\"style-css-av-y0431-694a42c8340cf87c9c4d683f92abed94\">\n.avia-image-container.av-y0431-694a42c8340cf87c9c4d683f92abed94 img.avia_image{\nbox-shadow:none;\n}\n.avia-image-container.av-y0431-694a42c8340cf87c9c4d683f92abed94 .av-image-caption-overlay-center{\ncolor:#ffffff;\n}\n<\/style>\n<div  class='avia-image-container av-y0431-694a42c8340cf87c9c4d683f92abed94 av-styling- av-img-linked avia-align-center  avia-builder-el-20  avia-builder-el-no-sibling '   itemprop=\"image\" itemscope=\"itemscope\" itemtype=\"https:\/\/schema.org\/ImageObject\" ><div class=\"avia-image-container-inner\"><div class=\"avia-image-overlay-wrap\"><a href=\"https:\/\/translationteam.eu\/es\/naturaleza-y-medio-ambiente\/\" class='avia_image '  aria-label='ES_nature'><img decoding=\"async\" fetchpriority=\"high\" class='wp-image-2211 avia-img-lazy-loading-not-2211 avia_image ' src=\"https:\/\/translationteam.eu\/wp-content\/uploads\/2024\/11\/ES_nature.png\" alt='' title='ES_nature'  height=\"66\" width=\"206\"  itemprop=\"thumbnailUrl\"  \/><\/a><\/div><\/div><\/div><\/div><div  class='flex_column av-q0u9h-b59c1131778a5ad24d6ad869de4be3cc av_one_fifth  avia-builder-el-21  el_after_av_one_fifth  el_before_av_one_fifth  flex_column_div  '     ><style type=\"text\/css\" data-created_by=\"avia_inline_auto\" id=\"style-css-av-j8evp-780367d93c846858de651533b64885c0\">\n.avia-image-container.av-j8evp-780367d93c846858de651533b64885c0 img.avia_image{\nbox-shadow:none;\n}\n.avia-image-container.av-j8evp-780367d93c846858de651533b64885c0 .av-image-caption-overlay-center{\ncolor:#ffffff;\n}\n<\/style>\n<div  class='avia-image-container av-j8evp-780367d93c846858de651533b64885c0 av-styling- av-img-linked avia-align-center  avia-builder-el-22  avia-builder-el-no-sibling '   itemprop=\"image\" itemscope=\"itemscope\" itemtype=\"https:\/\/schema.org\/ImageObject\" ><div class=\"avia-image-container-inner\"><div class=\"avia-image-overlay-wrap\"><a href=\"https:\/\/translationteam.eu\/es\/tecnologias-de-la-informacion\/\" class='avia_image '  aria-label='ES_it'><img decoding=\"async\" fetchpriority=\"high\" class='wp-image-2215 avia-img-lazy-loading-not-2215 avia_image ' src=\"https:\/\/translationteam.eu\/wp-content\/uploads\/2024\/11\/ES_it-1.png\" alt='' title='ES_it'  height=\"66\" width=\"206\"  itemprop=\"thumbnailUrl\"  \/><\/a><\/div><\/div><\/div><\/div><div  class='flex_column av-h8hdh-b1e0799b81f0d9245ec08f6d2bd0bd8e av_one_fifth  avia-builder-el-23  el_after_av_one_fifth  avia-builder-el-last  flex_column_div  '     ><style type=\"text\/css\" data-created_by=\"avia_inline_auto\" id=\"style-css-av-40h1-fbbef165a970079010ab4cef859a2cf5\">\n.avia-image-container.av-40h1-fbbef165a970079010ab4cef859a2cf5 img.avia_image{\nbox-shadow:none;\n}\n.avia-image-container.av-40h1-fbbef165a970079010ab4cef859a2cf5 .av-image-caption-overlay-center{\ncolor:#ffffff;\n}\n<\/style>\n<div  class='avia-image-container av-40h1-fbbef165a970079010ab4cef859a2cf5 av-styling- av-img-linked avia-align-center  avia-builder-el-24  avia-builder-el-no-sibling '   itemprop=\"image\" itemscope=\"itemscope\" itemtype=\"https:\/\/schema.org\/ImageObject\" ><div class=\"avia-image-container-inner\"><div class=\"avia-image-overlay-wrap\"><a href=\"https:\/\/translationteam.eu\/es\/buecher\/\" class='avia_image '  aria-label='ES_book'><img decoding=\"async\" fetchpriority=\"high\" class='wp-image-2223 avia-img-lazy-loading-not-2223 avia_image ' src=\"https:\/\/translationteam.eu\/wp-content\/uploads\/2024\/11\/ES_book.png\" alt='' title='ES_book'  height=\"66\" width=\"206\"  itemprop=\"thumbnailUrl\"  \/><\/a><\/div><\/div><\/div><\/div><\/div><\/div><\/div><!-- close content main div --><\/div><\/div><div id='after_section_4'  class='main_color av_default_container_wrap container_wrap sidebar_right'  ><div class='container av-section-cont-open' ><div class='template-page content  av-content-small alpha units'><div class='post-entry post-entry-type-page post-entry-2116'><div class='entry-content-wrapper clearfix'>\n","protected":false},"excerpt":{"rendered":"","protected":false},"author":2,"featured_media":0,"parent":0,"menu_order":0,"comment_status":"closed","ping_status":"closed","template":"","meta":{"footnotes":""},"class_list":["post-2116","page","type-page","status-publish","hentry"],"yoast_head":"<!-- This site is optimized with the Yoast SEO plugin v24.3 - https:\/\/yoast.com\/wordpress\/plugins\/seo\/ -->\n<title>Automobil - Fachgebiet - \u00dcbersetzung<\/title>\n<meta name=\"description\" content=\"Automobil - Translation Team, eines meiner Fachgebiete. Patente, Patentanspr\u00fcche, Patentklagen, Handb\u00fccher, Bedienungsanleitungen.\" \/>\n<meta name=\"robots\" content=\"index, follow, max-snippet:-1, max-image-preview:large, max-video-preview:-1\" \/>\n<link rel=\"canonical\" href=\"https:\/\/translationteam.eu\/es\/automocion\/\" \/>\n<meta property=\"og:locale\" content=\"es_ES\" \/>\n<meta property=\"og:type\" content=\"article\" \/>\n<meta property=\"og:title\" content=\"Automobil - Fachgebiet - \u00dcbersetzung\" \/>\n<meta property=\"og:description\" content=\"Automobil - Translation Team, eines meiner Fachgebiete. Patente, Patentanspr\u00fcche, Patentklagen, Handb\u00fccher, Bedienungsanleitungen.\" \/>\n<meta property=\"og:url\" content=\"https:\/\/translationteam.eu\/es\/automocion\/\" \/>\n<meta property=\"og:site_name\" content=\"Translationteam\" \/>\n<meta property=\"article:modified_time\" content=\"2024-11-06T13:36:21+00:00\" \/>\n<meta name=\"twitter:card\" content=\"summary_large_image\" \/>\n<meta name=\"twitter:label1\" content=\"Tiempo de lectura\" \/>\n\t<meta name=\"twitter:data1\" content=\"3 minutos\" \/>\n<script type=\"application\/ld+json\" class=\"yoast-schema-graph\">{\"@context\":\"https:\/\/schema.org\",\"@graph\":[{\"@type\":\"WebPage\",\"@id\":\"https:\/\/translationteam.eu\/es\/automocion\/\",\"url\":\"https:\/\/translationteam.eu\/es\/automocion\/\",\"name\":\"Automobil - Fachgebiet - \u00dcbersetzung\",\"isPartOf\":{\"@id\":\"https:\/\/translationteam.eu\/#website\"},\"datePublished\":\"2024-11-05T09:27:30+00:00\",\"dateModified\":\"2024-11-06T13:36:21+00:00\",\"description\":\"Automobil - Translation Team, eines meiner Fachgebiete. Patente, Patentanspr\u00fcche, Patentklagen, Handb\u00fccher, Bedienungsanleitungen.\",\"breadcrumb\":{\"@id\":\"https:\/\/translationteam.eu\/es\/automocion\/#breadcrumb\"},\"inLanguage\":\"es\",\"potentialAction\":[{\"@type\":\"ReadAction\",\"target\":[\"https:\/\/translationteam.eu\/es\/automocion\/\"]}]},{\"@type\":\"BreadcrumbList\",\"@id\":\"https:\/\/translationteam.eu\/es\/automocion\/#breadcrumb\",\"itemListElement\":[{\"@type\":\"ListItem\",\"position\":1,\"name\":\"Startseite\",\"item\":\"https:\/\/translationteam.eu\/es\/home\/\"},{\"@type\":\"ListItem\",\"position\":2,\"name\":\"Automoci\u00f3n\"}]},{\"@type\":\"WebSite\",\"@id\":\"https:\/\/translationteam.eu\/#website\",\"url\":\"https:\/\/translationteam.eu\/\",\"name\":\"Translationteam\",\"description\":\"\u00d6ffentlich bestellte und beeidigte Urkunden\u00fcbersetzerin\",\"potentialAction\":[{\"@type\":\"SearchAction\",\"target\":{\"@type\":\"EntryPoint\",\"urlTemplate\":\"https:\/\/translationteam.eu\/?s={search_term_string}\"},\"query-input\":{\"@type\":\"PropertyValueSpecification\",\"valueRequired\":true,\"valueName\":\"search_term_string\"}}],\"inLanguage\":\"es\"}]}<\/script>\n<!-- \/ Yoast SEO plugin. -->","yoast_head_json":{"title":"Automobil - Fachgebiet - \u00dcbersetzung","description":"Automobil - Translation Team, eines meiner Fachgebiete. Patente, Patentanspr\u00fcche, Patentklagen, Handb\u00fccher, Bedienungsanleitungen.","robots":{"index":"index","follow":"follow","max-snippet":"max-snippet:-1","max-image-preview":"max-image-preview:large","max-video-preview":"max-video-preview:-1"},"canonical":"https:\/\/translationteam.eu\/es\/automocion\/","og_locale":"es_ES","og_type":"article","og_title":"Automobil - Fachgebiet - \u00dcbersetzung","og_description":"Automobil - Translation Team, eines meiner Fachgebiete. Patente, Patentanspr\u00fcche, Patentklagen, Handb\u00fccher, Bedienungsanleitungen.","og_url":"https:\/\/translationteam.eu\/es\/automocion\/","og_site_name":"Translationteam","article_modified_time":"2024-11-06T13:36:21+00:00","twitter_card":"summary_large_image","twitter_misc":{"Tiempo de lectura":"3 minutos"},"schema":{"@context":"https:\/\/schema.org","@graph":[{"@type":"WebPage","@id":"https:\/\/translationteam.eu\/es\/automocion\/","url":"https:\/\/translationteam.eu\/es\/automocion\/","name":"Automobil - Fachgebiet - \u00dcbersetzung","isPartOf":{"@id":"https:\/\/translationteam.eu\/#website"},"datePublished":"2024-11-05T09:27:30+00:00","dateModified":"2024-11-06T13:36:21+00:00","description":"Automobil - Translation Team, eines meiner Fachgebiete. Patente, Patentanspr\u00fcche, Patentklagen, Handb\u00fccher, Bedienungsanleitungen.","breadcrumb":{"@id":"https:\/\/translationteam.eu\/es\/automocion\/#breadcrumb"},"inLanguage":"es","potentialAction":[{"@type":"ReadAction","target":["https:\/\/translationteam.eu\/es\/automocion\/"]}]},{"@type":"BreadcrumbList","@id":"https:\/\/translationteam.eu\/es\/automocion\/#breadcrumb","itemListElement":[{"@type":"ListItem","position":1,"name":"Startseite","item":"https:\/\/translationteam.eu\/es\/home\/"},{"@type":"ListItem","position":2,"name":"Automoci\u00f3n"}]},{"@type":"WebSite","@id":"https:\/\/translationteam.eu\/#website","url":"https:\/\/translationteam.eu\/","name":"Translationteam","description":"\u00d6ffentlich bestellte und beeidigte Urkunden\u00fcbersetzerin","potentialAction":[{"@type":"SearchAction","target":{"@type":"EntryPoint","urlTemplate":"https:\/\/translationteam.eu\/?s={search_term_string}"},"query-input":{"@type":"PropertyValueSpecification","valueRequired":true,"valueName":"search_term_string"}}],"inLanguage":"es"}]}},"_links":{"self":[{"href":"https:\/\/translationteam.eu\/es\/wp-json\/wp\/v2\/pages\/2116","targetHints":{"allow":["GET"]}}],"collection":[{"href":"https:\/\/translationteam.eu\/es\/wp-json\/wp\/v2\/pages"}],"about":[{"href":"https:\/\/translationteam.eu\/es\/wp-json\/wp\/v2\/types\/page"}],"author":[{"embeddable":true,"href":"https:\/\/translationteam.eu\/es\/wp-json\/wp\/v2\/users\/2"}],"replies":[{"embeddable":true,"href":"https:\/\/translationteam.eu\/es\/wp-json\/wp\/v2\/comments?post=2116"}],"version-history":[{"count":6,"href":"https:\/\/translationteam.eu\/es\/wp-json\/wp\/v2\/pages\/2116\/revisions"}],"predecessor-version":[{"id":2352,"href":"https:\/\/translationteam.eu\/es\/wp-json\/wp\/v2\/pages\/2116\/revisions\/2352"}],"wp:attachment":[{"href":"https:\/\/translationteam.eu\/es\/wp-json\/wp\/v2\/media?parent=2116"}],"curies":[{"name":"wp","href":"https:\/\/api.w.org\/{rel}","templated":true}]}}