{"id":2118,"date":"2024-11-05T10:28:25","date_gmt":"2024-11-05T09:28:25","guid":{"rendered":"https:\/\/translationteam.eu\/it-informationstechnologie\/"},"modified":"2024-11-18T13:22:23","modified_gmt":"2024-11-18T12:22:23","slug":"tecnologias-de-la-informacion","status":"publish","type":"page","link":"https:\/\/translationteam.eu\/es\/tecnologias-de-la-informacion\/","title":{"rendered":"Tecnolog\u00edas de la informaci\u00f3n TI"},"content":{"rendered":"<div id='layer_slider_1'  class='avia-layerslider main_color avia-shadow  avia-builder-el-0  el_before_av_section  avia-builder-el-first  container_wrap sidebar_right'  style='height: 822px; max-width: 2000px; margin: 0 auto;'  ><\/div>\n\n<style type=\"text\/css\" data-created_by=\"avia_inline_auto\" id=\"style-css-av-kk2kceho-255ab1ee4c13a51b06b6687c61b7c11e\">\n.avia-section.av-kk2kceho-255ab1ee4c13a51b06b6687c61b7c11e{\nbackground-color:#d4dee1;\nbackground-image:unset;\n}\n<\/style>\n<div id='av_section_1'  class='avia-section av-kk2kceho-255ab1ee4c13a51b06b6687c61b7c11e main_color avia-section-default avia-no-border-styling  avia-builder-el-1  el_after_av_layerslider  el_before_av_section  avia-bg-style-scroll container_wrap sidebar_right'  ><div class='container av-section-cont-open' ><div class='template-page content  av-content-small alpha units'><div class='post-entry post-entry-type-page post-entry-2118'><div class='entry-content-wrapper clearfix'>\n\n<style type=\"text\/css\" data-created_by=\"avia_inline_auto\" id=\"style-css-av-kugupzco-f82c121e5bad84a5772307c878029e66\">\n#top .av-special-heading.av-kugupzco-f82c121e5bad84a5772307c878029e66{\npadding-bottom:10px;\n}\nbody .av-special-heading.av-kugupzco-f82c121e5bad84a5772307c878029e66 .av-special-heading-tag .heading-char{\nfont-size:25px;\n}\n.av-special-heading.av-kugupzco-f82c121e5bad84a5772307c878029e66 .av-subheading{\nfont-size:15px;\n}\n<\/style>\n<div  class='av-special-heading av-kugupzco-f82c121e5bad84a5772307c878029e66 av-special-heading-h1 blockquote modern-quote modern-centered  avia-builder-el-2  avia-builder-el-no-sibling '><h1 class='av-special-heading-tag '  itemprop=\"headline\"  >TECNOLOG\u00cdAS DE LA INFORMACI\u00d3N TI<\/h1><div class=\"special-heading-border\"><div class=\"special-heading-inner-border\"><\/div><\/div><\/div>\n<\/div><\/div><\/div><!-- close content main div --><\/div><\/div>\n<style type=\"text\/css\" data-created_by=\"avia_inline_auto\" id=\"style-css-av-fvi7p-529ac436f34c201590793e432fb8ba99\">\n.avia-section.av-fvi7p-529ac436f34c201590793e432fb8ba99{\nbackground-color:#e9eef0;\nbackground-image:unset;\n}\n<\/style>\n<div id='av_section_2'  class='avia-section av-fvi7p-529ac436f34c201590793e432fb8ba99 main_color avia-section-default avia-no-border-styling  avia-builder-el-3  el_after_av_section  el_before_av_section  avia-bg-style-scroll container_wrap sidebar_right'  ><div class='container av-section-cont-open' ><div class='template-page content  av-content-small alpha units'><div class='post-entry post-entry-type-page post-entry-2118'><div class='entry-content-wrapper clearfix'>\n<section  class='av_textblock_section av-kugyr8sz-ce0f756ca09d83caed6aa94106795bce '   itemscope=\"itemscope\" itemtype=\"https:\/\/schema.org\/CreativeWork\" ><div class='avia_textblock'  itemprop=\"text\" ><p style=\"text-align: center;\"><strong>Tecnolog\u00edas de la informaci\u00f3n (TI)<\/strong> es el t\u00e9rmino gen\u00e9rico que engloba hardware, software y los servicios de TI. Pr\u00e1cticamente ninguna otra industria est\u00e1 experimentando un crecimiento tan r\u00e1pido como el sector de las TI. Computaci\u00f3n en la nube y m\u00f3vil, macrodatos y ciberseguridad, inteligencia artificial e Internet de los objetos: estas son solo algunas de las palabras de moda que describen las tecnolog\u00edas ya en uso y las tendencias futuras.<\/p>\n<\/div><\/section>\n\n<style type=\"text\/css\" data-created_by=\"avia_inline_auto\" id=\"style-css-av-kugy1wqj-6a09cb17ccae03106993cbe01880d749\">\n#top .av-special-heading.av-kugy1wqj-6a09cb17ccae03106993cbe01880d749{\npadding-bottom:10px;\n}\nbody .av-special-heading.av-kugy1wqj-6a09cb17ccae03106993cbe01880d749 .av-special-heading-tag .heading-char{\nfont-size:25px;\n}\n.av-special-heading.av-kugy1wqj-6a09cb17ccae03106993cbe01880d749 .av-subheading{\nfont-size:15px;\n}\n<\/style>\n<div  class='av-special-heading av-kugy1wqj-6a09cb17ccae03106993cbe01880d749 av-special-heading-h3 blockquote modern-quote modern-centered  avia-builder-el-5  el_after_av_textblock  avia-builder-el-last '><h3 class='av-special-heading-tag '  itemprop=\"headline\"  >Patentes l Reivindicaciones de patentes l Litigios de patentes l Manuales l Instrucciones de uso<\/h3><div class=\"special-heading-border\"><div class=\"special-heading-inner-border\"><\/div><\/div><\/div>\n<\/p>\n<\/div><\/div><\/div><!-- close content main div --><\/div><\/div>\n<style type=\"text\/css\" data-created_by=\"avia_inline_auto\" id=\"style-css-av-kugzqkn6-dc39e951fd814bc1d52a8c71589e0ad9\">\n.avia-section.av-kugzqkn6-dc39e951fd814bc1d52a8c71589e0ad9 .av-parallax .av-parallax-inner{\nbackground-color:#d4dee1;\nbackground-image:url(https:\/\/translationteam.eu\/wp-content\/uploads\/2021\/10\/it_breit.jpg);\nbackground-repeat:no-repeat;\nbackground-position:0% 0%;\nbackground-attachment:scroll;\n}\n<\/style>\n<div id='av_section_3'  class='avia-section av-kugzqkn6-dc39e951fd814bc1d52a8c71589e0ad9 main_color avia-section-default avia-no-border-styling  avia-builder-el-6  el_after_av_section  el_before_av_section  av-parallax-section avia-bg-style-parallax container_wrap sidebar_right'  data-section-bg-repeat='no-repeat'><div class='av-parallax' data-avia-parallax-ratio='0.3' ><div class='av-parallax-inner main_color avia-full-stretch'><\/div><\/div><div class='container av-section-cont-open' ><div class='template-page content  av-content-small alpha units'><div class='post-entry post-entry-type-page post-entry-2118'><div class='entry-content-wrapper clearfix'>\n\n<style type=\"text\/css\" data-created_by=\"avia_inline_auto\" id=\"style-css-av-kwp5o2ze-766da305b3e7372d765e89a287981d8d\">\n#top .av-special-heading.av-kwp5o2ze-766da305b3e7372d765e89a287981d8d{\npadding-bottom:0;\ncolor:#ffffff;\n}\nbody .av-special-heading.av-kwp5o2ze-766da305b3e7372d765e89a287981d8d .av-special-heading-tag .heading-char{\nfont-size:25px;\n}\n.av-special-heading.av-kwp5o2ze-766da305b3e7372d765e89a287981d8d .special-heading-inner-border{\nborder-color:#ffffff;\n}\n.av-special-heading.av-kwp5o2ze-766da305b3e7372d765e89a287981d8d .av-subheading{\nfont-size:15px;\n}\n<\/style>\n<div  class='av-special-heading av-kwp5o2ze-766da305b3e7372d765e89a287981d8d av-special-heading-h3 custom-color-heading blockquote modern-quote modern-centered  avia-builder-el-7  el_before_av_one_third  avia-builder-el-first  headline-spacer'><h3 class='av-special-heading-tag '  itemprop=\"headline\"  >Aplicaciones (apps) l Soluciones en la nube I Estructuras de red I Software de aplicaci\u00f3n I Componentes de hardware I Configuraciones multimedia I Sistemas de an\u00e1lisis de im\u00e1genes<\/h3><div class=\"special-heading-border\"><div class=\"special-heading-inner-border\"><\/div><\/div><\/div>\n<div  class='flex_column av-10kzf8-2ebc7da96db549688541efc4541ae928 av_one_third  avia-builder-el-8  el_after_av_heading  el_before_av_one_third  first flex_column_div  '     ><\/div><div  class='flex_column av-tezm4-3171fbbe8e34ac1ab9ac589f558936d8 av_one_third  avia-builder-el-9  el_after_av_one_third  el_before_av_one_third  flex_column_div  '     ><style type=\"text\/css\" data-created_by=\"avia_inline_auto\" id=\"style-css-av-kwp5pgj3-33345ef6f4e103302baaad086e414af0\">\n.avia-image-container.av-kwp5pgj3-33345ef6f4e103302baaad086e414af0 img.avia_image{\nbox-shadow:none;\n}\n.avia-image-container.av-kwp5pgj3-33345ef6f4e103302baaad086e414af0 .av-image-caption-overlay-center{\ncolor:#ffffff;\n}\n<\/style>\n<div  class='avia-image-container av-kwp5pgj3-33345ef6f4e103302baaad086e414af0 av-styling- avia-align-center  avia-builder-el-10  avia-builder-el-no-sibling '   itemprop=\"image\" itemscope=\"itemscope\" itemtype=\"https:\/\/schema.org\/ImageObject\" ><div class=\"avia-image-container-inner\"><div class=\"avia-image-overlay-wrap\"><img decoding=\"async\" fetchpriority=\"high\" class='wp-image-848 avia-img-lazy-loading-not-848 avia_image ' src=\"https:\/\/translationteam.eu\/wp-content\/uploads\/2021\/12\/abstand_250.png\" alt='' title='abstand_250'  height=\"250\" width=\"150\"  itemprop=\"thumbnailUrl\"  \/><\/div><\/div><\/div><\/div><div  class='flex_column av-dqwik-882d99251a6b648de32c9c2b72bb8ca3 av_one_third  avia-builder-el-11  el_after_av_one_third  avia-builder-el-last  flex_column_div  '     ><\/div>\n\n<\/div><\/div><\/div><!-- close content main div --><\/div><\/div><div id='av_section_4'  class='avia-section av-1y0wig-54eef5a75d76b0f5b7c26cdfc0afbbeb main_color avia-section-default avia-no-border-styling  avia-builder-el-12  el_after_av_section  avia-builder-el-last  avia-bg-style-scroll container_wrap sidebar_right'  ><div class='container av-section-cont-open' ><div class='template-page content  av-content-small alpha units'><div class='post-entry post-entry-type-page post-entry-2118'><div class='entry-content-wrapper clearfix'>\n<div  class='flex_column av-1th9b4-4181274e9c7bb20b36b769a779c0c313 av_one_fifth  avia-builder-el-13  el_before_av_one_fifth  avia-builder-el-first  first flex_column_div  '     ><style type=\"text\/css\" data-created_by=\"avia_inline_auto\" id=\"style-css-av-1l42ps-48ee7a0132355bbe718b48f18dbca954\">\n.avia-image-container.av-1l42ps-48ee7a0132355bbe718b48f18dbca954 img.avia_image{\nbox-shadow:none;\n}\n.avia-image-container.av-1l42ps-48ee7a0132355bbe718b48f18dbca954 .av-image-caption-overlay-center{\ncolor:#ffffff;\n}\n<\/style>\n<div  class='avia-image-container av-1l42ps-48ee7a0132355bbe718b48f18dbca954 av-styling- av-img-linked avia-align-center  avia-builder-el-14  avia-builder-el-no-sibling '   itemprop=\"image\" itemscope=\"itemscope\" itemtype=\"https:\/\/schema.org\/ImageObject\" ><div class=\"avia-image-container-inner\"><div class=\"avia-image-overlay-wrap\"><a href=\"https:\/\/translationteam.eu\/es\/ciencias-de-la-vida\/\" class='avia_image '  aria-label='ES_sciences'><img decoding=\"async\" fetchpriority=\"high\" class='wp-image-2202 avia-img-lazy-loading-not-2202 avia_image ' src=\"https:\/\/translationteam.eu\/wp-content\/uploads\/2024\/11\/ES_sciences.png\" alt='' title='ES_sciences'  height=\"66\" width=\"206\"  itemprop=\"thumbnailUrl\"  \/><\/a><\/div><\/div><\/div><\/div><div  class='flex_column av-51168-18052f4edcc0284c4444a108f221dd7b av_one_fifth  avia-builder-el-15  el_after_av_one_fifth  el_before_av_one_fifth  flex_column_div  '     ><style type=\"text\/css\" data-created_by=\"avia_inline_auto\" id=\"style-css-av-1av52w-13d3c6661f45dcdc8d09cbb289d214e2\">\n.avia-image-container.av-1av52w-13d3c6661f45dcdc8d09cbb289d214e2 img.avia_image{\nbox-shadow:none;\n}\n.avia-image-container.av-1av52w-13d3c6661f45dcdc8d09cbb289d214e2 .av-image-caption-overlay-center{\ncolor:#ffffff;\n}\n<\/style>\n<div  class='avia-image-container av-1av52w-13d3c6661f45dcdc8d09cbb289d214e2 av-styling- av-img-linked avia-align-center  avia-builder-el-16  avia-builder-el-no-sibling '   itemprop=\"image\" itemscope=\"itemscope\" itemtype=\"https:\/\/schema.org\/ImageObject\" ><div class=\"avia-image-container-inner\"><div class=\"avia-image-overlay-wrap\"><a href=\"https:\/\/translationteam.eu\/es\/pi-propiedad-intelectual-patentes\/\" class='avia_image '  aria-label='ES_PI'><img decoding=\"async\" fetchpriority=\"high\" class='wp-image-2219 avia-img-lazy-loading-not-2219 avia_image ' src=\"https:\/\/translationteam.eu\/wp-content\/uploads\/2024\/11\/ES_PI.png\" alt='' title='ES_PI'  height=\"66\" width=\"206\"  itemprop=\"thumbnailUrl\"  \/><\/a><\/div><\/div><\/div><\/div><div  class='flex_column av-13y1hk-705047bf2645c1f4ee9d8aac7127858a av_one_fifth  avia-builder-el-17  el_after_av_one_fifth  el_before_av_one_fifth  flex_column_div  '     ><style type=\"text\/css\" data-created_by=\"avia_inline_auto\" id=\"style-css-av-xunc8-9548be12425c21d93d26ae6622c15292\">\n.avia-image-container.av-xunc8-9548be12425c21d93d26ae6622c15292 img.avia_image{\nbox-shadow:none;\n}\n.avia-image-container.av-xunc8-9548be12425c21d93d26ae6622c15292 .av-image-caption-overlay-center{\ncolor:#ffffff;\n}\n<\/style>\n<div  class='avia-image-container av-xunc8-9548be12425c21d93d26ae6622c15292 av-styling- av-img-linked avia-align-center  avia-builder-el-18  avia-builder-el-no-sibling '   itemprop=\"image\" itemscope=\"itemscope\" itemtype=\"https:\/\/schema.org\/ImageObject\" ><div class=\"avia-image-container-inner\"><div class=\"avia-image-overlay-wrap\"><a href=\"https:\/\/translationteam.eu\/es\/naturaleza-y-medio-ambiente\/\" class='avia_image '  aria-label='ES_nature'><img decoding=\"async\" fetchpriority=\"high\" class='wp-image-2211 avia-img-lazy-loading-not-2211 avia_image ' src=\"https:\/\/translationteam.eu\/wp-content\/uploads\/2024\/11\/ES_nature.png\" alt='' title='ES_nature'  height=\"66\" width=\"206\"  itemprop=\"thumbnailUrl\"  \/><\/a><\/div><\/div><\/div><\/div><div  class='flex_column av-qd7hs-d5c2746bd5d3704c43aa21eb3c2cc52f av_one_fifth  avia-builder-el-19  el_after_av_one_fifth  el_before_av_one_fifth  flex_column_div  '     ><style type=\"text\/css\" data-created_by=\"avia_inline_auto\" id=\"style-css-av-iyx2o-fd172bbefbdfdab117d1fba53d739d83\">\n.avia-image-container.av-iyx2o-fd172bbefbdfdab117d1fba53d739d83 img.avia_image{\nbox-shadow:none;\n}\n.avia-image-container.av-iyx2o-fd172bbefbdfdab117d1fba53d739d83 .av-image-caption-overlay-center{\ncolor:#ffffff;\n}\n<\/style>\n<div  class='avia-image-container av-iyx2o-fd172bbefbdfdab117d1fba53d739d83 av-styling- av-img-linked avia-align-center  avia-builder-el-20  avia-builder-el-no-sibling '   itemprop=\"image\" itemscope=\"itemscope\" itemtype=\"https:\/\/schema.org\/ImageObject\" ><div class=\"avia-image-container-inner\"><div class=\"avia-image-overlay-wrap\"><a href=\"https:\/\/translationteam.eu\/es\/automocion\/\" class='avia_image '  aria-label='ES_automobile'><img decoding=\"async\" fetchpriority=\"high\" class='wp-image-2230 avia-img-lazy-loading-not-2230 avia_image ' src=\"https:\/\/translationteam.eu\/wp-content\/uploads\/2024\/11\/ES_automobile.png\" alt='' title='ES_automobile'  height=\"66\" width=\"206\"  itemprop=\"thumbnailUrl\"  \/><\/a><\/div><\/div><\/div><\/div><div  class='flex_column av-5qzk-b5ac11945c0c78880a2b0ad0e536180e av_one_fifth  avia-builder-el-21  el_after_av_one_fifth  avia-builder-el-last  flex_column_div  '     ><style type=\"text\/css\" data-created_by=\"avia_inline_auto\" id=\"style-css-av-b9zxs-40fd193a43df3952be4db8b41e8a064b\">\n.avia-image-container.av-b9zxs-40fd193a43df3952be4db8b41e8a064b img.avia_image{\nbox-shadow:none;\n}\n.avia-image-container.av-b9zxs-40fd193a43df3952be4db8b41e8a064b .av-image-caption-overlay-center{\ncolor:#ffffff;\n}\n<\/style>\n<div  class='avia-image-container av-b9zxs-40fd193a43df3952be4db8b41e8a064b av-styling- av-img-linked avia-align-center  avia-builder-el-22  avia-builder-el-no-sibling '   itemprop=\"image\" itemscope=\"itemscope\" itemtype=\"https:\/\/schema.org\/ImageObject\" ><div class=\"avia-image-container-inner\"><div class=\"avia-image-overlay-wrap\"><a href=\"https:\/\/translationteam.eu\/es\/buecher\/\" class='avia_image '  aria-label='ES_book'><img decoding=\"async\" fetchpriority=\"high\" class='wp-image-2223 avia-img-lazy-loading-not-2223 avia_image ' src=\"https:\/\/translationteam.eu\/wp-content\/uploads\/2024\/11\/ES_book.png\" alt='' title='ES_book'  height=\"66\" width=\"206\"  itemprop=\"thumbnailUrl\"  \/><\/a><\/div><\/div><\/div><\/div>\n<\/div><\/div><\/div><!-- close content main div --><\/div><\/div><div id='after_section_4'  class='main_color av_default_container_wrap container_wrap sidebar_right'  ><div class='container av-section-cont-open' ><div class='template-page content  av-content-small alpha units'><div class='post-entry post-entry-type-page post-entry-2118'><div class='entry-content-wrapper clearfix'>\n","protected":false},"excerpt":{"rendered":"","protected":false},"author":2,"featured_media":0,"parent":0,"menu_order":0,"comment_status":"closed","ping_status":"closed","template":"","meta":{"footnotes":""},"class_list":["post-2118","page","type-page","status-publish","hentry"],"yoast_head":"<!-- This site is optimized with the Yoast SEO plugin v24.3 - https:\/\/yoast.com\/wordpress\/plugins\/seo\/ -->\n<title>Tecnolog\u00edas de la informaci\u00f3n TI - Translationteam<\/title>\n<meta name=\"description\" content=\"IT - Informationstechnologie, Wir machen \u00dcbersetzungen von Bedienungsanleitungen, Handb\u00fccher, Patentschriften, Patentanspr\u00fcche, Patentklagen.\" \/>\n<meta name=\"robots\" content=\"index, follow, max-snippet:-1, max-image-preview:large, max-video-preview:-1\" \/>\n<link rel=\"canonical\" href=\"https:\/\/translationteam.eu\/es\/tecnologias-de-la-informacion\/\" \/>\n<meta property=\"og:locale\" content=\"es_ES\" \/>\n<meta property=\"og:type\" content=\"article\" \/>\n<meta property=\"og:title\" content=\"Tecnolog\u00edas de la informaci\u00f3n TI - Translationteam\" \/>\n<meta property=\"og:description\" content=\"IT - Informationstechnologie, Wir machen \u00dcbersetzungen von Bedienungsanleitungen, Handb\u00fccher, Patentschriften, Patentanspr\u00fcche, Patentklagen.\" \/>\n<meta property=\"og:url\" content=\"https:\/\/translationteam.eu\/es\/tecnologias-de-la-informacion\/\" \/>\n<meta property=\"og:site_name\" content=\"Translationteam\" \/>\n<meta property=\"article:modified_time\" content=\"2024-11-18T12:22:23+00:00\" \/>\n<meta name=\"twitter:card\" content=\"summary_large_image\" \/>\n<meta name=\"twitter:label1\" content=\"Tiempo de lectura\" \/>\n\t<meta name=\"twitter:data1\" content=\"3 minutos\" \/>\n<script type=\"application\/ld+json\" class=\"yoast-schema-graph\">{\"@context\":\"https:\/\/schema.org\",\"@graph\":[{\"@type\":\"WebPage\",\"@id\":\"https:\/\/translationteam.eu\/es\/tecnologias-de-la-informacion\/\",\"url\":\"https:\/\/translationteam.eu\/es\/tecnologias-de-la-informacion\/\",\"name\":\"Tecnolog\u00edas de la informaci\u00f3n TI - Translationteam\",\"isPartOf\":{\"@id\":\"https:\/\/translationteam.eu\/#website\"},\"datePublished\":\"2024-11-05T09:28:25+00:00\",\"dateModified\":\"2024-11-18T12:22:23+00:00\",\"description\":\"IT - Informationstechnologie, Wir machen \u00dcbersetzungen von Bedienungsanleitungen, Handb\u00fccher, Patentschriften, Patentanspr\u00fcche, Patentklagen.\",\"breadcrumb\":{\"@id\":\"https:\/\/translationteam.eu\/es\/tecnologias-de-la-informacion\/#breadcrumb\"},\"inLanguage\":\"es\",\"potentialAction\":[{\"@type\":\"ReadAction\",\"target\":[\"https:\/\/translationteam.eu\/es\/tecnologias-de-la-informacion\/\"]}]},{\"@type\":\"BreadcrumbList\",\"@id\":\"https:\/\/translationteam.eu\/es\/tecnologias-de-la-informacion\/#breadcrumb\",\"itemListElement\":[{\"@type\":\"ListItem\",\"position\":1,\"name\":\"Startseite\",\"item\":\"https:\/\/translationteam.eu\/es\/home\/\"},{\"@type\":\"ListItem\",\"position\":2,\"name\":\"Tecnolog\u00edas de la informaci\u00f3n TI\"}]},{\"@type\":\"WebSite\",\"@id\":\"https:\/\/translationteam.eu\/#website\",\"url\":\"https:\/\/translationteam.eu\/\",\"name\":\"Translationteam\",\"description\":\"\u00d6ffentlich bestellte und beeidigte Urkunden\u00fcbersetzerin\",\"potentialAction\":[{\"@type\":\"SearchAction\",\"target\":{\"@type\":\"EntryPoint\",\"urlTemplate\":\"https:\/\/translationteam.eu\/?s={search_term_string}\"},\"query-input\":{\"@type\":\"PropertyValueSpecification\",\"valueRequired\":true,\"valueName\":\"search_term_string\"}}],\"inLanguage\":\"es\"}]}<\/script>\n<!-- \/ Yoast SEO plugin. -->","yoast_head_json":{"title":"Tecnolog\u00edas de la informaci\u00f3n TI - Translationteam","description":"IT - Informationstechnologie, Wir machen \u00dcbersetzungen von Bedienungsanleitungen, Handb\u00fccher, Patentschriften, Patentanspr\u00fcche, Patentklagen.","robots":{"index":"index","follow":"follow","max-snippet":"max-snippet:-1","max-image-preview":"max-image-preview:large","max-video-preview":"max-video-preview:-1"},"canonical":"https:\/\/translationteam.eu\/es\/tecnologias-de-la-informacion\/","og_locale":"es_ES","og_type":"article","og_title":"Tecnolog\u00edas de la informaci\u00f3n TI - Translationteam","og_description":"IT - Informationstechnologie, Wir machen \u00dcbersetzungen von Bedienungsanleitungen, Handb\u00fccher, Patentschriften, Patentanspr\u00fcche, Patentklagen.","og_url":"https:\/\/translationteam.eu\/es\/tecnologias-de-la-informacion\/","og_site_name":"Translationteam","article_modified_time":"2024-11-18T12:22:23+00:00","twitter_card":"summary_large_image","twitter_misc":{"Tiempo de lectura":"3 minutos"},"schema":{"@context":"https:\/\/schema.org","@graph":[{"@type":"WebPage","@id":"https:\/\/translationteam.eu\/es\/tecnologias-de-la-informacion\/","url":"https:\/\/translationteam.eu\/es\/tecnologias-de-la-informacion\/","name":"Tecnolog\u00edas de la informaci\u00f3n TI - Translationteam","isPartOf":{"@id":"https:\/\/translationteam.eu\/#website"},"datePublished":"2024-11-05T09:28:25+00:00","dateModified":"2024-11-18T12:22:23+00:00","description":"IT - Informationstechnologie, Wir machen \u00dcbersetzungen von Bedienungsanleitungen, Handb\u00fccher, Patentschriften, Patentanspr\u00fcche, Patentklagen.","breadcrumb":{"@id":"https:\/\/translationteam.eu\/es\/tecnologias-de-la-informacion\/#breadcrumb"},"inLanguage":"es","potentialAction":[{"@type":"ReadAction","target":["https:\/\/translationteam.eu\/es\/tecnologias-de-la-informacion\/"]}]},{"@type":"BreadcrumbList","@id":"https:\/\/translationteam.eu\/es\/tecnologias-de-la-informacion\/#breadcrumb","itemListElement":[{"@type":"ListItem","position":1,"name":"Startseite","item":"https:\/\/translationteam.eu\/es\/home\/"},{"@type":"ListItem","position":2,"name":"Tecnolog\u00edas de la informaci\u00f3n TI"}]},{"@type":"WebSite","@id":"https:\/\/translationteam.eu\/#website","url":"https:\/\/translationteam.eu\/","name":"Translationteam","description":"\u00d6ffentlich bestellte und beeidigte Urkunden\u00fcbersetzerin","potentialAction":[{"@type":"SearchAction","target":{"@type":"EntryPoint","urlTemplate":"https:\/\/translationteam.eu\/?s={search_term_string}"},"query-input":{"@type":"PropertyValueSpecification","valueRequired":true,"valueName":"search_term_string"}}],"inLanguage":"es"}]}},"_links":{"self":[{"href":"https:\/\/translationteam.eu\/es\/wp-json\/wp\/v2\/pages\/2118","targetHints":{"allow":["GET"]}}],"collection":[{"href":"https:\/\/translationteam.eu\/es\/wp-json\/wp\/v2\/pages"}],"about":[{"href":"https:\/\/translationteam.eu\/es\/wp-json\/wp\/v2\/types\/page"}],"author":[{"embeddable":true,"href":"https:\/\/translationteam.eu\/es\/wp-json\/wp\/v2\/users\/2"}],"replies":[{"embeddable":true,"href":"https:\/\/translationteam.eu\/es\/wp-json\/wp\/v2\/comments?post=2118"}],"version-history":[{"count":5,"href":"https:\/\/translationteam.eu\/es\/wp-json\/wp\/v2\/pages\/2118\/revisions"}],"predecessor-version":[{"id":2418,"href":"https:\/\/translationteam.eu\/es\/wp-json\/wp\/v2\/pages\/2118\/revisions\/2418"}],"wp:attachment":[{"href":"https:\/\/translationteam.eu\/es\/wp-json\/wp\/v2\/media?parent=2118"}],"curies":[{"name":"wp","href":"https:\/\/api.w.org\/{rel}","templated":true}]}}