{"id":2121,"date":"2024-11-05T10:29:29","date_gmt":"2024-11-05T09:29:29","guid":{"rendered":"https:\/\/translationteam.eu\/lokalisierung\/"},"modified":"2024-11-06T14:44:42","modified_gmt":"2024-11-06T13:44:42","slug":"localizacion","status":"publish","type":"page","link":"https:\/\/translationteam.eu\/es\/localizacion\/","title":{"rendered":"Localizaci\u00f3n"},"content":{"rendered":"<div id='layer_slider_1'  class='avia-layerslider main_color avia-shadow  avia-builder-el-0  el_before_av_section  avia-builder-el-first  container_wrap sidebar_right'  style='height: 822px; max-width: 2000px; margin: 0 auto;'  ><\/div>\n\n<style type=\"text\/css\" data-created_by=\"avia_inline_auto\" id=\"style-css-av-kk2kceho-255ab1ee4c13a51b06b6687c61b7c11e\">\n.avia-section.av-kk2kceho-255ab1ee4c13a51b06b6687c61b7c11e{\nbackground-color:#d4dee1;\nbackground-image:unset;\n}\n<\/style>\n<div id='av_section_1'  class='avia-section av-kk2kceho-255ab1ee4c13a51b06b6687c61b7c11e main_color avia-section-default avia-no-border-styling  avia-builder-el-1  el_after_av_layerslider  el_before_av_layout_row  avia-bg-style-scroll container_wrap sidebar_right'  ><div class='container av-section-cont-open' ><div class='template-page content  av-content-small alpha units'><div class='post-entry post-entry-type-page post-entry-2121'><div class='entry-content-wrapper clearfix'>\n\n<style type=\"text\/css\" data-created_by=\"avia_inline_auto\" id=\"style-css-av-kugupzco-49a176b57401c8a20429ae7e0fdfd9df\">\n#top .av-special-heading.av-kugupzco-49a176b57401c8a20429ae7e0fdfd9df{\npadding-bottom:10px;\n}\nbody .av-special-heading.av-kugupzco-49a176b57401c8a20429ae7e0fdfd9df .av-special-heading-tag .heading-char{\nfont-size:25px;\n}\n.av-special-heading.av-kugupzco-49a176b57401c8a20429ae7e0fdfd9df .av-subheading{\nfont-size:15px;\n}\n<\/style>\n<div  class='av-special-heading av-kugupzco-49a176b57401c8a20429ae7e0fdfd9df av-special-heading-h1 blockquote modern-quote  avia-builder-el-2  avia-builder-el-no-sibling '><h1 class='av-special-heading-tag '  itemprop=\"headline\"  >LOCALIZACI\u00d3N<\/h1><div class=\"special-heading-border\"><div class=\"special-heading-inner-border\"><\/div><\/div><\/div>\n\n<\/div><\/div><\/div><!-- close content main div --><\/div><\/div><div id='av-layout-grid-1'  class='av-layout-grid-container av-1173nm-8cb4c9482bec7f67067668fc2f59d85d entry-content-wrapper main_color av-flex-cells  avia-builder-el-3  el_after_av_section  el_before_av_section  grid-row-not-first  container_wrap sidebar_right'  >\n\n<style type=\"text\/css\" data-created_by=\"avia_inline_auto\" id=\"style-css-av-34f5u-8e7b8a871ff0d2216e092dfa704c486f\">\n.flex_cell.av-34f5u-8e7b8a871ff0d2216e092dfa704c486f{\nvertical-align:top;\n}\n.responsive #top #wrap_all .flex_cell.av-34f5u-8e7b8a871ff0d2216e092dfa704c486f{\npadding:0px 0px 0px 0px !important;\n}\n<\/style>\n<div class='flex_cell av-34f5u-8e7b8a871ff0d2216e092dfa704c486f av-gridrow-cell av_one_half no_margin  avia-builder-el-4  el_before_av_cell_one_half  avia-builder-el-first  av-zero-padding'  ><div class='flex_cell_inner'>\n<style type=\"text\/css\" data-created_by=\"avia_inline_auto\" id=\"style-css-av-kugpcdyd-d6529452c09a7927cf48be51667bd132\">\n.avia-image-container.av-kugpcdyd-d6529452c09a7927cf48be51667bd132 img.avia_image{\nbox-shadow:none;\n}\n.avia-image-container.av-kugpcdyd-d6529452c09a7927cf48be51667bd132 .av-image-caption-overlay-center{\ncolor:#ffffff;\n}\n<\/style>\n<div  class='avia-image-container av-kugpcdyd-d6529452c09a7927cf48be51667bd132 av-styling- avia_animated_image av-animated-when-visible-95 left-to-right avia-align-center  avia-builder-el-5  avia-builder-el-no-sibling '   itemprop=\"image\" itemscope=\"itemscope\" itemtype=\"https:\/\/schema.org\/ImageObject\" ><div class=\"avia-image-container-inner\"><div class=\"avia-image-overlay-wrap\"><img decoding=\"async\" fetchpriority=\"high\" class='wp-image-867 avia-img-lazy-loading-not-867 avia_image ' src=\"https:\/\/translationteam.eu\/wp-content\/uploads\/2021\/12\/lokalisierung.jpg\" alt='Lokalisierung, Leistungen' title='lokalisierung'  height=\"1216\" width=\"1500\"  itemprop=\"thumbnailUrl\" srcset=\"https:\/\/translationteam.eu\/wp-content\/uploads\/2021\/12\/lokalisierung.jpg 1500w, https:\/\/translationteam.eu\/wp-content\/uploads\/2021\/12\/lokalisierung-300x243.jpg 300w, https:\/\/translationteam.eu\/wp-content\/uploads\/2021\/12\/lokalisierung-1030x835.jpg 1030w, https:\/\/translationteam.eu\/wp-content\/uploads\/2021\/12\/lokalisierung-768x623.jpg 768w, https:\/\/translationteam.eu\/wp-content\/uploads\/2021\/12\/lokalisierung-495x400.jpg 495w, https:\/\/translationteam.eu\/wp-content\/uploads\/2021\/12\/lokalisierung-845x684.jpg 845w, https:\/\/translationteam.eu\/wp-content\/uploads\/2021\/12\/lokalisierung-705x572.jpg 705w\" sizes=\"(max-width: 1500px) 100vw, 1500px\" \/><\/div><\/div><\/div>\n<\/div><\/div><div class='flex_cell av-qs4fe-bf99669f8eb061279f88e834ca742d36 av-gridrow-cell av_one_half no_margin  avia-builder-el-6  el_after_av_cell_one_half  avia-builder-el-last '  ><div class='flex_cell_inner'><section  class='av_textblock_section av-1yzne-1aa9c5d94f25765627c4a20be1dac7c8 '   itemscope=\"itemscope\" itemtype=\"https:\/\/schema.org\/CreativeWork\" ><div class='avia_textblock'  itemprop=\"text\" ><blockquote>\n<p><em>La traducci\u00f3n es un acto de recreaci\u00f3n.<\/em><\/p>\n<p><strong>Ken Liu<\/strong><\/p>\n<\/blockquote>\n<\/div><\/section><br \/>\n<section  class='av_textblock_section av-kugpex08-3000cafc0bc6e8e00a2249f0673c8ea4 '   itemscope=\"itemscope\" itemtype=\"https:\/\/schema.org\/CreativeWork\" ><div class='avia_textblock'  itemprop=\"text\" ><p>La localizaci\u00f3n es algo m\u00e1s que la mera traducci\u00f3n de un texto: adapta la traducci\u00f3n a las respectivas condiciones culturales de un pa\u00eds. El texto debe ser comprensible en el pa\u00eds de destino respectivo y transmitirse de una manera que sea t\u00edpica del pa\u00eds. La localizaci\u00f3n es especialmente \u00fatil para aplicaciones, software, sitios web y juegos de ordenador.<\/p>\n<ul>\n<li>Aplicaciones<\/li>\n<li>Software<\/li>\n<li>Plataformas en l\u00ednea<\/li>\n<li>Sitios web<\/li>\n<li>Diarios electr\u00f3nicos<\/li>\n<\/ul>\n<\/div><\/section><\/p>\n<\/div><\/div>\n<\/div>\n\n<style type=\"text\/css\" data-created_by=\"avia_inline_auto\" id=\"style-css-av-1kmv1p-df6aa71bc4885b1410a870906b8a40c5\">\n.avia-section.av-1kmv1p-df6aa71bc4885b1410a870906b8a40c5{\nbackground-color:#295969;\nbackground-image:unset;\n}\n<\/style>\n<div id='av_section_2'  class='avia-section av-1kmv1p-df6aa71bc4885b1410a870906b8a40c5 main_color avia-section-default avia-no-border-styling  avia-builder-el-9  el_after_av_layout_row  avia-builder-el-last  avia-bg-style-scroll container_wrap sidebar_right'  ><div class='container av-section-cont-open' ><div class='template-page content  av-content-small alpha units'><div class='post-entry post-entry-type-page post-entry-2121'><div class='entry-content-wrapper clearfix'>\n\n<style type=\"text\/css\" data-created_by=\"avia_inline_auto\" id=\"style-css-av-1hkqjh-ce127ef78e6b3c5e7323ca1319438eda\">\n#top .av-special-heading.av-1hkqjh-ce127ef78e6b3c5e7323ca1319438eda{\npadding-bottom:10px;\ncolor:#ffffff;\n}\nbody .av-special-heading.av-1hkqjh-ce127ef78e6b3c5e7323ca1319438eda .av-special-heading-tag .heading-char{\nfont-size:25px;\n}\n.av-special-heading.av-1hkqjh-ce127ef78e6b3c5e7323ca1319438eda .special-heading-inner-border{\nborder-color:#ffffff;\n}\n.av-special-heading.av-1hkqjh-ce127ef78e6b3c5e7323ca1319438eda .av-subheading{\nfont-size:15px;\n}\n<\/style>\n<div  class='av-special-heading av-1hkqjh-ce127ef78e6b3c5e7323ca1319438eda av-special-heading-h1 custom-color-heading blockquote modern-quote  avia-builder-el-10  el_before_av_one_fourth  avia-builder-el-first '><h1 class='av-special-heading-tag '  itemprop=\"headline\"  >Otros Servicios<\/h1><div class=\"special-heading-border\"><div class=\"special-heading-inner-border\"><\/div><\/div><\/div>\n<div  class='flex_column av-1ak89h-3bbabc9f26d53ae69e3dd580f8f6e4de av_one_fourth  avia-builder-el-11  el_after_av_heading  el_before_av_one_fourth  first flex_column_div  '     ><div  class='avia-button-wrap avia-button-center  avia-builder-el-12  avia-builder-el-no-sibling '>\n<style type=\"text\/css\" data-created_by=\"avia_inline_auto\" id=\"style-css-av-116iut-34d7dca3ea95991d3ec281cfab621280\">\n#top #wrap_all .avia-button.av-116iut-34d7dca3ea95991d3ec281cfab621280:hover{\ncolor:white;\ntransition:all 0.4s ease-in-out;\n}\n<\/style>\n<a href='https:\/\/translationteam.eu\/es\/traduccion\/' class='avia-color-theme-color avia-font-color-theme-color avia-button avia-button-fullwidth av-116iut-34d7dca3ea95991d3ec281cfab621280 avia-icon_select-no avia-color-theme-color'   aria-label=\" Traducci\u00f3n\"><span class='avia_iconbox_title' > Traducci\u00f3n<\/span><span class='avia_button_background avia-button avia-button-fullwidth avia-color-theme-color-highlight'><\/span><\/a><\/div><\/div><div  class='flex_column av-w20vp-5c41de55872e7549a256e435a3c4dbce av_one_fourth  avia-builder-el-13  el_after_av_one_fourth  el_before_av_one_fourth  flex_column_div  '     ><div  class='avia-button-wrap avia-button-center  avia-builder-el-14  avia-builder-el-no-sibling '>\n<style type=\"text\/css\" data-created_by=\"avia_inline_auto\" id=\"style-css-av-rkzt9-906637a6ac080c090855f9c34993b182\">\n#top #wrap_all .avia-button.av-rkzt9-906637a6ac080c090855f9c34993b182:hover{\ncolor:white;\ntransition:all 0.4s ease-in-out;\n}\n<\/style>\n<a href='https:\/\/translationteam.eu\/es\/traduccion-automatica-ta-posedicion-pe\/' class='avia-color-theme-color avia-font-color-theme-color avia-button avia-button-fullwidth av-rkzt9-906637a6ac080c090855f9c34993b182 avia-icon_select-no avia-color-theme-color'   aria-label=\"Traducci\u00f3n autom\u00e1tica TA \/ Posedici\u00f3n PE\"><span class='avia_iconbox_title' >Traducci\u00f3n autom\u00e1tica TA \/ Posedici\u00f3n PE<\/span><span class='avia_button_background avia-button avia-button-fullwidth avia-color-theme-color-highlight'><\/span><\/a><\/div><\/div><div  class='flex_column av-27oyd-7e1c0382238b481a30b31457806018c4 av_one_fourth  avia-builder-el-15  el_after_av_one_fourth  el_before_av_one_fourth  flex_column_div  '     ><div  class='avia-button-wrap avia-button-center  avia-builder-el-16  avia-builder-el-no-sibling '>\n<style type=\"text\/css\" data-created_by=\"avia_inline_auto\" id=\"style-css-av-gggtx-0ab6f6e24ca64c6ec6385ab777f2cb70\">\n#top #wrap_all .avia-button.av-gggtx-0ab6f6e24ca64c6ec6385ab777f2cb70:hover{\ncolor:white;\ntransition:all 0.4s ease-in-out;\n}\n<\/style>\n<a href='https:\/\/translationteam.eu\/es\/traducciones-juradas\/' class='avia-color-theme-color avia-font-color-theme-color avia-button avia-button-fullwidth av-gggtx-0ab6f6e24ca64c6ec6385ab777f2cb70 avia-icon_select-no avia-color-theme-color'   aria-label=\"Traducci\u00f3n jurada\"><span class='avia_iconbox_title' >Traducci\u00f3n jurada<\/span><span class='avia_button_background avia-button avia-button-fullwidth avia-color-theme-color-highlight'><\/span><\/a><\/div><\/div><div  class='flex_column av-bsd4t-540794d82fd0506172472148feab1b6c av_one_fourth  avia-builder-el-17  el_after_av_one_fourth  avia-builder-el-last  flex_column_div  '     ><div  class='avia-button-wrap avia-button-center  avia-builder-el-18  avia-builder-el-no-sibling '>\n<style type=\"text\/css\" data-created_by=\"avia_inline_auto\" id=\"style-css-av-kuo20eb6-4c15f8251582aa1e0bcb669b8d29696b\">\n#top #wrap_all .avia-button.av-kuo20eb6-4c15f8251582aa1e0bcb669b8d29696b:hover{\ncolor:white;\ntransition:all 0.4s ease-in-out;\n}\n<\/style>\n<a href='https:\/\/translationteam.eu\/es\/revision-proofreading\/' class='avia-color-theme-color avia-font-color-theme-color avia-button avia-button-fullwidth av-kuo20eb6-4c15f8251582aa1e0bcb669b8d29696b avia-icon_select-no avia-color-theme-color'   aria-label=\" Revisi\u00f3n\/Proofreading\"><span class='avia_iconbox_title' > Revisi\u00f3n\/Proofreading<\/span><span class='avia_button_background avia-button avia-button-fullwidth avia-color-theme-color-highlight'><\/span><\/a><\/div><\/div><\/div><\/div><\/div><!-- close content main div --><\/div><\/div><div id='after_section_2'  class='main_color av_default_container_wrap container_wrap sidebar_right'  ><div class='container av-section-cont-open' ><div class='template-page content  av-content-small alpha units'><div class='post-entry post-entry-type-page post-entry-2121'><div class='entry-content-wrapper clearfix'>\n","protected":false},"excerpt":{"rendered":"","protected":false},"author":2,"featured_media":0,"parent":0,"menu_order":0,"comment_status":"closed","ping_status":"closed","template":"","meta":{"footnotes":""},"class_list":["post-2121","page","type-page","status-publish","hentry"],"yoast_head":"<!-- This site is optimized with the Yoast SEO plugin v24.3 - https:\/\/yoast.com\/wordpress\/plugins\/seo\/ -->\n<title>Localizaci\u00f3n - Translationteam<\/title>\n<meta name=\"description\" content=\"Lokalisierung - Angepasste \u00dcbersetzung an kulturelle Gegebenheiten. Besonders geeignet f\u00fcr Apps, Software, Websites und Computerspielen.\" \/>\n<meta name=\"robots\" content=\"index, follow, max-snippet:-1, max-image-preview:large, max-video-preview:-1\" \/>\n<link rel=\"canonical\" href=\"https:\/\/translationteam.eu\/es\/localizacion\/\" \/>\n<meta property=\"og:locale\" content=\"es_ES\" \/>\n<meta property=\"og:type\" content=\"article\" \/>\n<meta property=\"og:title\" content=\"Localizaci\u00f3n - Translationteam\" \/>\n<meta property=\"og:description\" content=\"Lokalisierung - Angepasste \u00dcbersetzung an kulturelle Gegebenheiten. Besonders geeignet f\u00fcr Apps, Software, Websites und Computerspielen.\" \/>\n<meta property=\"og:url\" content=\"https:\/\/translationteam.eu\/es\/localizacion\/\" \/>\n<meta property=\"og:site_name\" content=\"Translationteam\" \/>\n<meta property=\"article:modified_time\" content=\"2024-11-06T13:44:42+00:00\" \/>\n<meta name=\"twitter:card\" content=\"summary_large_image\" \/>\n<meta name=\"twitter:label1\" content=\"Tiempo de lectura\" \/>\n\t<meta name=\"twitter:data1\" content=\"2 minutos\" \/>\n<script type=\"application\/ld+json\" class=\"yoast-schema-graph\">{\"@context\":\"https:\/\/schema.org\",\"@graph\":[{\"@type\":\"WebPage\",\"@id\":\"https:\/\/translationteam.eu\/es\/localizacion\/\",\"url\":\"https:\/\/translationteam.eu\/es\/localizacion\/\",\"name\":\"Localizaci\u00f3n - Translationteam\",\"isPartOf\":{\"@id\":\"https:\/\/translationteam.eu\/#website\"},\"datePublished\":\"2024-11-05T09:29:29+00:00\",\"dateModified\":\"2024-11-06T13:44:42+00:00\",\"description\":\"Lokalisierung - Angepasste \u00dcbersetzung an kulturelle Gegebenheiten. Besonders geeignet f\u00fcr Apps, Software, Websites und Computerspielen.\",\"breadcrumb\":{\"@id\":\"https:\/\/translationteam.eu\/es\/localizacion\/#breadcrumb\"},\"inLanguage\":\"es\",\"potentialAction\":[{\"@type\":\"ReadAction\",\"target\":[\"https:\/\/translationteam.eu\/es\/localizacion\/\"]}]},{\"@type\":\"BreadcrumbList\",\"@id\":\"https:\/\/translationteam.eu\/es\/localizacion\/#breadcrumb\",\"itemListElement\":[{\"@type\":\"ListItem\",\"position\":1,\"name\":\"Startseite\",\"item\":\"https:\/\/translationteam.eu\/es\/home\/\"},{\"@type\":\"ListItem\",\"position\":2,\"name\":\"Localizaci\u00f3n\"}]},{\"@type\":\"WebSite\",\"@id\":\"https:\/\/translationteam.eu\/#website\",\"url\":\"https:\/\/translationteam.eu\/\",\"name\":\"Translationteam\",\"description\":\"\u00d6ffentlich bestellte und beeidigte Urkunden\u00fcbersetzerin\",\"potentialAction\":[{\"@type\":\"SearchAction\",\"target\":{\"@type\":\"EntryPoint\",\"urlTemplate\":\"https:\/\/translationteam.eu\/?s={search_term_string}\"},\"query-input\":{\"@type\":\"PropertyValueSpecification\",\"valueRequired\":true,\"valueName\":\"search_term_string\"}}],\"inLanguage\":\"es\"}]}<\/script>\n<!-- \/ Yoast SEO plugin. -->","yoast_head_json":{"title":"Localizaci\u00f3n - Translationteam","description":"Lokalisierung - Angepasste \u00dcbersetzung an kulturelle Gegebenheiten. Besonders geeignet f\u00fcr Apps, Software, Websites und Computerspielen.","robots":{"index":"index","follow":"follow","max-snippet":"max-snippet:-1","max-image-preview":"max-image-preview:large","max-video-preview":"max-video-preview:-1"},"canonical":"https:\/\/translationteam.eu\/es\/localizacion\/","og_locale":"es_ES","og_type":"article","og_title":"Localizaci\u00f3n - Translationteam","og_description":"Lokalisierung - Angepasste \u00dcbersetzung an kulturelle Gegebenheiten. Besonders geeignet f\u00fcr Apps, Software, Websites und Computerspielen.","og_url":"https:\/\/translationteam.eu\/es\/localizacion\/","og_site_name":"Translationteam","article_modified_time":"2024-11-06T13:44:42+00:00","twitter_card":"summary_large_image","twitter_misc":{"Tiempo de lectura":"2 minutos"},"schema":{"@context":"https:\/\/schema.org","@graph":[{"@type":"WebPage","@id":"https:\/\/translationteam.eu\/es\/localizacion\/","url":"https:\/\/translationteam.eu\/es\/localizacion\/","name":"Localizaci\u00f3n - Translationteam","isPartOf":{"@id":"https:\/\/translationteam.eu\/#website"},"datePublished":"2024-11-05T09:29:29+00:00","dateModified":"2024-11-06T13:44:42+00:00","description":"Lokalisierung - Angepasste \u00dcbersetzung an kulturelle Gegebenheiten. Besonders geeignet f\u00fcr Apps, Software, Websites und Computerspielen.","breadcrumb":{"@id":"https:\/\/translationteam.eu\/es\/localizacion\/#breadcrumb"},"inLanguage":"es","potentialAction":[{"@type":"ReadAction","target":["https:\/\/translationteam.eu\/es\/localizacion\/"]}]},{"@type":"BreadcrumbList","@id":"https:\/\/translationteam.eu\/es\/localizacion\/#breadcrumb","itemListElement":[{"@type":"ListItem","position":1,"name":"Startseite","item":"https:\/\/translationteam.eu\/es\/home\/"},{"@type":"ListItem","position":2,"name":"Localizaci\u00f3n"}]},{"@type":"WebSite","@id":"https:\/\/translationteam.eu\/#website","url":"https:\/\/translationteam.eu\/","name":"Translationteam","description":"\u00d6ffentlich bestellte und beeidigte Urkunden\u00fcbersetzerin","potentialAction":[{"@type":"SearchAction","target":{"@type":"EntryPoint","urlTemplate":"https:\/\/translationteam.eu\/?s={search_term_string}"},"query-input":{"@type":"PropertyValueSpecification","valueRequired":true,"valueName":"search_term_string"}}],"inLanguage":"es"}]}},"_links":{"self":[{"href":"https:\/\/translationteam.eu\/es\/wp-json\/wp\/v2\/pages\/2121","targetHints":{"allow":["GET"]}}],"collection":[{"href":"https:\/\/translationteam.eu\/es\/wp-json\/wp\/v2\/pages"}],"about":[{"href":"https:\/\/translationteam.eu\/es\/wp-json\/wp\/v2\/types\/page"}],"author":[{"embeddable":true,"href":"https:\/\/translationteam.eu\/es\/wp-json\/wp\/v2\/users\/2"}],"replies":[{"embeddable":true,"href":"https:\/\/translationteam.eu\/es\/wp-json\/wp\/v2\/comments?post=2121"}],"version-history":[{"count":5,"href":"https:\/\/translationteam.eu\/es\/wp-json\/wp\/v2\/pages\/2121\/revisions"}],"predecessor-version":[{"id":2361,"href":"https:\/\/translationteam.eu\/es\/wp-json\/wp\/v2\/pages\/2121\/revisions\/2361"}],"wp:attachment":[{"href":"https:\/\/translationteam.eu\/es\/wp-json\/wp\/v2\/media?parent=2121"}],"curies":[{"name":"wp","href":"https:\/\/api.w.org\/{rel}","templated":true}]}}