{"id":2122,"date":"2024-11-05T10:30:00","date_gmt":"2024-11-05T09:30:00","guid":{"rendered":"https:\/\/translationteam.eu\/machine-translation-mt-post-editing-pe\/"},"modified":"2024-11-18T13:30:31","modified_gmt":"2024-11-18T12:30:31","slug":"traduccion-automatica-ta-posedicion-pe","status":"publish","type":"page","link":"https:\/\/translationteam.eu\/es\/traduccion-automatica-ta-posedicion-pe\/","title":{"rendered":"Traducci\u00f3n autom\u00e1tica TA \/ Posedici\u00f3n PE"},"content":{"rendered":"<div id='layer_slider_1'  class='avia-layerslider main_color avia-shadow  avia-builder-el-0  el_before_av_section  avia-builder-el-first  container_wrap sidebar_right'  style='height: 822px; max-width: 2000px; margin: 0 auto;'  ><\/div>\n\n<style type=\"text\/css\" data-created_by=\"avia_inline_auto\" id=\"style-css-av-kk2kceho-255ab1ee4c13a51b06b6687c61b7c11e\">\n.avia-section.av-kk2kceho-255ab1ee4c13a51b06b6687c61b7c11e{\nbackground-color:#d4dee1;\nbackground-image:unset;\n}\n<\/style>\n<div id='av_section_1'  class='avia-section av-kk2kceho-255ab1ee4c13a51b06b6687c61b7c11e main_color avia-section-default avia-no-border-styling  avia-builder-el-1  el_after_av_layerslider  el_before_av_layout_row  avia-bg-style-scroll container_wrap sidebar_right'  ><div class='container av-section-cont-open' ><div class='template-page content  av-content-small alpha units'><div class='post-entry post-entry-type-page post-entry-2122'><div class='entry-content-wrapper clearfix'>\n\n<style type=\"text\/css\" data-created_by=\"avia_inline_auto\" id=\"style-css-av-kugupzco-e94880e894dbacc4f301234589d362c2\">\n#top .av-special-heading.av-kugupzco-e94880e894dbacc4f301234589d362c2{\npadding-bottom:10px;\n}\nbody .av-special-heading.av-kugupzco-e94880e894dbacc4f301234589d362c2 .av-special-heading-tag .heading-char{\nfont-size:25px;\n}\n.av-special-heading.av-kugupzco-e94880e894dbacc4f301234589d362c2 .av-subheading{\nfont-size:15px;\n}\n<\/style>\n<div  class='av-special-heading av-kugupzco-e94880e894dbacc4f301234589d362c2 av-special-heading-h1 blockquote modern-quote  avia-builder-el-2  avia-builder-el-no-sibling '><h1 class='av-special-heading-tag '  itemprop=\"headline\"  >Traducci\u00f3n autom\u00e1tica TA \/ Posedici\u00f3n PE<\/h1><div class=\"special-heading-border\"><div class=\"special-heading-inner-border\"><\/div><\/div><\/div>\n\n<\/div><\/div><\/div><!-- close content main div --><\/div><\/div><div id='av-layout-grid-1'  class='av-layout-grid-container av-1173nm-8cb4c9482bec7f67067668fc2f59d85d entry-content-wrapper main_color av-flex-cells  avia-builder-el-3  el_after_av_section  el_before_av_section  grid-row-not-first  container_wrap sidebar_right'  >\n\n<style type=\"text\/css\" data-created_by=\"avia_inline_auto\" id=\"style-css-av-34f5u-8e7b8a871ff0d2216e092dfa704c486f\">\n.flex_cell.av-34f5u-8e7b8a871ff0d2216e092dfa704c486f{\nvertical-align:top;\n}\n.responsive #top #wrap_all .flex_cell.av-34f5u-8e7b8a871ff0d2216e092dfa704c486f{\npadding:0px 0px 0px 0px !important;\n}\n<\/style>\n<div class='flex_cell av-34f5u-8e7b8a871ff0d2216e092dfa704c486f av-gridrow-cell av_one_half no_margin  avia-builder-el-4  el_before_av_cell_one_half  avia-builder-el-first  av-zero-padding'  ><div class='flex_cell_inner'>\n<style type=\"text\/css\" data-created_by=\"avia_inline_auto\" id=\"style-css-av-kugpcdyd-f02f0cbbe126d1289f7fd5388bc51d2f\">\n.avia-image-container.av-kugpcdyd-f02f0cbbe126d1289f7fd5388bc51d2f img.avia_image{\nbox-shadow:none;\n}\n.avia-image-container.av-kugpcdyd-f02f0cbbe126d1289f7fd5388bc51d2f .av-image-caption-overlay-center{\ncolor:#ffffff;\n}\n<\/style>\n<div  class='avia-image-container av-kugpcdyd-f02f0cbbe126d1289f7fd5388bc51d2f av-styling- avia_animated_image av-animated-when-visible-95 left-to-right avia-align-center  avia-builder-el-5  avia-builder-el-no-sibling '   itemprop=\"image\" itemscope=\"itemscope\" itemtype=\"https:\/\/schema.org\/ImageObject\" ><div class=\"avia-image-container-inner\"><div class=\"avia-image-overlay-wrap\"><img decoding=\"async\" fetchpriority=\"high\" class='wp-image-827 avia-img-lazy-loading-not-827 avia_image ' src=\"https:\/\/translationteam.eu\/wp-content\/uploads\/2021\/10\/uebersetzen_03.jpg\" alt='' title='uebersetzen_03'  height=\"1216\" width=\"1500\"  itemprop=\"thumbnailUrl\" srcset=\"https:\/\/translationteam.eu\/wp-content\/uploads\/2021\/10\/uebersetzen_03.jpg 1500w, https:\/\/translationteam.eu\/wp-content\/uploads\/2021\/10\/uebersetzen_03-300x243.jpg 300w, https:\/\/translationteam.eu\/wp-content\/uploads\/2021\/10\/uebersetzen_03-1030x835.jpg 1030w, https:\/\/translationteam.eu\/wp-content\/uploads\/2021\/10\/uebersetzen_03-768x623.jpg 768w, https:\/\/translationteam.eu\/wp-content\/uploads\/2021\/10\/uebersetzen_03-495x400.jpg 495w, https:\/\/translationteam.eu\/wp-content\/uploads\/2021\/10\/uebersetzen_03-845x684.jpg 845w, https:\/\/translationteam.eu\/wp-content\/uploads\/2021\/10\/uebersetzen_03-705x572.jpg 705w\" sizes=\"(max-width: 1500px) 100vw, 1500px\" \/><\/div><\/div><\/div>\n<\/div><\/div><div class='flex_cell av-qs4fe-bf99669f8eb061279f88e834ca742d36 av-gridrow-cell av_one_half no_margin  avia-builder-el-6  el_after_av_cell_one_half  avia-builder-el-last '  ><div class='flex_cell_inner'><section  class='av_textblock_section av-1yzne-1aa9c5d94f25765627c4a20be1dac7c8 '   itemscope=\"itemscope\" itemtype=\"https:\/\/schema.org\/CreativeWork\" ><div class='avia_textblock'  itemprop=\"text\" ><blockquote>\n<p><em>Las palabras son todo lo que tenemos.<\/em><\/p>\n<p><strong>Samuel Beckett<\/strong><\/p>\n<\/blockquote>\n<\/div><\/section><br \/>\n<section  class='av_textblock_section av-kugpex08-3000cafc0bc6e8e00a2249f0673c8ea4 '   itemscope=\"itemscope\" itemtype=\"https:\/\/schema.org\/CreativeWork\" ><div class='avia_textblock'  itemprop=\"text\" ><p>\u00bfQuiere que sus traducciones sean profesionales, r\u00e1pidas y econ\u00f3micas? \u00bfSus textos contienen pasajes repetidos? \u00bfDesea utilizar un glosario suyo espec\u00edfico? En ese caso, ser\u00eda la posedici\u00f3n de traducciones autom\u00e1ticas (PETA) lo que necesita.<br \/>\nLa <strong>TA<\/strong> (traducci\u00f3n autom\u00e1tica) y la <strong>PE<\/strong> (posedici\u00f3n) van de la mano. Un traductor revisa y edita un texto traducido de forma m\u00e1s o menos autom\u00e1tica para garantizar que todo est\u00e9 correcto: gram\u00e1tica, terminolog\u00eda, coherencia y estilo. El traductor cuenta con el apoyo de <strong>herramientas TAO<\/strong> (traducci\u00f3n asistida por ordenador o <strong>CAT Tools, computer-assisted translation<\/strong>). Contienen funciones para mejorar la coherencia y precisi\u00f3n del texto y trabajan con bases de datos, las llamadas <strong>memorias de traducci\u00f3n (MT)<\/strong>, textos traducidos previamente y <strong>bases terminol\u00f3gicas<\/strong> (glosarios).<br \/>\nLos segmentos ya traducidos se almacenan en una memoria de traducci\u00f3n para no tener que volver a traducirlos.\u00a0La <strong>MT<\/strong> aumenta la eficacia del proceso de traducci\u00f3n y mejora tanto la calidad como la coherencia del texto traducido. Tambi\u00e9n puede utilizarse para crear bases de datos terminol\u00f3gicas y glosarios espec\u00edficos del cliente o del sector.<br \/>\n<strong>Trabajar con herramientas TAO de \u00faltima generaci\u00f3n: Trados Studio 2021 y MemoQ Versi\u00f3n 9.0 <\/strong><\/p>\n<p>\u00bfY qu\u00e9 ventajas tiene eso para usted?<br \/>\nUsted se beneficia de:<\/p>\n<ul>\n<li>procesos de traducci\u00f3n m\u00e1s r\u00e1pidos<\/li>\n<li>mayor precisi\u00f3n<\/li>\n<li>mayor coherencia del texto<\/li>\n<li>traducciones de calidad<\/li>\n<\/ul>\n<\/div><\/section><br \/>\n\n<style type=\"text\/css\" data-created_by=\"avia_inline_auto\" id=\"style-css-av-kugvc0co-87bd297fa7ae46d58ed93fe637886c1c\">\n.avia-image-container.av-kugvc0co-87bd297fa7ae46d58ed93fe637886c1c img.avia_image{\nbox-shadow:none;\n}\n.avia-image-container.av-kugvc0co-87bd297fa7ae46d58ed93fe637886c1c .av-image-caption-overlay-center{\ncolor:#ffffff;\n}\n<\/style>\n<div  class='avia-image-container av-kugvc0co-87bd297fa7ae46d58ed93fe637886c1c av-styling- avia-align-center  avia-builder-el-9  el_after_av_textblock  avia-builder-el-last '   itemprop=\"image\" itemscope=\"itemscope\" itemtype=\"https:\/\/schema.org\/ImageObject\" ><div class=\"avia-image-container-inner\"><div class=\"avia-image-overlay-wrap\"><img decoding=\"async\" fetchpriority=\"high\" class='wp-image-752 avia-img-lazy-loading-not-752 avia_image ' src=\"https:\/\/translationteam.eu\/wp-content\/uploads\/2021\/10\/logos_software-1.jpg\" alt='' title='logos_software'  height=\"275\" width=\"1500\"  itemprop=\"thumbnailUrl\" srcset=\"https:\/\/translationteam.eu\/wp-content\/uploads\/2021\/10\/logos_software-1.jpg 1500w, https:\/\/translationteam.eu\/wp-content\/uploads\/2021\/10\/logos_software-1-300x55.jpg 300w, https:\/\/translationteam.eu\/wp-content\/uploads\/2021\/10\/logos_software-1-1030x189.jpg 1030w, https:\/\/translationteam.eu\/wp-content\/uploads\/2021\/10\/logos_software-1-768x141.jpg 768w, https:\/\/translationteam.eu\/wp-content\/uploads\/2021\/10\/logos_software-1-705x129.jpg 705w\" sizes=\"(max-width: 1500px) 100vw, 1500px\" \/><\/div><\/div><\/div><\/p>\n<\/div><\/div><\/div>\n<style type=\"text\/css\" data-created_by=\"avia_inline_auto\" id=\"style-css-av-1pju5z-e30b9cec890e101e4ead11f067d6e854\">\n.avia-section.av-1pju5z-e30b9cec890e101e4ead11f067d6e854{\nbackground-color:#295969;\nbackground-image:unset;\n}\n<\/style>\n<div id='av_section_2'  class='avia-section av-1pju5z-e30b9cec890e101e4ead11f067d6e854 main_color avia-section-default avia-no-border-styling  avia-builder-el-10  el_after_av_layout_row  avia-builder-el-last  avia-bg-style-scroll container_wrap sidebar_right'  ><div class='container av-section-cont-open' ><div class='template-page content  av-content-small alpha units'><div class='post-entry post-entry-type-page post-entry-2122'><div class='entry-content-wrapper clearfix'>\n\n<style type=\"text\/css\" data-created_by=\"avia_inline_auto\" id=\"style-css-av-1jc3dr-84214a713aaec914002570d942ed19b7\">\n#top .av-special-heading.av-1jc3dr-84214a713aaec914002570d942ed19b7{\npadding-bottom:10px;\ncolor:#ffffff;\n}\nbody .av-special-heading.av-1jc3dr-84214a713aaec914002570d942ed19b7 .av-special-heading-tag .heading-char{\nfont-size:25px;\n}\n.av-special-heading.av-1jc3dr-84214a713aaec914002570d942ed19b7 .special-heading-inner-border{\nborder-color:#ffffff;\n}\n.av-special-heading.av-1jc3dr-84214a713aaec914002570d942ed19b7 .av-subheading{\nfont-size:15px;\n}\n<\/style>\n<div  class='av-special-heading av-1jc3dr-84214a713aaec914002570d942ed19b7 av-special-heading-h1 custom-color-heading blockquote modern-quote  avia-builder-el-11  el_before_av_one_fourth  avia-builder-el-first '><h1 class='av-special-heading-tag '  itemprop=\"headline\"  >Otros Servicios<\/h1><div class=\"special-heading-border\"><div class=\"special-heading-inner-border\"><\/div><\/div><\/div>\n<div  class='flex_column av-1gbj7b-72be0e3d0080bc4ae9641b26d884c93e av_one_fourth  avia-builder-el-12  el_after_av_heading  el_before_av_one_fourth  first flex_column_div  '     ><div  class='avia-button-wrap avia-button-center  avia-builder-el-13  avia-builder-el-no-sibling '>\n<style type=\"text\/css\" data-created_by=\"avia_inline_auto\" id=\"style-css-av-18iov3-f3fc893becdafae1b1e384e8f5028cf9\">\n#top #wrap_all .avia-button.av-18iov3-f3fc893becdafae1b1e384e8f5028cf9:hover{\ncolor:white;\ntransition:all 0.4s ease-in-out;\n}\n<\/style>\n<a href='https:\/\/translationteam.eu\/es\/traduccion\/' class='avia-color-theme-color avia-font-color-theme-color avia-button avia-button-fullwidth av-18iov3-f3fc893becdafae1b1e384e8f5028cf9 avia-icon_select-no avia-color-theme-color'   aria-label=\"Traducci\u00f3n\"><span class='avia_iconbox_title' >Traducci\u00f3n<\/span><span class='avia_button_background avia-button avia-button-fullwidth avia-color-theme-color-highlight'><\/span><\/a><\/div><\/div><div  class='flex_column av-12togn-5a746588d7799aaad42ce1289899c950 av_one_fourth  avia-builder-el-14  el_after_av_one_fourth  el_before_av_one_fourth  flex_column_div  '     ><div  class='avia-button-wrap avia-button-center  avia-builder-el-15  avia-builder-el-no-sibling '>\n<style type=\"text\/css\" data-created_by=\"avia_inline_auto\" id=\"style-css-av-wlt1r-8e97539fd0f5aac0e7ddb99977c076ed\">\n#top #wrap_all .avia-button.av-wlt1r-8e97539fd0f5aac0e7ddb99977c076ed:hover{\ncolor:white;\ntransition:all 0.4s ease-in-out;\n}\n<\/style>\n<a href='https:\/\/translationteam.eu\/es\/traducciones-juradas\/' class='avia-color-theme-color avia-font-color-theme-color avia-button avia-button-fullwidth av-wlt1r-8e97539fd0f5aac0e7ddb99977c076ed avia-icon_select-no avia-color-theme-color'   aria-label=\"Traducci\u00f3n jurada\"><span class='avia_iconbox_title' >Traducci\u00f3n jurada<\/span><span class='avia_button_background avia-button avia-button-fullwidth avia-color-theme-color-highlight'><\/span><\/a><\/div><\/div><div  class='flex_column av-p3q1z-ce9e63accf45650fc9e5a46d378a6511 av_one_fourth  avia-builder-el-16  el_after_av_one_fourth  el_before_av_one_fourth  flex_column_div  '     ><div  class='avia-button-wrap avia-button-center  avia-builder-el-17  avia-builder-el-no-sibling '>\n<style type=\"text\/css\" data-created_by=\"avia_inline_auto\" id=\"style-css-av-kdjif-0ad63b42557389e92f18084fca37978b\">\n#top #wrap_all .avia-button.av-kdjif-0ad63b42557389e92f18084fca37978b:hover{\ncolor:white;\ntransition:all 0.4s ease-in-out;\n}\n<\/style>\n<a href='https:\/\/translationteam.eu\/es\/localizacion\/' class='avia-color-theme-color avia-font-color-theme-color avia-button avia-button-fullwidth av-kdjif-0ad63b42557389e92f18084fca37978b avia-icon_select-no avia-color-theme-color'   aria-label=\"Localizaci\u00f3n\"><span class='avia_iconbox_title' >Localizaci\u00f3n<\/span><span class='avia_button_background avia-button avia-button-fullwidth avia-color-theme-color-highlight'><\/span><\/a><\/div><\/div><div  class='flex_column av-gp62v-faaf922c4874d2ca425cf4807fa49a9b av_one_fourth  avia-builder-el-18  el_after_av_one_fourth  avia-builder-el-last  flex_column_div  '     ><div  class='avia-button-wrap avia-button-center  avia-builder-el-19  avia-builder-el-no-sibling '>\n<style type=\"text\/css\" data-created_by=\"avia_inline_auto\" id=\"style-css-av-8vek7-9384a90dbd1b1d608bd2b6e01f74f3b0\">\n#top #wrap_all .avia-button.av-8vek7-9384a90dbd1b1d608bd2b6e01f74f3b0:hover{\ncolor:white;\ntransition:all 0.4s ease-in-out;\n}\n<\/style>\n<a href='https:\/\/translationteam.eu\/es\/revision-proofreading\/' class='avia-color-theme-color avia-font-color-theme-color avia-button avia-button-fullwidth av-8vek7-9384a90dbd1b1d608bd2b6e01f74f3b0 avia-icon_select-no avia-color-theme-color'   aria-label=\"Revisi\u00f3n\/Proofreading\"><span class='avia_iconbox_title' >Revisi\u00f3n\/Proofreading<\/span><span class='avia_button_background avia-button avia-button-fullwidth avia-color-theme-color-highlight'><\/span><\/a><\/div><\/div>\n<\/div><\/div><\/div><!-- close content main div --><\/div><\/div><div id='after_section_2'  class='main_color av_default_container_wrap container_wrap sidebar_right'  ><div class='container av-section-cont-open' ><div class='template-page content  av-content-small alpha units'><div class='post-entry post-entry-type-page post-entry-2122'><div class='entry-content-wrapper clearfix'><\/p>\n","protected":false},"excerpt":{"rendered":"","protected":false},"author":2,"featured_media":0,"parent":0,"menu_order":0,"comment_status":"closed","ping_status":"closed","template":"","meta":{"footnotes":""},"class_list":["post-2122","page","type-page","status-publish","hentry"],"yoast_head":"<!-- This site is optimized with the Yoast SEO plugin v24.3 - https:\/\/yoast.com\/wordpress\/plugins\/seo\/ -->\n<title>Traducci\u00f3n autom\u00e1tica TA \/ Posedici\u00f3n PE - Translationteam<\/title>\n<meta name=\"description\" content=\"Maschinelle \u00dcbersetzung und Nachbearbeitung, das Translation Team \u00fcbersetzt f\u00fcr Sie professionell, schnell und kosteng\u00fcnstig.\" \/>\n<meta name=\"robots\" content=\"index, follow, max-snippet:-1, max-image-preview:large, max-video-preview:-1\" \/>\n<link rel=\"canonical\" href=\"https:\/\/translationteam.eu\/es\/traduccion-automatica-ta-posedicion-pe\/\" \/>\n<meta property=\"og:locale\" content=\"es_ES\" \/>\n<meta property=\"og:type\" content=\"article\" \/>\n<meta property=\"og:title\" content=\"Traducci\u00f3n autom\u00e1tica TA \/ Posedici\u00f3n PE - Translationteam\" \/>\n<meta property=\"og:description\" content=\"Maschinelle \u00dcbersetzung und Nachbearbeitung, das Translation Team \u00fcbersetzt f\u00fcr Sie professionell, schnell und kosteng\u00fcnstig.\" \/>\n<meta property=\"og:url\" content=\"https:\/\/translationteam.eu\/es\/traduccion-automatica-ta-posedicion-pe\/\" \/>\n<meta property=\"og:site_name\" content=\"Translationteam\" \/>\n<meta property=\"article:modified_time\" content=\"2024-11-18T12:30:31+00:00\" \/>\n<meta name=\"twitter:card\" content=\"summary_large_image\" \/>\n<meta name=\"twitter:label1\" content=\"Tiempo de lectura\" \/>\n\t<meta name=\"twitter:data1\" content=\"2 minutos\" \/>\n<script type=\"application\/ld+json\" class=\"yoast-schema-graph\">{\"@context\":\"https:\/\/schema.org\",\"@graph\":[{\"@type\":\"WebPage\",\"@id\":\"https:\/\/translationteam.eu\/es\/traduccion-automatica-ta-posedicion-pe\/\",\"url\":\"https:\/\/translationteam.eu\/es\/traduccion-automatica-ta-posedicion-pe\/\",\"name\":\"Traducci\u00f3n autom\u00e1tica TA \/ Posedici\u00f3n PE - Translationteam\",\"isPartOf\":{\"@id\":\"https:\/\/translationteam.eu\/#website\"},\"datePublished\":\"2024-11-05T09:30:00+00:00\",\"dateModified\":\"2024-11-18T12:30:31+00:00\",\"description\":\"Maschinelle \u00dcbersetzung und Nachbearbeitung, das Translation Team \u00fcbersetzt f\u00fcr Sie professionell, schnell und kosteng\u00fcnstig.\",\"breadcrumb\":{\"@id\":\"https:\/\/translationteam.eu\/es\/traduccion-automatica-ta-posedicion-pe\/#breadcrumb\"},\"inLanguage\":\"es\",\"potentialAction\":[{\"@type\":\"ReadAction\",\"target\":[\"https:\/\/translationteam.eu\/es\/traduccion-automatica-ta-posedicion-pe\/\"]}]},{\"@type\":\"BreadcrumbList\",\"@id\":\"https:\/\/translationteam.eu\/es\/traduccion-automatica-ta-posedicion-pe\/#breadcrumb\",\"itemListElement\":[{\"@type\":\"ListItem\",\"position\":1,\"name\":\"Startseite\",\"item\":\"https:\/\/translationteam.eu\/es\/home\/\"},{\"@type\":\"ListItem\",\"position\":2,\"name\":\"Traducci\u00f3n autom\u00e1tica TA \/ Posedici\u00f3n PE\"}]},{\"@type\":\"WebSite\",\"@id\":\"https:\/\/translationteam.eu\/#website\",\"url\":\"https:\/\/translationteam.eu\/\",\"name\":\"Translationteam\",\"description\":\"\u00d6ffentlich bestellte und beeidigte Urkunden\u00fcbersetzerin\",\"potentialAction\":[{\"@type\":\"SearchAction\",\"target\":{\"@type\":\"EntryPoint\",\"urlTemplate\":\"https:\/\/translationteam.eu\/?s={search_term_string}\"},\"query-input\":{\"@type\":\"PropertyValueSpecification\",\"valueRequired\":true,\"valueName\":\"search_term_string\"}}],\"inLanguage\":\"es\"}]}<\/script>\n<!-- \/ Yoast SEO plugin. -->","yoast_head_json":{"title":"Traducci\u00f3n autom\u00e1tica TA \/ Posedici\u00f3n PE - Translationteam","description":"Maschinelle \u00dcbersetzung und Nachbearbeitung, das Translation Team \u00fcbersetzt f\u00fcr Sie professionell, schnell und kosteng\u00fcnstig.","robots":{"index":"index","follow":"follow","max-snippet":"max-snippet:-1","max-image-preview":"max-image-preview:large","max-video-preview":"max-video-preview:-1"},"canonical":"https:\/\/translationteam.eu\/es\/traduccion-automatica-ta-posedicion-pe\/","og_locale":"es_ES","og_type":"article","og_title":"Traducci\u00f3n autom\u00e1tica TA \/ Posedici\u00f3n PE - Translationteam","og_description":"Maschinelle \u00dcbersetzung und Nachbearbeitung, das Translation Team \u00fcbersetzt f\u00fcr Sie professionell, schnell und kosteng\u00fcnstig.","og_url":"https:\/\/translationteam.eu\/es\/traduccion-automatica-ta-posedicion-pe\/","og_site_name":"Translationteam","article_modified_time":"2024-11-18T12:30:31+00:00","twitter_card":"summary_large_image","twitter_misc":{"Tiempo de lectura":"2 minutos"},"schema":{"@context":"https:\/\/schema.org","@graph":[{"@type":"WebPage","@id":"https:\/\/translationteam.eu\/es\/traduccion-automatica-ta-posedicion-pe\/","url":"https:\/\/translationteam.eu\/es\/traduccion-automatica-ta-posedicion-pe\/","name":"Traducci\u00f3n autom\u00e1tica TA \/ Posedici\u00f3n PE - Translationteam","isPartOf":{"@id":"https:\/\/translationteam.eu\/#website"},"datePublished":"2024-11-05T09:30:00+00:00","dateModified":"2024-11-18T12:30:31+00:00","description":"Maschinelle \u00dcbersetzung und Nachbearbeitung, das Translation Team \u00fcbersetzt f\u00fcr Sie professionell, schnell und kosteng\u00fcnstig.","breadcrumb":{"@id":"https:\/\/translationteam.eu\/es\/traduccion-automatica-ta-posedicion-pe\/#breadcrumb"},"inLanguage":"es","potentialAction":[{"@type":"ReadAction","target":["https:\/\/translationteam.eu\/es\/traduccion-automatica-ta-posedicion-pe\/"]}]},{"@type":"BreadcrumbList","@id":"https:\/\/translationteam.eu\/es\/traduccion-automatica-ta-posedicion-pe\/#breadcrumb","itemListElement":[{"@type":"ListItem","position":1,"name":"Startseite","item":"https:\/\/translationteam.eu\/es\/home\/"},{"@type":"ListItem","position":2,"name":"Traducci\u00f3n autom\u00e1tica TA \/ Posedici\u00f3n PE"}]},{"@type":"WebSite","@id":"https:\/\/translationteam.eu\/#website","url":"https:\/\/translationteam.eu\/","name":"Translationteam","description":"\u00d6ffentlich bestellte und beeidigte Urkunden\u00fcbersetzerin","potentialAction":[{"@type":"SearchAction","target":{"@type":"EntryPoint","urlTemplate":"https:\/\/translationteam.eu\/?s={search_term_string}"},"query-input":{"@type":"PropertyValueSpecification","valueRequired":true,"valueName":"search_term_string"}}],"inLanguage":"es"}]}},"_links":{"self":[{"href":"https:\/\/translationteam.eu\/es\/wp-json\/wp\/v2\/pages\/2122","targetHints":{"allow":["GET"]}}],"collection":[{"href":"https:\/\/translationteam.eu\/es\/wp-json\/wp\/v2\/pages"}],"about":[{"href":"https:\/\/translationteam.eu\/es\/wp-json\/wp\/v2\/types\/page"}],"author":[{"embeddable":true,"href":"https:\/\/translationteam.eu\/es\/wp-json\/wp\/v2\/users\/2"}],"replies":[{"embeddable":true,"href":"https:\/\/translationteam.eu\/es\/wp-json\/wp\/v2\/comments?post=2122"}],"version-history":[{"count":7,"href":"https:\/\/translationteam.eu\/es\/wp-json\/wp\/v2\/pages\/2122\/revisions"}],"predecessor-version":[{"id":2427,"href":"https:\/\/translationteam.eu\/es\/wp-json\/wp\/v2\/pages\/2122\/revisions\/2427"}],"wp:attachment":[{"href":"https:\/\/translationteam.eu\/es\/wp-json\/wp\/v2\/media?parent=2122"}],"curies":[{"name":"wp","href":"https:\/\/api.w.org\/{rel}","templated":true}]}}