{"id":2124,"date":"2024-11-05T10:30:36","date_gmt":"2024-11-05T09:30:36","guid":{"rendered":"https:\/\/translationteam.eu\/natur-und-umwelt\/"},"modified":"2024-11-06T13:54:53","modified_gmt":"2024-11-06T12:54:53","slug":"naturaleza-y-medio-ambiente","status":"publish","type":"page","link":"https:\/\/translationteam.eu\/es\/naturaleza-y-medio-ambiente\/","title":{"rendered":"Naturaleza y Medio Ambiente"},"content":{"rendered":"<div id='layer_slider_1'  class='avia-layerslider main_color avia-shadow  avia-builder-el-0  el_before_av_section  avia-builder-el-first  container_wrap sidebar_right'  style='height: 822px; max-width: 2000px; margin: 0 auto;'  ><\/div>\n\n<style type=\"text\/css\" data-created_by=\"avia_inline_auto\" id=\"style-css-av-kk2kceho-255ab1ee4c13a51b06b6687c61b7c11e\">\n.avia-section.av-kk2kceho-255ab1ee4c13a51b06b6687c61b7c11e{\nbackground-color:#d4dee1;\nbackground-image:unset;\n}\n<\/style>\n<div id='av_section_1'  class='avia-section av-kk2kceho-255ab1ee4c13a51b06b6687c61b7c11e main_color avia-section-default avia-no-border-styling  avia-builder-el-1  el_after_av_layerslider  el_before_av_section  avia-bg-style-scroll container_wrap sidebar_right'  ><div class='container av-section-cont-open' ><div class='template-page content  av-content-small alpha units'><div class='post-entry post-entry-type-page post-entry-2124'><div class='entry-content-wrapper clearfix'>\n\n<style type=\"text\/css\" data-created_by=\"avia_inline_auto\" id=\"style-css-av-kugupzco-23286ee9ff7179e9ccfa00a5e075317c\">\n#top .av-special-heading.av-kugupzco-23286ee9ff7179e9ccfa00a5e075317c{\npadding-bottom:10px;\n}\nbody .av-special-heading.av-kugupzco-23286ee9ff7179e9ccfa00a5e075317c .av-special-heading-tag .heading-char{\nfont-size:25px;\n}\n.av-special-heading.av-kugupzco-23286ee9ff7179e9ccfa00a5e075317c .av-subheading{\nfont-size:15px;\n}\n<\/style>\n<div  class='av-special-heading av-kugupzco-23286ee9ff7179e9ccfa00a5e075317c av-special-heading-h1 blockquote modern-quote modern-centered  avia-builder-el-2  avia-builder-el-no-sibling '><h1 class='av-special-heading-tag '  itemprop=\"headline\"  >NATURALEZA Y MEDIO AMBIENTE<\/h1><div class=\"special-heading-border\"><div class=\"special-heading-inner-border\"><\/div><\/div><\/div>\n<\/div><\/div><\/div><!-- close content main div --><\/div><\/div>\n<style type=\"text\/css\" data-created_by=\"avia_inline_auto\" id=\"style-css-av-fvi7p-529ac436f34c201590793e432fb8ba99\">\n.avia-section.av-fvi7p-529ac436f34c201590793e432fb8ba99{\nbackground-color:#e9eef0;\nbackground-image:unset;\n}\n<\/style>\n<div id='av_section_2'  class='avia-section av-fvi7p-529ac436f34c201590793e432fb8ba99 main_color avia-section-default avia-no-border-styling  avia-builder-el-3  el_after_av_section  el_before_av_section  avia-bg-style-scroll container_wrap sidebar_right'  ><div class='container av-section-cont-open' ><div class='template-page content  av-content-small alpha units'><div class='post-entry post-entry-type-page post-entry-2124'><div class='entry-content-wrapper clearfix'>\n<section  class='av_textblock_section av-kugyr8sz-ce0f756ca09d83caed6aa94106795bce '   itemscope=\"itemscope\" itemtype=\"https:\/\/schema.org\/CreativeWork\" ><div class='avia_textblock'  itemprop=\"text\" ><p style=\"text-align: center;\">La humanidad se enfrenta actualmente a uno de sus mayores desaf\u00edos. Nuestro planeta Tierra se ha enfermado; est\u00e1 enfermo debido a acciones da\u00f1inas para el medio ambiente por parte de los humanos. La producci\u00f3n industrial, el transporte, la explotaci\u00f3n incontrolada de los recursos, el uso intensivo del suelo, el crecimiento demogr\u00e1fico y otros factores est\u00e1n provocando que se alcancen o ya se hayan superado los l\u00edmites ecol\u00f3gicos. Estamos experimentando las consecuencias de primera mano: el cambio clim\u00e1tico en forma de condiciones meteorol\u00f3gicas extremas, inundaciones y sequ\u00edas, calentamiento global, contaminaci\u00f3n de los oc\u00e9anos del mundo, extinci\u00f3n de especies, envenenamiento del suelo, por nombrar solo algunas. Esto hace a\u00fan m\u00e1s urgente que dejemos de destruir la base de nuestra existencia.<\/p>\n<p style=\"text-align: center;\">Nuestro planeta solo puede estar sano si vivimos en armon\u00eda con sus ecosistemas. Su futuro, y el nuestro, est\u00e1 en nuestras manos.<\/p>\n<\/div><\/section>\n\n<style type=\"text\/css\" data-created_by=\"avia_inline_auto\" id=\"style-css-av-kugy1wqj-0bd18fff08900ae82d1555321b86c468\">\n#top .av-special-heading.av-kugy1wqj-0bd18fff08900ae82d1555321b86c468{\npadding-bottom:10px;\n}\nbody .av-special-heading.av-kugy1wqj-0bd18fff08900ae82d1555321b86c468 .av-special-heading-tag .heading-char{\nfont-size:25px;\n}\n.av-special-heading.av-kugy1wqj-0bd18fff08900ae82d1555321b86c468 .av-subheading{\nfont-size:15px;\n}\n<\/style>\n<div  class='av-special-heading av-kugy1wqj-0bd18fff08900ae82d1555321b86c468 av-special-heading-h3 blockquote modern-quote modern-centered  avia-builder-el-5  el_after_av_textblock  avia-builder-el-last '><h3 class='av-special-heading-tag '  itemprop=\"headline\"  >Protecci\u00f3n del medio ambiente l Cambio clim\u00e1tico l Sostenibilidad l Medicina medioambiental l Aerogeneradores l Tecnolog\u00eda solar l Energ\u00edas alternativas<\/h3><div class=\"special-heading-border\"><div class=\"special-heading-inner-border\"><\/div><\/div><\/div>\n<\/p>\n<\/div><\/div><\/div><!-- close content main div --><\/div><\/div>\n<style type=\"text\/css\" data-created_by=\"avia_inline_auto\" id=\"style-css-av-kugzqkn6-66e281a590d809ae5619f9ed17bd5124\">\n.avia-section.av-kugzqkn6-66e281a590d809ae5619f9ed17bd5124 .av-parallax .av-parallax-inner{\nbackground-color:#d4dee1;\nbackground-image:url(https:\/\/translationteam.eu\/wp-content\/uploads\/2021\/12\/natur_breit-1.jpg);\nbackground-repeat:no-repeat;\nbackground-position:0% 0%;\nbackground-attachment:scroll;\n}\n<\/style>\n<div id='av_section_3'  class='avia-section av-kugzqkn6-66e281a590d809ae5619f9ed17bd5124 main_color avia-section-default avia-no-border-styling  avia-builder-el-6  el_after_av_section  el_before_av_section  av-parallax-section avia-bg-style-parallax container_wrap sidebar_right'  data-section-bg-repeat='no-repeat'><div class='av-parallax' data-avia-parallax-ratio='0.3' ><div class='av-parallax-inner main_color avia-full-stretch'><\/div><\/div><div class='container av-section-cont-open' ><div class='template-page content  av-content-small alpha units'><div class='post-entry post-entry-type-page post-entry-2124'><div class='entry-content-wrapper clearfix'>\n\n<style type=\"text\/css\" data-created_by=\"avia_inline_auto\" id=\"style-css-av-kwxkowlk-45e5d2855d7244d9d7e82e1d26a8c8ed\">\n#top .av-special-heading.av-kwxkowlk-45e5d2855d7244d9d7e82e1d26a8c8ed{\npadding-bottom:10px;\ncolor:#ffffff;\n}\nbody .av-special-heading.av-kwxkowlk-45e5d2855d7244d9d7e82e1d26a8c8ed .av-special-heading-tag .heading-char{\nfont-size:25px;\n}\n.av-special-heading.av-kwxkowlk-45e5d2855d7244d9d7e82e1d26a8c8ed .special-heading-inner-border{\nborder-color:#ffffff;\n}\n.av-special-heading.av-kwxkowlk-45e5d2855d7244d9d7e82e1d26a8c8ed .av-subheading{\nfont-size:15px;\n}\n<\/style>\n<div  class='av-special-heading av-kwxkowlk-45e5d2855d7244d9d7e82e1d26a8c8ed av-special-heading-h3 custom-color-heading blockquote modern-quote modern-centered  avia-builder-el-7  el_before_av_hr  avia-builder-el-first '><h3 class='av-special-heading-tag '  itemprop=\"headline\"  >Art\u00edculos especializados l Libros sobre animales l P\u00e1ginas web l Presentaciones l Patentes<\/h3><div class=\"special-heading-border\"><div class=\"special-heading-inner-border\"><\/div><\/div><\/div>\n\n<style type=\"text\/css\" data-created_by=\"avia_inline_auto\" id=\"style-css-av-6r9ba-a37d7d95adf109d143126b3c98dee719\">\n#top .hr.hr-invisible.av-6r9ba-a37d7d95adf109d143126b3c98dee719{\nheight:100px;\n}\n<\/style>\n<div  class='hr av-6r9ba-a37d7d95adf109d143126b3c98dee719 hr-invisible  avia-builder-el-8  el_after_av_heading  el_before_av_one_fifth '><span class='hr-inner '><span class=\"hr-inner-style\"><\/span><\/span><\/div>\n<div  class='flex_column av-dqwik-cf9aeee353b94bc28ab4d8a8d98cdd70 av_one_fifth  avia-builder-el-9  el_after_av_hr  el_before_av_three_fifth  first flex_column_div  '     ><style type=\"text\/css\" data-created_by=\"avia_inline_auto\" id=\"style-css-av-7ohv0-215707ad7559e69dea982168385f2880\">\n#top .av_textblock_section.av-7ohv0-215707ad7559e69dea982168385f2880 .avia_textblock{\ncolor:#ffffff;\n}\n<\/style>\n<section  class='av_textblock_section av-7ohv0-215707ad7559e69dea982168385f2880 '   itemscope=\"itemscope\" itemtype=\"https:\/\/schema.org\/CreativeWork\" ><div class='avia_textblock av_inherit_color'  itemprop=\"text\" ><\/div><\/section><\/div><div  class='flex_column av-tezm4-3171fbbe8e34ac1ab9ac589f558936d8 av_three_fifth  avia-builder-el-11  el_after_av_one_fifth  el_before_av_one_fifth  flex_column_div  '     ><p>\n<style type=\"text\/css\" data-created_by=\"avia_inline_auto\" id=\"style-css-av-kwnqr91m-e27c32c7d6fc57e1aa40d6c22374edf7\">\n.avia-image-container.av-kwnqr91m-e27c32c7d6fc57e1aa40d6c22374edf7 img.avia_image{\nbox-shadow:none;\n}\n.avia-image-container.av-kwnqr91m-e27c32c7d6fc57e1aa40d6c22374edf7 .av-image-caption-overlay-center{\ncolor:#ffffff;\n}\n<\/style>\n<div  class='avia-image-container av-kwnqr91m-e27c32c7d6fc57e1aa40d6c22374edf7 av-styling- av-img-linked avia-align-center  avia-builder-el-12  el_before_av_textblock  avia-builder-el-first '   itemprop=\"image\" itemscope=\"itemscope\" itemtype=\"https:\/\/schema.org\/ImageObject\" ><div class=\"avia-image-container-inner\"><div class=\"avia-image-overlay-wrap\"><a href=\"https:\/\/translationteam.eu\/wp-content\/uploads\/2021\/12\/arbeitsprobe_natur_umwelt.pdf\" class='avia_image '  target=\"_blank\"  rel=\"noopener noreferrer\" aria-label='ES_arbeitsprobe'><img decoding=\"async\" fetchpriority=\"high\" class='wp-image-2193 avia-img-lazy-loading-not-2193 avia_image ' src=\"https:\/\/translationteam.eu\/wp-content\/uploads\/2024\/11\/ES_arbeitsprobe.png\" alt='' title='ES_arbeitsprobe'  height=\"705\" width=\"1020\"  itemprop=\"thumbnailUrl\" srcset=\"https:\/\/translationteam.eu\/wp-content\/uploads\/2024\/11\/ES_arbeitsprobe.png 1020w, https:\/\/translationteam.eu\/wp-content\/uploads\/2024\/11\/ES_arbeitsprobe-300x207.png 300w, https:\/\/translationteam.eu\/wp-content\/uploads\/2024\/11\/ES_arbeitsprobe-768x531.png 768w, https:\/\/translationteam.eu\/wp-content\/uploads\/2024\/11\/ES_arbeitsprobe-705x487.png 705w\" sizes=\"(max-width: 1020px) 100vw, 1020px\" \/><\/a><\/div><\/div><\/div><br \/>\n\n<style type=\"text\/css\" data-created_by=\"avia_inline_auto\" id=\"style-css-av-kuies1tn-6c530e77574660278735abb930acc105\">\n#top .av_textblock_section.av-kuies1tn-6c530e77574660278735abb930acc105 .avia_textblock{\ncolor:#ffffff;\n}\n<\/style>\n<section  class='av_textblock_section av-kuies1tn-6c530e77574660278735abb930acc105 '   itemscope=\"itemscope\" itemtype=\"https:\/\/schema.org\/CreativeWork\" ><div class='avia_textblock av_inherit_color'  itemprop=\"text\" ><\/div><\/section><\/p><\/div><div  class='flex_column av-1mad2-18bb384c854bc6bf6d80e0751897cb88 av_one_fifth  avia-builder-el-14  el_after_av_three_fifth  avia-builder-el-last  flex_column_div  '     ><style type=\"text\/css\" data-created_by=\"avia_inline_auto\" id=\"style-css-av-6lpgu-f1e9f1cb016f000729186f4a1b7d9d13\">\n#top .av_textblock_section.av-6lpgu-f1e9f1cb016f000729186f4a1b7d9d13 .avia_textblock{\ncolor:#ffffff;\n}\n<\/style>\n<section  class='av_textblock_section av-6lpgu-f1e9f1cb016f000729186f4a1b7d9d13 '   itemscope=\"itemscope\" itemtype=\"https:\/\/schema.org\/CreativeWork\" ><div class='avia_textblock av_inherit_color'  itemprop=\"text\" ><\/div><\/section><\/div>\n\n<\/div><\/div><\/div><!-- close content main div --><\/div><\/div><div id='av_section_4'  class='avia-section av-1xw32m-d6564c1e766e22e98202f6511e919a3d main_color avia-section-default avia-no-border-styling  avia-builder-el-16  el_after_av_section  avia-builder-el-last  avia-bg-style-scroll container_wrap sidebar_right'  ><div class='container av-section-cont-open' ><div class='template-page content  av-content-small alpha units'><div class='post-entry post-entry-type-page post-entry-2124'><div class='entry-content-wrapper clearfix'>\n<div  class='flex_column av-1r5h9y-41d09de848eb3fa7c5756fd9755917a8 av_one_fifth  avia-builder-el-17  el_before_av_one_fifth  avia-builder-el-first  first flex_column_div  '     ><style type=\"text\/css\" data-created_by=\"avia_inline_auto\" id=\"style-css-av-1n2jxa-a13bf1e27253cf6cd46de165161e7fa7\">\n.avia-image-container.av-1n2jxa-a13bf1e27253cf6cd46de165161e7fa7 img.avia_image{\nbox-shadow:none;\n}\n.avia-image-container.av-1n2jxa-a13bf1e27253cf6cd46de165161e7fa7 .av-image-caption-overlay-center{\ncolor:#ffffff;\n}\n<\/style>\n<div  class='avia-image-container av-1n2jxa-a13bf1e27253cf6cd46de165161e7fa7 av-styling- av-img-linked avia-align-center  avia-builder-el-18  avia-builder-el-no-sibling '   itemprop=\"image\" itemscope=\"itemscope\" itemtype=\"https:\/\/schema.org\/ImageObject\" ><div class=\"avia-image-container-inner\"><div class=\"avia-image-overlay-wrap\"><a href=\"https:\/\/translationteam.eu\/es\/ciencias-de-la-vida\/\" class='avia_image '  aria-label='ES_sciences'><img decoding=\"async\" fetchpriority=\"high\" class='wp-image-2202 avia-img-lazy-loading-not-2202 avia_image ' src=\"https:\/\/translationteam.eu\/wp-content\/uploads\/2024\/11\/ES_sciences.png\" alt='' title='ES_sciences'  height=\"66\" width=\"206\"  itemprop=\"thumbnailUrl\"  \/><\/a><\/div><\/div><\/div><\/div><div  class='flex_column av-1drhfa-3fd07ca5cfdf8e72d8cc06c5ceddbf9e av_one_fifth  avia-builder-el-19  el_after_av_one_fifth  el_before_av_one_fifth  flex_column_div  '     ><style type=\"text\/css\" data-created_by=\"avia_inline_auto\" id=\"style-css-av-199626-52986c594753ba8879862d28f522ec60\">\n.avia-image-container.av-199626-52986c594753ba8879862d28f522ec60 img.avia_image{\nbox-shadow:none;\n}\n.avia-image-container.av-199626-52986c594753ba8879862d28f522ec60 .av-image-caption-overlay-center{\ncolor:#ffffff;\n}\n<\/style>\n<div  class='avia-image-container av-199626-52986c594753ba8879862d28f522ec60 av-styling- av-img-linked avia-align-center  avia-builder-el-20  avia-builder-el-no-sibling '   itemprop=\"image\" itemscope=\"itemscope\" itemtype=\"https:\/\/schema.org\/ImageObject\" ><div class=\"avia-image-container-inner\"><div class=\"avia-image-overlay-wrap\"><a href=\"https:\/\/translationteam.eu\/es\/pi-propiedad-intelectual-patentes\/\" class='avia_image '  aria-label='ES_PI'><img decoding=\"async\" fetchpriority=\"high\" class='wp-image-2219 avia-img-lazy-loading-not-2219 avia_image ' src=\"https:\/\/translationteam.eu\/wp-content\/uploads\/2024\/11\/ES_PI.png\" alt='' title='ES_PI'  height=\"66\" width=\"206\"  itemprop=\"thumbnailUrl\"  \/><\/a><\/div><\/div><\/div><\/div><div  class='flex_column av-13dmbi-58c68127825d301f47d2b8bde4d05c7c av_one_fifth  avia-builder-el-21  el_after_av_one_fifth  el_before_av_one_fifth  flex_column_div  '     ><style type=\"text\/css\" data-created_by=\"avia_inline_auto\" id=\"style-css-av-v2dxy-05cf9785fc9eddcb0ca6af953fbed12f\">\n.avia-image-container.av-v2dxy-05cf9785fc9eddcb0ca6af953fbed12f img.avia_image{\nbox-shadow:none;\n}\n.avia-image-container.av-v2dxy-05cf9785fc9eddcb0ca6af953fbed12f .av-image-caption-overlay-center{\ncolor:#ffffff;\n}\n<\/style>\n<div  class='avia-image-container av-v2dxy-05cf9785fc9eddcb0ca6af953fbed12f av-styling- av-img-linked avia-align-center  avia-builder-el-22  avia-builder-el-no-sibling '   itemprop=\"image\" itemscope=\"itemscope\" itemtype=\"https:\/\/schema.org\/ImageObject\" ><div class=\"avia-image-container-inner\"><div class=\"avia-image-overlay-wrap\"><a href=\"https:\/\/translationteam.eu\/es\/automocion\/\" class='avia_image '  aria-label='ES_automobile'><img decoding=\"async\" fetchpriority=\"high\" class='wp-image-2230 avia-img-lazy-loading-not-2230 avia_image ' src=\"https:\/\/translationteam.eu\/wp-content\/uploads\/2024\/11\/ES_automobile.png\" alt='' title='ES_automobile'  height=\"66\" width=\"206\"  itemprop=\"thumbnailUrl\"  \/><\/a><\/div><\/div><\/div><\/div><div  class='flex_column av-shn7i-1b5b7cfd21a50a3ee8ddaf420a6e2e0b av_one_fifth  avia-builder-el-23  el_after_av_one_fifth  el_before_av_one_fifth  flex_column_div  '     ><style type=\"text\/css\" data-created_by=\"avia_inline_auto\" id=\"style-css-av-2cabi-0198060ca74d515c7d01f90bf01f8e39\">\n.avia-image-container.av-2cabi-0198060ca74d515c7d01f90bf01f8e39 img.avia_image{\nbox-shadow:none;\n}\n.avia-image-container.av-2cabi-0198060ca74d515c7d01f90bf01f8e39 .av-image-caption-overlay-center{\ncolor:#ffffff;\n}\n<\/style>\n<div  class='avia-image-container av-2cabi-0198060ca74d515c7d01f90bf01f8e39 av-styling- av-img-linked avia-align-center  avia-builder-el-24  avia-builder-el-no-sibling '   itemprop=\"image\" itemscope=\"itemscope\" itemtype=\"https:\/\/schema.org\/ImageObject\" ><div class=\"avia-image-container-inner\"><div class=\"avia-image-overlay-wrap\"><a href=\"https:\/\/translationteam.eu\/es\/tecnologias-de-la-informacion\/\" class='avia_image '  aria-label='ES_it'><img decoding=\"async\" fetchpriority=\"high\" class='wp-image-2215 avia-img-lazy-loading-not-2215 avia_image ' src=\"https:\/\/translationteam.eu\/wp-content\/uploads\/2024\/11\/ES_it-1.png\" alt='' title='ES_it'  height=\"66\" width=\"206\"  itemprop=\"thumbnailUrl\"  \/><\/a><\/div><\/div><\/div><\/div><div  class='flex_column av-e3c9a-250525d4fc9699b5e77da24347ee5c62 av_one_fifth  avia-builder-el-25  el_after_av_one_fifth  avia-builder-el-last  flex_column_div  '     ><style type=\"text\/css\" data-created_by=\"avia_inline_auto\" id=\"style-css-av-8cxpa-4ae5b0b69d9cab7b22b4ee0d15f13f7d\">\n.avia-image-container.av-8cxpa-4ae5b0b69d9cab7b22b4ee0d15f13f7d img.avia_image{\nbox-shadow:none;\n}\n.avia-image-container.av-8cxpa-4ae5b0b69d9cab7b22b4ee0d15f13f7d .av-image-caption-overlay-center{\ncolor:#ffffff;\n}\n<\/style>\n<div  class='avia-image-container av-8cxpa-4ae5b0b69d9cab7b22b4ee0d15f13f7d av-styling- av-img-linked avia-align-center  avia-builder-el-26  avia-builder-el-no-sibling '   itemprop=\"image\" itemscope=\"itemscope\" itemtype=\"https:\/\/schema.org\/ImageObject\" ><div class=\"avia-image-container-inner\"><div class=\"avia-image-overlay-wrap\"><a href=\"https:\/\/translationteam.eu\/es\/buecher\/\" class='avia_image '  aria-label='ES_book'><img decoding=\"async\" fetchpriority=\"high\" class='wp-image-2223 avia-img-lazy-loading-not-2223 avia_image ' src=\"https:\/\/translationteam.eu\/wp-content\/uploads\/2024\/11\/ES_book.png\" alt='' title='ES_book'  height=\"66\" width=\"206\"  itemprop=\"thumbnailUrl\"  \/><\/a><\/div><\/div><\/div><\/div>\n<\/div><\/div><\/div><!-- close content main div --><\/div><\/div><div id='after_section_4'  class='main_color av_default_container_wrap container_wrap sidebar_right'  ><div class='container av-section-cont-open' ><div class='template-page content  av-content-small alpha units'><div class='post-entry post-entry-type-page post-entry-2124'><div class='entry-content-wrapper clearfix'>\n","protected":false},"excerpt":{"rendered":"","protected":false},"author":2,"featured_media":0,"parent":0,"menu_order":0,"comment_status":"closed","ping_status":"closed","template":"","meta":{"footnotes":""},"class_list":["post-2124","page","type-page","status-publish","hentry"],"yoast_head":"<!-- This site is optimized with the Yoast SEO plugin v24.3 - https:\/\/yoast.com\/wordpress\/plugins\/seo\/ -->\n<title>Naturaleza y Medio Ambiente - Translationteam<\/title>\n<meta name=\"description\" content=\"Natur und Umwelt - zu diesem Thema \u00fcbersetzten wir Fachartikel, Tierb\u00fccher, Websites, Pr\u00e4sentationen, Patente u.v.m. Fragen Sie uns!\" \/>\n<meta name=\"robots\" content=\"index, follow, max-snippet:-1, max-image-preview:large, max-video-preview:-1\" \/>\n<link rel=\"canonical\" href=\"https:\/\/translationteam.eu\/es\/naturaleza-y-medio-ambiente\/\" \/>\n<meta property=\"og:locale\" content=\"es_ES\" \/>\n<meta property=\"og:type\" content=\"article\" \/>\n<meta property=\"og:title\" content=\"Naturaleza y Medio Ambiente - Translationteam\" \/>\n<meta property=\"og:description\" content=\"Natur und Umwelt - zu diesem Thema \u00fcbersetzten wir Fachartikel, Tierb\u00fccher, Websites, Pr\u00e4sentationen, Patente u.v.m. Fragen Sie uns!\" \/>\n<meta property=\"og:url\" content=\"https:\/\/translationteam.eu\/es\/naturaleza-y-medio-ambiente\/\" \/>\n<meta property=\"og:site_name\" content=\"Translationteam\" \/>\n<meta property=\"article:modified_time\" content=\"2024-11-06T12:54:53+00:00\" \/>\n<meta name=\"twitter:card\" content=\"summary_large_image\" \/>\n<meta name=\"twitter:label1\" content=\"Tiempo de lectura\" \/>\n\t<meta name=\"twitter:data1\" content=\"3 minutos\" \/>\n<script type=\"application\/ld+json\" class=\"yoast-schema-graph\">{\"@context\":\"https:\/\/schema.org\",\"@graph\":[{\"@type\":\"WebPage\",\"@id\":\"https:\/\/translationteam.eu\/es\/naturaleza-y-medio-ambiente\/\",\"url\":\"https:\/\/translationteam.eu\/es\/naturaleza-y-medio-ambiente\/\",\"name\":\"Naturaleza y Medio Ambiente - Translationteam\",\"isPartOf\":{\"@id\":\"https:\/\/translationteam.eu\/#website\"},\"datePublished\":\"2024-11-05T09:30:36+00:00\",\"dateModified\":\"2024-11-06T12:54:53+00:00\",\"description\":\"Natur und Umwelt - zu diesem Thema \u00fcbersetzten wir Fachartikel, Tierb\u00fccher, Websites, Pr\u00e4sentationen, Patente u.v.m. Fragen Sie uns!\",\"breadcrumb\":{\"@id\":\"https:\/\/translationteam.eu\/es\/naturaleza-y-medio-ambiente\/#breadcrumb\"},\"inLanguage\":\"es\",\"potentialAction\":[{\"@type\":\"ReadAction\",\"target\":[\"https:\/\/translationteam.eu\/es\/naturaleza-y-medio-ambiente\/\"]}]},{\"@type\":\"BreadcrumbList\",\"@id\":\"https:\/\/translationteam.eu\/es\/naturaleza-y-medio-ambiente\/#breadcrumb\",\"itemListElement\":[{\"@type\":\"ListItem\",\"position\":1,\"name\":\"Startseite\",\"item\":\"https:\/\/translationteam.eu\/es\/home\/\"},{\"@type\":\"ListItem\",\"position\":2,\"name\":\"Naturaleza y Medio Ambiente\"}]},{\"@type\":\"WebSite\",\"@id\":\"https:\/\/translationteam.eu\/#website\",\"url\":\"https:\/\/translationteam.eu\/\",\"name\":\"Translationteam\",\"description\":\"\u00d6ffentlich bestellte und beeidigte Urkunden\u00fcbersetzerin\",\"potentialAction\":[{\"@type\":\"SearchAction\",\"target\":{\"@type\":\"EntryPoint\",\"urlTemplate\":\"https:\/\/translationteam.eu\/?s={search_term_string}\"},\"query-input\":{\"@type\":\"PropertyValueSpecification\",\"valueRequired\":true,\"valueName\":\"search_term_string\"}}],\"inLanguage\":\"es\"}]}<\/script>\n<!-- \/ Yoast SEO plugin. -->","yoast_head_json":{"title":"Naturaleza y Medio Ambiente - Translationteam","description":"Natur und Umwelt - zu diesem Thema \u00fcbersetzten wir Fachartikel, Tierb\u00fccher, Websites, Pr\u00e4sentationen, Patente u.v.m. Fragen Sie uns!","robots":{"index":"index","follow":"follow","max-snippet":"max-snippet:-1","max-image-preview":"max-image-preview:large","max-video-preview":"max-video-preview:-1"},"canonical":"https:\/\/translationteam.eu\/es\/naturaleza-y-medio-ambiente\/","og_locale":"es_ES","og_type":"article","og_title":"Naturaleza y Medio Ambiente - Translationteam","og_description":"Natur und Umwelt - zu diesem Thema \u00fcbersetzten wir Fachartikel, Tierb\u00fccher, Websites, Pr\u00e4sentationen, Patente u.v.m. Fragen Sie uns!","og_url":"https:\/\/translationteam.eu\/es\/naturaleza-y-medio-ambiente\/","og_site_name":"Translationteam","article_modified_time":"2024-11-06T12:54:53+00:00","twitter_card":"summary_large_image","twitter_misc":{"Tiempo de lectura":"3 minutos"},"schema":{"@context":"https:\/\/schema.org","@graph":[{"@type":"WebPage","@id":"https:\/\/translationteam.eu\/es\/naturaleza-y-medio-ambiente\/","url":"https:\/\/translationteam.eu\/es\/naturaleza-y-medio-ambiente\/","name":"Naturaleza y Medio Ambiente - Translationteam","isPartOf":{"@id":"https:\/\/translationteam.eu\/#website"},"datePublished":"2024-11-05T09:30:36+00:00","dateModified":"2024-11-06T12:54:53+00:00","description":"Natur und Umwelt - zu diesem Thema \u00fcbersetzten wir Fachartikel, Tierb\u00fccher, Websites, Pr\u00e4sentationen, Patente u.v.m. Fragen Sie uns!","breadcrumb":{"@id":"https:\/\/translationteam.eu\/es\/naturaleza-y-medio-ambiente\/#breadcrumb"},"inLanguage":"es","potentialAction":[{"@type":"ReadAction","target":["https:\/\/translationteam.eu\/es\/naturaleza-y-medio-ambiente\/"]}]},{"@type":"BreadcrumbList","@id":"https:\/\/translationteam.eu\/es\/naturaleza-y-medio-ambiente\/#breadcrumb","itemListElement":[{"@type":"ListItem","position":1,"name":"Startseite","item":"https:\/\/translationteam.eu\/es\/home\/"},{"@type":"ListItem","position":2,"name":"Naturaleza y Medio Ambiente"}]},{"@type":"WebSite","@id":"https:\/\/translationteam.eu\/#website","url":"https:\/\/translationteam.eu\/","name":"Translationteam","description":"\u00d6ffentlich bestellte und beeidigte Urkunden\u00fcbersetzerin","potentialAction":[{"@type":"SearchAction","target":{"@type":"EntryPoint","urlTemplate":"https:\/\/translationteam.eu\/?s={search_term_string}"},"query-input":{"@type":"PropertyValueSpecification","valueRequired":true,"valueName":"search_term_string"}}],"inLanguage":"es"}]}},"_links":{"self":[{"href":"https:\/\/translationteam.eu\/es\/wp-json\/wp\/v2\/pages\/2124","targetHints":{"allow":["GET"]}}],"collection":[{"href":"https:\/\/translationteam.eu\/es\/wp-json\/wp\/v2\/pages"}],"about":[{"href":"https:\/\/translationteam.eu\/es\/wp-json\/wp\/v2\/types\/page"}],"author":[{"embeddable":true,"href":"https:\/\/translationteam.eu\/es\/wp-json\/wp\/v2\/users\/2"}],"replies":[{"embeddable":true,"href":"https:\/\/translationteam.eu\/es\/wp-json\/wp\/v2\/comments?post=2124"}],"version-history":[{"count":6,"href":"https:\/\/translationteam.eu\/es\/wp-json\/wp\/v2\/pages\/2124\/revisions"}],"predecessor-version":[{"id":2363,"href":"https:\/\/translationteam.eu\/es\/wp-json\/wp\/v2\/pages\/2124\/revisions\/2363"}],"wp:attachment":[{"href":"https:\/\/translationteam.eu\/es\/wp-json\/wp\/v2\/media?parent=2124"}],"curies":[{"name":"wp","href":"https:\/\/api.w.org\/{rel}","templated":true}]}}