{"id":2125,"date":"2024-11-05T10:31:02","date_gmt":"2024-11-05T09:31:02","guid":{"rendered":"https:\/\/translationteam.eu\/revision-korrekturlesen\/"},"modified":"2024-11-06T14:47:36","modified_gmt":"2024-11-06T13:47:36","slug":"revision-proofreading","status":"publish","type":"page","link":"https:\/\/translationteam.eu\/es\/revision-proofreading\/","title":{"rendered":"Revisi\u00f3n\/Proofreading"},"content":{"rendered":"<div id='layer_slider_1'  class='avia-layerslider main_color avia-shadow  avia-builder-el-0  el_before_av_section  avia-builder-el-first  container_wrap sidebar_right'  style='height: 822px; max-width: 2000px; margin: 0 auto;'  ><\/div>\n\n<style type=\"text\/css\" data-created_by=\"avia_inline_auto\" id=\"style-css-av-kk2kceho-255ab1ee4c13a51b06b6687c61b7c11e\">\n.avia-section.av-kk2kceho-255ab1ee4c13a51b06b6687c61b7c11e{\nbackground-color:#d4dee1;\nbackground-image:unset;\n}\n<\/style>\n<div id='av_section_1'  class='avia-section av-kk2kceho-255ab1ee4c13a51b06b6687c61b7c11e main_color avia-section-default avia-no-border-styling  avia-builder-el-1  el_after_av_layerslider  el_before_av_layout_row  avia-bg-style-scroll container_wrap sidebar_right'  ><div class='container av-section-cont-open' ><div class='template-page content  av-content-small alpha units'><div class='post-entry post-entry-type-page post-entry-2125'><div class='entry-content-wrapper clearfix'>\n\n<style type=\"text\/css\" data-created_by=\"avia_inline_auto\" id=\"style-css-av-kugupzco-707fe28777d407e88487a1e3a345d14a\">\n#top .av-special-heading.av-kugupzco-707fe28777d407e88487a1e3a345d14a{\npadding-bottom:10px;\n}\nbody .av-special-heading.av-kugupzco-707fe28777d407e88487a1e3a345d14a .av-special-heading-tag .heading-char{\nfont-size:25px;\n}\n.av-special-heading.av-kugupzco-707fe28777d407e88487a1e3a345d14a .av-subheading{\nfont-size:15px;\n}\n<\/style>\n<div  class='av-special-heading av-kugupzco-707fe28777d407e88487a1e3a345d14a av-special-heading-h1 blockquote modern-quote  avia-builder-el-2  avia-builder-el-no-sibling '><h1 class='av-special-heading-tag '  itemprop=\"headline\"  >REVISI\u00d3N\/PROOFREADING<\/h1><div class=\"special-heading-border\"><div class=\"special-heading-inner-border\"><\/div><\/div><\/div>\n\n<\/div><\/div><\/div><!-- close content main div --><\/div><\/div><div id='av-layout-grid-1'  class='av-layout-grid-container av-1173nm-8cb4c9482bec7f67067668fc2f59d85d entry-content-wrapper main_color av-flex-cells  avia-builder-el-3  el_after_av_section  el_before_av_section  grid-row-not-first  container_wrap sidebar_right'  >\n\n<style type=\"text\/css\" data-created_by=\"avia_inline_auto\" id=\"style-css-av-34f5u-8e7b8a871ff0d2216e092dfa704c486f\">\n.flex_cell.av-34f5u-8e7b8a871ff0d2216e092dfa704c486f{\nvertical-align:top;\n}\n.responsive #top #wrap_all .flex_cell.av-34f5u-8e7b8a871ff0d2216e092dfa704c486f{\npadding:0px 0px 0px 0px !important;\n}\n<\/style>\n<div class='flex_cell av-34f5u-8e7b8a871ff0d2216e092dfa704c486f av-gridrow-cell av_one_half no_margin  avia-builder-el-4  el_before_av_cell_one_half  avia-builder-el-first  av-zero-padding'  ><div class='flex_cell_inner'>\n<style type=\"text\/css\" data-created_by=\"avia_inline_auto\" id=\"style-css-av-kugpcdyd-93f6a434784a85d8929412af57fdac1a\">\n.avia-image-container.av-kugpcdyd-93f6a434784a85d8929412af57fdac1a img.avia_image{\nbox-shadow:none;\n}\n.avia-image-container.av-kugpcdyd-93f6a434784a85d8929412af57fdac1a .av-image-caption-overlay-center{\ncolor:#ffffff;\n}\n<\/style>\n<div  class='avia-image-container av-kugpcdyd-93f6a434784a85d8929412af57fdac1a av-styling- avia_animated_image av-animated-when-visible-95 left-to-right avia-align-center  avia-builder-el-5  avia-builder-el-no-sibling '   itemprop=\"image\" itemscope=\"itemscope\" itemtype=\"https:\/\/schema.org\/ImageObject\" ><div class=\"avia-image-container-inner\"><div class=\"avia-image-overlay-wrap\"><img decoding=\"async\" fetchpriority=\"high\" class='wp-image-1216 avia-img-lazy-loading-not-1216 avia_image ' src=\"https:\/\/translationteam.eu\/wp-content\/uploads\/2021\/12\/revision.jpg\" alt='Tastatur, Revision, Korrekturlesen' title='revision'  height=\"1216\" width=\"1500\"  itemprop=\"thumbnailUrl\" srcset=\"https:\/\/translationteam.eu\/wp-content\/uploads\/2021\/12\/revision.jpg 1500w, https:\/\/translationteam.eu\/wp-content\/uploads\/2021\/12\/revision-300x243.jpg 300w, https:\/\/translationteam.eu\/wp-content\/uploads\/2021\/12\/revision-1030x835.jpg 1030w, https:\/\/translationteam.eu\/wp-content\/uploads\/2021\/12\/revision-768x623.jpg 768w, https:\/\/translationteam.eu\/wp-content\/uploads\/2021\/12\/revision-495x400.jpg 495w, https:\/\/translationteam.eu\/wp-content\/uploads\/2021\/12\/revision-845x684.jpg 845w, https:\/\/translationteam.eu\/wp-content\/uploads\/2021\/12\/revision-705x572.jpg 705w\" sizes=\"(max-width: 1500px) 100vw, 1500px\" \/><\/div><\/div><\/div>\n<\/div><\/div><div class='flex_cell av-qs4fe-bf99669f8eb061279f88e834ca742d36 av-gridrow-cell av_one_half no_margin  avia-builder-el-6  el_after_av_cell_one_half  avia-builder-el-last '  ><div class='flex_cell_inner'><section  class='av_textblock_section av-1yzne-1aa9c5d94f25765627c4a20be1dac7c8 '   itemscope=\"itemscope\" itemtype=\"https:\/\/schema.org\/CreativeWork\" ><div class='avia_textblock'  itemprop=\"text\" ><blockquote>\n<p><em>El lenguaje es el vestido de los pensamientos.<\/em><\/p>\n<p><strong>Samuel Johnson<\/strong><\/p>\n<\/blockquote>\n<\/div><\/section><br \/>\n<section  class='av_textblock_section av-kugpex08-3000cafc0bc6e8e00a2249f0673c8ea4 '   itemscope=\"itemscope\" itemtype=\"https:\/\/schema.org\/CreativeWork\" ><div class='avia_textblock'  itemprop=\"text\" ><p>Durante la <strong>revisi\u00f3n<\/strong> (biling\u00fce), el texto de destino se compara con el texto de origen en cuanto a contenido y lenguaje. Se comprueba que est\u00e9 completo, que la ortograf\u00eda sea correcta y que la terminolog\u00eda sea coherente. Tambi\u00e9n se presta atenci\u00f3n al estilo.<br \/>\nLa <strong>correcci\u00f3n de pruebas<\/strong> es simplemente una revisi\u00f3n de una traducci\u00f3n ya revisada. En este caso nos centramos en las erratas, la puntuaci\u00f3n y la maquetaci\u00f3n correcta. El contenido no se compara con el texto de origen.<\/p>\n<\/div><\/section><\/p>\n<\/div><\/div>\n<\/div>\n\n<style type=\"text\/css\" data-created_by=\"avia_inline_auto\" id=\"style-css-av-6f875-0eda944c52e5aa50d02e65f67a6916c7\">\n.avia-section.av-6f875-0eda944c52e5aa50d02e65f67a6916c7{\nbackground-color:#295969;\nbackground-image:unset;\n}\n<\/style>\n<div id='av_section_2'  class='avia-section av-6f875-0eda944c52e5aa50d02e65f67a6916c7 main_color avia-section-default avia-no-border-styling  avia-builder-el-9  el_after_av_layout_row  avia-builder-el-last  avia-bg-style-scroll container_wrap sidebar_right'  ><div class='container av-section-cont-open' ><div class='template-page content  av-content-small alpha units'><div class='post-entry post-entry-type-page post-entry-2125'><div class='entry-content-wrapper clearfix'>\n\n<style type=\"text\/css\" data-created_by=\"avia_inline_auto\" id=\"style-css-av-1jwo55-ba2c4f932c6fa01a0354fb29106a7d6a\">\n#top .av-special-heading.av-1jwo55-ba2c4f932c6fa01a0354fb29106a7d6a{\npadding-bottom:10px;\ncolor:#ffffff;\n}\nbody .av-special-heading.av-1jwo55-ba2c4f932c6fa01a0354fb29106a7d6a .av-special-heading-tag .heading-char{\nfont-size:25px;\n}\n.av-special-heading.av-1jwo55-ba2c4f932c6fa01a0354fb29106a7d6a .special-heading-inner-border{\nborder-color:#ffffff;\n}\n.av-special-heading.av-1jwo55-ba2c4f932c6fa01a0354fb29106a7d6a .av-subheading{\nfont-size:15px;\n}\n<\/style>\n<div  class='av-special-heading av-1jwo55-ba2c4f932c6fa01a0354fb29106a7d6a av-special-heading-h1 custom-color-heading blockquote modern-quote  avia-builder-el-10  el_before_av_one_fourth  avia-builder-el-first '><h1 class='av-special-heading-tag '  itemprop=\"headline\"  >Otros Servicios<\/h1><div class=\"special-heading-border\"><div class=\"special-heading-inner-border\"><\/div><\/div><\/div>\n<div  class='flex_column av-1fypsx-e76dfdc3db94b8c216f3642f8aae040e av_one_fourth  avia-builder-el-11  el_after_av_heading  el_before_av_one_fourth  first flex_column_div  '     ><div  class='avia-button-wrap avia-button-center  avia-builder-el-12  avia-builder-el-no-sibling '>\n<style type=\"text\/css\" data-created_by=\"avia_inline_auto\" id=\"style-css-av-1aefxd-dbb11ff5d5a4685d247b8f380979bff9\">\n#top #wrap_all .avia-button.av-1aefxd-dbb11ff5d5a4685d247b8f380979bff9:hover{\ncolor:white;\ntransition:all 0.4s ease-in-out;\n}\n<\/style>\n<a href='https:\/\/translationteam.eu\/es\/traduccion\/' class='avia-color-theme-color avia-font-color-theme-color avia-button avia-button-fullwidth av-1aefxd-dbb11ff5d5a4685d247b8f380979bff9 avia-icon_select-no avia-color-theme-color'   aria-label=\"Traducci\u00f3n\"><span class='avia_iconbox_title' >Traducci\u00f3n<\/span><span class='avia_button_background avia-button avia-button-fullwidth avia-color-theme-color-highlight'><\/span><\/a><\/div><\/div><div  class='flex_column av-10vnnd-b2a2c9f105933eb83f9e51bd80f7e6c0 av_one_fourth  avia-builder-el-13  el_after_av_one_fourth  el_before_av_one_fourth  flex_column_div  '     ><div  class='avia-button-wrap avia-button-center  avia-builder-el-14  avia-builder-el-no-sibling '>\n<style type=\"text\/css\" data-created_by=\"avia_inline_auto\" id=\"style-css-av-vfqep-068a33794da6dda2d14a42804ce08c26\">\n#top #wrap_all .avia-button.av-vfqep-068a33794da6dda2d14a42804ce08c26:hover{\ncolor:white;\ntransition:all 0.4s ease-in-out;\n}\n<\/style>\n<a href='https:\/\/translationteam.eu\/es\/traduccion-automatica-ta-posedicion-pe\/' class='avia-color-theme-color avia-font-color-theme-color avia-button avia-button-fullwidth av-vfqep-068a33794da6dda2d14a42804ce08c26 avia-icon_select-no avia-color-theme-color'   aria-label=\"Traducci\u00f3n autom\u00e1tica TA \/ Posedici\u00f3n PE\"><span class='avia_iconbox_title' >Traducci\u00f3n autom\u00e1tica TA \/ Posedici\u00f3n PE<\/span><span class='avia_button_background avia-button avia-button-fullwidth avia-color-theme-color-highlight'><\/span><\/a><\/div><\/div><div  class='flex_column av-ri6q9-7b605ac0881381a5285501ba40c6e8a8 av_one_fourth  avia-builder-el-15  el_after_av_one_fourth  el_before_av_one_fourth  flex_column_div  '     ><div  class='avia-button-wrap avia-button-center  avia-builder-el-16  avia-builder-el-no-sibling '>\n<style type=\"text\/css\" data-created_by=\"avia_inline_auto\" id=\"style-css-av-k3d0p-821060adbd8eff77496d6a229d874314\">\n#top #wrap_all .avia-button.av-k3d0p-821060adbd8eff77496d6a229d874314:hover{\ncolor:white;\ntransition:all 0.4s ease-in-out;\n}\n<\/style>\n<a href='https:\/\/translationteam.eu\/es\/traducciones-juradas\/' class='avia-color-theme-color avia-font-color-theme-color avia-button avia-button-fullwidth av-k3d0p-821060adbd8eff77496d6a229d874314 avia-icon_select-no avia-color-theme-color'   aria-label=\"Traducci\u00f3n jurada\"><span class='avia_iconbox_title' >Traducci\u00f3n jurada<\/span><span class='avia_button_background avia-button avia-button-fullwidth avia-color-theme-color-highlight'><\/span><\/a><\/div><\/div><div  class='flex_column av-etych-ef780dda13d4a736ade2f1652041fb62 av_one_fourth  avia-builder-el-17  el_after_av_one_fourth  avia-builder-el-last  flex_column_div  '     ><div  class='avia-button-wrap avia-button-center  avia-builder-el-18  avia-builder-el-no-sibling '>\n<style type=\"text\/css\" data-created_by=\"avia_inline_auto\" id=\"style-css-av-aw33d-f642361f75c619efddb324f09400ef40\">\n#top #wrap_all .avia-button.av-aw33d-f642361f75c619efddb324f09400ef40:hover{\ncolor:white;\ntransition:all 0.4s ease-in-out;\n}\n<\/style>\n<a href='https:\/\/translationteam.eu\/es\/localizacion\/' class='avia-color-theme-color avia-font-color-theme-color avia-button avia-button-fullwidth av-aw33d-f642361f75c619efddb324f09400ef40 avia-icon_select-no avia-color-theme-color'   aria-label=\"Localizaci\u00f3n\"><span class='avia_iconbox_title' >Localizaci\u00f3n<\/span><span class='avia_button_background avia-button avia-button-fullwidth avia-color-theme-color-highlight'><\/span><\/a><\/div><\/div><\/div><\/div><\/div><!-- close content main div --><\/div><\/div><div id='after_section_2'  class='main_color av_default_container_wrap container_wrap sidebar_right'  ><div class='container av-section-cont-open' ><div class='template-page content  av-content-small alpha units'><div class='post-entry post-entry-type-page post-entry-2125'><div class='entry-content-wrapper clearfix'>\n","protected":false},"excerpt":{"rendered":"","protected":false},"author":2,"featured_media":0,"parent":0,"menu_order":0,"comment_status":"closed","ping_status":"closed","template":"","meta":{"footnotes":""},"class_list":["post-2125","page","type-page","status-publish","hentry"],"yoast_head":"<!-- This site is optimized with the Yoast SEO plugin v24.3 - https:\/\/yoast.com\/wordpress\/plugins\/seo\/ -->\n<title>Revisi\u00f3n\/Proofreading - Translationteam<\/title>\n<meta name=\"description\" content=\"Bei der Durchsicht einer bereits revidierten \u00dcbersetzung, liegt unser Augenmerk auf Tippfehlern, Zeichensetzung und korrektem Layout.\" \/>\n<meta name=\"robots\" content=\"index, follow, max-snippet:-1, max-image-preview:large, max-video-preview:-1\" \/>\n<link rel=\"canonical\" href=\"https:\/\/translationteam.eu\/es\/revision-proofreading\/\" \/>\n<meta property=\"og:locale\" content=\"es_ES\" \/>\n<meta property=\"og:type\" content=\"article\" \/>\n<meta property=\"og:title\" content=\"Revisi\u00f3n\/Proofreading - Translationteam\" \/>\n<meta property=\"og:description\" content=\"Bei der Durchsicht einer bereits revidierten \u00dcbersetzung, liegt unser Augenmerk auf Tippfehlern, Zeichensetzung und korrektem Layout.\" \/>\n<meta property=\"og:url\" content=\"https:\/\/translationteam.eu\/es\/revision-proofreading\/\" \/>\n<meta property=\"og:site_name\" content=\"Translationteam\" \/>\n<meta property=\"article:modified_time\" content=\"2024-11-06T13:47:36+00:00\" \/>\n<meta name=\"twitter:card\" content=\"summary_large_image\" \/>\n<meta name=\"twitter:label1\" content=\"Tiempo de lectura\" \/>\n\t<meta name=\"twitter:data1\" content=\"2 minutos\" \/>\n<script type=\"application\/ld+json\" class=\"yoast-schema-graph\">{\"@context\":\"https:\/\/schema.org\",\"@graph\":[{\"@type\":\"WebPage\",\"@id\":\"https:\/\/translationteam.eu\/es\/revision-proofreading\/\",\"url\":\"https:\/\/translationteam.eu\/es\/revision-proofreading\/\",\"name\":\"Revisi\u00f3n\/Proofreading - Translationteam\",\"isPartOf\":{\"@id\":\"https:\/\/translationteam.eu\/#website\"},\"datePublished\":\"2024-11-05T09:31:02+00:00\",\"dateModified\":\"2024-11-06T13:47:36+00:00\",\"description\":\"Bei der Durchsicht einer bereits revidierten \u00dcbersetzung, liegt unser Augenmerk auf Tippfehlern, Zeichensetzung und korrektem Layout.\",\"breadcrumb\":{\"@id\":\"https:\/\/translationteam.eu\/es\/revision-proofreading\/#breadcrumb\"},\"inLanguage\":\"es\",\"potentialAction\":[{\"@type\":\"ReadAction\",\"target\":[\"https:\/\/translationteam.eu\/es\/revision-proofreading\/\"]}]},{\"@type\":\"BreadcrumbList\",\"@id\":\"https:\/\/translationteam.eu\/es\/revision-proofreading\/#breadcrumb\",\"itemListElement\":[{\"@type\":\"ListItem\",\"position\":1,\"name\":\"Startseite\",\"item\":\"https:\/\/translationteam.eu\/es\/home\/\"},{\"@type\":\"ListItem\",\"position\":2,\"name\":\"Revisi\u00f3n\/Proofreading\"}]},{\"@type\":\"WebSite\",\"@id\":\"https:\/\/translationteam.eu\/#website\",\"url\":\"https:\/\/translationteam.eu\/\",\"name\":\"Translationteam\",\"description\":\"\u00d6ffentlich bestellte und beeidigte Urkunden\u00fcbersetzerin\",\"potentialAction\":[{\"@type\":\"SearchAction\",\"target\":{\"@type\":\"EntryPoint\",\"urlTemplate\":\"https:\/\/translationteam.eu\/?s={search_term_string}\"},\"query-input\":{\"@type\":\"PropertyValueSpecification\",\"valueRequired\":true,\"valueName\":\"search_term_string\"}}],\"inLanguage\":\"es\"}]}<\/script>\n<!-- \/ Yoast SEO plugin. -->","yoast_head_json":{"title":"Revisi\u00f3n\/Proofreading - Translationteam","description":"Bei der Durchsicht einer bereits revidierten \u00dcbersetzung, liegt unser Augenmerk auf Tippfehlern, Zeichensetzung und korrektem Layout.","robots":{"index":"index","follow":"follow","max-snippet":"max-snippet:-1","max-image-preview":"max-image-preview:large","max-video-preview":"max-video-preview:-1"},"canonical":"https:\/\/translationteam.eu\/es\/revision-proofreading\/","og_locale":"es_ES","og_type":"article","og_title":"Revisi\u00f3n\/Proofreading - Translationteam","og_description":"Bei der Durchsicht einer bereits revidierten \u00dcbersetzung, liegt unser Augenmerk auf Tippfehlern, Zeichensetzung und korrektem Layout.","og_url":"https:\/\/translationteam.eu\/es\/revision-proofreading\/","og_site_name":"Translationteam","article_modified_time":"2024-11-06T13:47:36+00:00","twitter_card":"summary_large_image","twitter_misc":{"Tiempo de lectura":"2 minutos"},"schema":{"@context":"https:\/\/schema.org","@graph":[{"@type":"WebPage","@id":"https:\/\/translationteam.eu\/es\/revision-proofreading\/","url":"https:\/\/translationteam.eu\/es\/revision-proofreading\/","name":"Revisi\u00f3n\/Proofreading - Translationteam","isPartOf":{"@id":"https:\/\/translationteam.eu\/#website"},"datePublished":"2024-11-05T09:31:02+00:00","dateModified":"2024-11-06T13:47:36+00:00","description":"Bei der Durchsicht einer bereits revidierten \u00dcbersetzung, liegt unser Augenmerk auf Tippfehlern, Zeichensetzung und korrektem Layout.","breadcrumb":{"@id":"https:\/\/translationteam.eu\/es\/revision-proofreading\/#breadcrumb"},"inLanguage":"es","potentialAction":[{"@type":"ReadAction","target":["https:\/\/translationteam.eu\/es\/revision-proofreading\/"]}]},{"@type":"BreadcrumbList","@id":"https:\/\/translationteam.eu\/es\/revision-proofreading\/#breadcrumb","itemListElement":[{"@type":"ListItem","position":1,"name":"Startseite","item":"https:\/\/translationteam.eu\/es\/home\/"},{"@type":"ListItem","position":2,"name":"Revisi\u00f3n\/Proofreading"}]},{"@type":"WebSite","@id":"https:\/\/translationteam.eu\/#website","url":"https:\/\/translationteam.eu\/","name":"Translationteam","description":"\u00d6ffentlich bestellte und beeidigte Urkunden\u00fcbersetzerin","potentialAction":[{"@type":"SearchAction","target":{"@type":"EntryPoint","urlTemplate":"https:\/\/translationteam.eu\/?s={search_term_string}"},"query-input":{"@type":"PropertyValueSpecification","valueRequired":true,"valueName":"search_term_string"}}],"inLanguage":"es"}]}},"_links":{"self":[{"href":"https:\/\/translationteam.eu\/es\/wp-json\/wp\/v2\/pages\/2125","targetHints":{"allow":["GET"]}}],"collection":[{"href":"https:\/\/translationteam.eu\/es\/wp-json\/wp\/v2\/pages"}],"about":[{"href":"https:\/\/translationteam.eu\/es\/wp-json\/wp\/v2\/types\/page"}],"author":[{"embeddable":true,"href":"https:\/\/translationteam.eu\/es\/wp-json\/wp\/v2\/users\/2"}],"replies":[{"embeddable":true,"href":"https:\/\/translationteam.eu\/es\/wp-json\/wp\/v2\/comments?post=2125"}],"version-history":[{"count":4,"href":"https:\/\/translationteam.eu\/es\/wp-json\/wp\/v2\/pages\/2125\/revisions"}],"predecessor-version":[{"id":2369,"href":"https:\/\/translationteam.eu\/es\/wp-json\/wp\/v2\/pages\/2125\/revisions\/2369"}],"wp:attachment":[{"href":"https:\/\/translationteam.eu\/es\/wp-json\/wp\/v2\/media?parent=2125"}],"curies":[{"name":"wp","href":"https:\/\/api.w.org\/{rel}","templated":true}]}}