{"id":2127,"date":"2024-11-05T10:31:49","date_gmt":"2024-11-05T09:31:49","guid":{"rendered":"https:\/\/translationteam.eu\/uebersetzung\/"},"modified":"2024-11-06T14:56:44","modified_gmt":"2024-11-06T13:56:44","slug":"traduccion","status":"publish","type":"page","link":"https:\/\/translationteam.eu\/es\/traduccion\/","title":{"rendered":"Traducci\u00f3n"},"content":{"rendered":"<div id='layer_slider_1'  class='avia-layerslider main_color avia-shadow  avia-builder-el-0  el_before_av_section  avia-builder-el-first  container_wrap sidebar_right'  style='height: 822px; max-width: 2000px; margin: 0 auto;'  ><\/div>\n\n<style type=\"text\/css\" data-created_by=\"avia_inline_auto\" id=\"style-css-av-kk2kceho-255ab1ee4c13a51b06b6687c61b7c11e\">\n.avia-section.av-kk2kceho-255ab1ee4c13a51b06b6687c61b7c11e{\nbackground-color:#d4dee1;\nbackground-image:unset;\n}\n<\/style>\n<div id='av_section_1'  class='avia-section av-kk2kceho-255ab1ee4c13a51b06b6687c61b7c11e main_color avia-section-default avia-no-border-styling  avia-builder-el-1  el_after_av_layerslider  el_before_av_layout_row  avia-bg-style-scroll container_wrap sidebar_right'  ><div class='container av-section-cont-open' ><div class='template-page content  av-content-small alpha units'><div class='post-entry post-entry-type-page post-entry-2127'><div class='entry-content-wrapper clearfix'>\n\n<style type=\"text\/css\" data-created_by=\"avia_inline_auto\" id=\"style-css-av-kugupzco-7425b3a09ded8d3921999978f25fa669\">\n#top .av-special-heading.av-kugupzco-7425b3a09ded8d3921999978f25fa669{\npadding-bottom:10px;\n}\nbody .av-special-heading.av-kugupzco-7425b3a09ded8d3921999978f25fa669 .av-special-heading-tag .heading-char{\nfont-size:25px;\n}\n.av-special-heading.av-kugupzco-7425b3a09ded8d3921999978f25fa669 .av-subheading{\nfont-size:15px;\n}\n<\/style>\n<div  class='av-special-heading av-kugupzco-7425b3a09ded8d3921999978f25fa669 av-special-heading-h1 blockquote modern-quote  avia-builder-el-2  avia-builder-el-no-sibling '><h1 class='av-special-heading-tag '  itemprop=\"headline\"  >TRADUCCI\u00d3N<\/h1><div class=\"special-heading-border\"><div class=\"special-heading-inner-border\"><\/div><\/div><\/div>\n\n<\/div><\/div><\/div><!-- close content main div --><\/div><\/div><div id='av-layout-grid-1'  class='av-layout-grid-container av-1173nm-8cb4c9482bec7f67067668fc2f59d85d entry-content-wrapper main_color av-flex-cells  avia-builder-el-3  el_after_av_section  el_before_av_section  grid-row-not-first  container_wrap sidebar_right'  >\n\n<style type=\"text\/css\" data-created_by=\"avia_inline_auto\" id=\"style-css-av-34f5u-8e7b8a871ff0d2216e092dfa704c486f\">\n.flex_cell.av-34f5u-8e7b8a871ff0d2216e092dfa704c486f{\nvertical-align:top;\n}\n.responsive #top #wrap_all .flex_cell.av-34f5u-8e7b8a871ff0d2216e092dfa704c486f{\npadding:0px 0px 0px 0px !important;\n}\n<\/style>\n<div class='flex_cell av-34f5u-8e7b8a871ff0d2216e092dfa704c486f av-gridrow-cell av_one_half no_margin  avia-builder-el-4  el_before_av_cell_one_half  avia-builder-el-first  av-zero-padding'  ><div class='flex_cell_inner'>\n<style type=\"text\/css\" data-created_by=\"avia_inline_auto\" id=\"style-css-av-kugpcdyd-58427e0859749c06131a0cf67c651b40\">\n.avia-image-container.av-kugpcdyd-58427e0859749c06131a0cf67c651b40 img.avia_image{\nbox-shadow:none;\n}\n.avia-image-container.av-kugpcdyd-58427e0859749c06131a0cf67c651b40 .av-image-caption-overlay-center{\ncolor:#ffffff;\n}\n<\/style>\n<div  class='avia-image-container av-kugpcdyd-58427e0859749c06131a0cf67c651b40 av-styling- avia_animated_image av-animated-when-visible-95 left-to-right avia-align-center  avia-builder-el-5  avia-builder-el-no-sibling '   itemprop=\"image\" itemscope=\"itemscope\" itemtype=\"https:\/\/schema.org\/ImageObject\" ><div class=\"avia-image-container-inner\"><div class=\"avia-image-overlay-wrap\"><img decoding=\"async\" fetchpriority=\"high\" class='wp-image-823 avia-img-lazy-loading-not-823 avia_image ' src=\"https:\/\/translationteam.eu\/wp-content\/uploads\/2021\/10\/uebersetzung_02.jpg\" alt='Home,' title='uebersetzung_02'  height=\"1216\" width=\"1500\"  itemprop=\"thumbnailUrl\" srcset=\"https:\/\/translationteam.eu\/wp-content\/uploads\/2021\/10\/uebersetzung_02.jpg 1500w, https:\/\/translationteam.eu\/wp-content\/uploads\/2021\/10\/uebersetzung_02-300x243.jpg 300w, https:\/\/translationteam.eu\/wp-content\/uploads\/2021\/10\/uebersetzung_02-1030x835.jpg 1030w, https:\/\/translationteam.eu\/wp-content\/uploads\/2021\/10\/uebersetzung_02-768x623.jpg 768w, https:\/\/translationteam.eu\/wp-content\/uploads\/2021\/10\/uebersetzung_02-495x400.jpg 495w, https:\/\/translationteam.eu\/wp-content\/uploads\/2021\/10\/uebersetzung_02-845x684.jpg 845w, https:\/\/translationteam.eu\/wp-content\/uploads\/2021\/10\/uebersetzung_02-705x572.jpg 705w\" sizes=\"(max-width: 1500px) 100vw, 1500px\" \/><\/div><\/div><\/div>\n<\/div><\/div><div class='flex_cell av-qs4fe-bf99669f8eb061279f88e834ca742d36 av-gridrow-cell av_one_half no_margin  avia-builder-el-6  el_after_av_cell_one_half  avia-builder-el-last '  ><div class='flex_cell_inner'><section  class='av_textblock_section av-1yzne-1aa9c5d94f25765627c4a20be1dac7c8 '   itemscope=\"itemscope\" itemtype=\"https:\/\/schema.org\/CreativeWork\" ><div class='avia_textblock'  itemprop=\"text\" ><blockquote>\n<p><em>Cada idioma otorga una vision diferente de la vida.<\/em><br \/>\n<strong><br \/>\nFederico Fellini<br \/>\n<\/strong><\/p>\n<\/blockquote>\n<\/div><\/section><br \/>\n<section  class='av_textblock_section av-kugpex08-3000cafc0bc6e8e00a2249f0673c8ea4 '   itemscope=\"itemscope\" itemtype=\"https:\/\/schema.org\/CreativeWork\" ><div class='avia_textblock'  itemprop=\"text\" ><p>No todas las traducciones son iguales. \u00bfQu\u00e9 ni\u00f1o no conoce la novela El Principito de Antoine de Saint-Exup\u00e9ry (traducida a m\u00e1s de 350 idiomas)? \u00bfO la descarada Pippi Calzaslargas de Astrid Lindgren (traducida a 77 idiomas)? Han alcanzado fama mundial y son el mejor ejemplo de la <strong>traducci\u00f3n literaria<\/strong>.\u00a0Las <strong>traducciones t\u00e9cnicas<\/strong> consisten principalmente en descripciones y explicaciones de dispositivos t\u00e9cnicos.\u00a0<strong>La sincronizaci\u00f3n y la subtitulaci\u00f3n<\/strong> de pel\u00edculas se explican por s\u00ed solas. En la traducci\u00f3n autom\u00e1tica, se pretraducen los textos mediante un programa inform\u00e1tico.<br \/>\nPero tambi\u00e9n est\u00e1n la traducci\u00f3n literal, la traducci\u00f3n libre y la traducci\u00f3n cultural. Las traducciones literales se utilizan principalmente para patentes y contenido t\u00e9cnico donde la terminolog\u00eda y la expresi\u00f3n exactas son esenciales. Una <strong>traducci\u00f3n libre<\/strong> se separa del texto original y pone el contenido en primer plano, pero no lo cambia.<br \/>\nLa traducci\u00f3n cultural se refiere a la adaptaci\u00f3n de un texto a las condiciones culturales del pa\u00eds respectivo. Tambi\u00e9n se conoce como <strong>localizaci\u00f3n<\/strong>. Y, por \u00faltimo, est\u00e1 la <strong>transcreaci\u00f3n<\/strong>. En la transcreaci\u00f3n, el objetivo es transmitir mensajes y sentimientos. Se utiliza para t\u00edtulos de pel\u00edculas y libros, frases hechas, esl\u00f3ganes publicitarios, titulares y similares.<\/p>\n<\/div><\/section><\/p>\n<\/div><\/div>\n<\/div>\n\n<style type=\"text\/css\" data-created_by=\"avia_inline_auto\" id=\"style-css-av-aeq2a-d8f6f47df2411b62d9a121f70f65d91d\">\n.avia-section.av-aeq2a-d8f6f47df2411b62d9a121f70f65d91d{\nbackground-color:#295969;\nbackground-image:unset;\n}\n<\/style>\n<div id='av_section_2'  class='avia-section av-aeq2a-d8f6f47df2411b62d9a121f70f65d91d main_color avia-section-default avia-no-border-styling  avia-builder-el-9  el_after_av_layout_row  avia-builder-el-last  avia-bg-style-scroll container_wrap sidebar_right'  ><div class='container av-section-cont-open' ><div class='template-page content  av-content-small alpha units'><div class='post-entry post-entry-type-page post-entry-2127'><div class='entry-content-wrapper clearfix'>\n\n<style type=\"text\/css\" data-created_by=\"avia_inline_auto\" id=\"style-css-av-kuo1mrhb-081c048698619bdb82f2019cb805c2cb\">\n#top .av-special-heading.av-kuo1mrhb-081c048698619bdb82f2019cb805c2cb{\npadding-bottom:10px;\ncolor:#ffffff;\n}\nbody .av-special-heading.av-kuo1mrhb-081c048698619bdb82f2019cb805c2cb .av-special-heading-tag .heading-char{\nfont-size:25px;\n}\n.av-special-heading.av-kuo1mrhb-081c048698619bdb82f2019cb805c2cb .special-heading-inner-border{\nborder-color:#ffffff;\n}\n.av-special-heading.av-kuo1mrhb-081c048698619bdb82f2019cb805c2cb .av-subheading{\nfont-size:15px;\n}\n<\/style>\n<div  class='av-special-heading av-kuo1mrhb-081c048698619bdb82f2019cb805c2cb av-special-heading-h1 custom-color-heading blockquote modern-quote  avia-builder-el-10  el_before_av_one_fourth  avia-builder-el-first '><h1 class='av-special-heading-tag '  itemprop=\"headline\"  >OTROS SERVICIOS<\/h1><div class=\"special-heading-border\"><div class=\"special-heading-inner-border\"><\/div><\/div><\/div>\n<div  class='flex_column av-dds8a-d2494d97d64317e40b5ed5e2df6b30b1 av_one_fourth  avia-builder-el-11  el_after_av_heading  el_before_av_one_fourth  first flex_column_div  '     ><div  class='avia-button-wrap avia-button-center  avia-builder-el-12  avia-builder-el-no-sibling '>\n<style type=\"text\/css\" data-created_by=\"avia_inline_auto\" id=\"style-css-av-apnky-9afa9184f79f4351945e606a690bb136\">\n#top #wrap_all .avia-button.av-apnky-9afa9184f79f4351945e606a690bb136:hover{\ncolor:white;\ntransition:all 0.4s ease-in-out;\n}\n<\/style>\n<a href='https:\/\/translationteam.eu\/es\/traduccion-automatica-ta-posedicion-pe\/' class='avia-color-theme-color avia-font-color-theme-color avia-button avia-button-fullwidth av-apnky-9afa9184f79f4351945e606a690bb136 avia-icon_select-no avia-color-theme-color'   aria-label=\"Traducci\u00f3n autom\u00e1tica TA \/ Posedici\u00f3n PE\"><span class='avia_iconbox_title' >Traducci\u00f3n autom\u00e1tica TA \/ Posedici\u00f3n PE<\/span><span class='avia_button_background avia-button avia-button-fullwidth avia-color-theme-color-highlight'><\/span><\/a><\/div><\/div><div  class='flex_column av-13weqq-da36aa9df1186f35e105cfadeafe1a19 av_one_fourth  avia-builder-el-13  el_after_av_one_fourth  el_before_av_one_fourth  flex_column_div  '     ><div  class='avia-button-wrap avia-button-center  avia-builder-el-14  avia-builder-el-no-sibling '>\n<style type=\"text\/css\" data-created_by=\"avia_inline_auto\" id=\"style-css-av-veg2y-03801e3f4ef6213abe4588a6d4b5feaf\">\n#top #wrap_all .avia-button.av-veg2y-03801e3f4ef6213abe4588a6d4b5feaf:hover{\ncolor:white;\ntransition:all 0.4s ease-in-out;\n}\n<\/style>\n<a href='https:\/\/translationteam.eu\/es\/traducciones-juradas\/' class='avia-color-theme-color avia-font-color-theme-color avia-button avia-button-fullwidth av-veg2y-03801e3f4ef6213abe4588a6d4b5feaf avia-icon_select-no avia-color-theme-color'   aria-label=\"Traducci\u00f3n jurada\"><span class='avia_iconbox_title' >Traducci\u00f3n jurada<\/span><span class='avia_button_background avia-button avia-button-fullwidth avia-color-theme-color-highlight'><\/span><\/a><\/div><\/div><div  class='flex_column av-ewaf6-9ca034cd538373da718d81a7b4ada0e2 av_one_fourth  avia-builder-el-15  el_after_av_one_fourth  el_before_av_one_fourth  flex_column_div  '     ><div  class='avia-button-wrap avia-button-center  avia-builder-el-16  avia-builder-el-no-sibling '>\n<style type=\"text\/css\" data-created_by=\"avia_inline_auto\" id=\"style-css-av-azyq2-d95f61af8744980f89b924c99bf2eadb\">\n#top #wrap_all .avia-button.av-azyq2-d95f61af8744980f89b924c99bf2eadb:hover{\ncolor:white;\ntransition:all 0.4s ease-in-out;\n}\n<\/style>\n<a href='https:\/\/translationteam.eu\/es\/localizacion\/' class='avia-color-theme-color avia-font-color-theme-color avia-button avia-button-fullwidth av-azyq2-d95f61af8744980f89b924c99bf2eadb avia-icon_select-no avia-color-theme-color'   aria-label=\"Localizaci\u00f3n\"><span class='avia_iconbox_title' >Localizaci\u00f3n<\/span><span class='avia_button_background avia-button avia-button-fullwidth avia-color-theme-color-highlight'><\/span><\/a><\/div><\/div><div  class='flex_column av-9yw2-1a333bddd1d58007625a5d1d086b675a av_one_fourth  avia-builder-el-17  el_after_av_one_fourth  avia-builder-el-last  flex_column_div  '     ><div  class='avia-button-wrap avia-button-center  avia-builder-el-18  avia-builder-el-no-sibling '>\n<style type=\"text\/css\" data-created_by=\"avia_inline_auto\" id=\"style-css-av-mo0my-47825c739292047c4ef77350f4333e42\">\n#top #wrap_all .avia-button.av-mo0my-47825c739292047c4ef77350f4333e42:hover{\ncolor:white;\ntransition:all 0.4s ease-in-out;\n}\n<\/style>\n<a href='https:\/\/translationteam.eu\/es\/revision-proofreading\/' class='avia-color-theme-color avia-font-color-theme-color avia-button avia-button-fullwidth av-mo0my-47825c739292047c4ef77350f4333e42 avia-icon_select-no avia-color-theme-color'   aria-label=\"Revisi\u00f3n\/Proofreading\"><span class='avia_iconbox_title' >Revisi\u00f3n\/Proofreading<\/span><span class='avia_button_background avia-button avia-button-fullwidth avia-color-theme-color-highlight'><\/span><\/a><\/div><\/div><\/div><\/div><\/div><!-- close content main div --><\/div><\/div><div id='after_section_2'  class='main_color av_default_container_wrap container_wrap sidebar_right'  ><div class='container av-section-cont-open' ><div class='template-page content  av-content-small alpha units'><div class='post-entry post-entry-type-page post-entry-2127'><div class='entry-content-wrapper clearfix'>\n","protected":false},"excerpt":{"rendered":"","protected":false},"author":2,"featured_media":0,"parent":0,"menu_order":0,"comment_status":"closed","ping_status":"closed","template":"","meta":{"footnotes":""},"class_list":["post-2127","page","type-page","status-publish","hentry"],"yoast_head":"<!-- This site is optimized with the Yoast SEO plugin v24.3 - https:\/\/yoast.com\/wordpress\/plugins\/seo\/ -->\n<title>Traducci\u00f3n - Translationteam<\/title>\n<meta name=\"description\" content=\"\u00dcbersetzungen - Claudia H\u00e4ndel - Freiberufliche \u00dcbersetzerin. Ausgangssprachen: Englisch, Spanisch, Franz\u00f6sisch. Mehr erfahren!\" \/>\n<meta name=\"robots\" content=\"index, follow, max-snippet:-1, max-image-preview:large, max-video-preview:-1\" \/>\n<link rel=\"canonical\" href=\"https:\/\/translationteam.eu\/es\/traduccion\/\" \/>\n<meta property=\"og:locale\" content=\"es_ES\" \/>\n<meta property=\"og:type\" content=\"article\" \/>\n<meta property=\"og:title\" content=\"Traducci\u00f3n - Translationteam\" \/>\n<meta property=\"og:description\" content=\"\u00dcbersetzungen - Claudia H\u00e4ndel - Freiberufliche \u00dcbersetzerin. Ausgangssprachen: Englisch, Spanisch, Franz\u00f6sisch. Mehr erfahren!\" \/>\n<meta property=\"og:url\" content=\"https:\/\/translationteam.eu\/es\/traduccion\/\" \/>\n<meta property=\"og:site_name\" content=\"Translationteam\" \/>\n<meta property=\"article:modified_time\" content=\"2024-11-06T13:56:44+00:00\" \/>\n<meta name=\"twitter:card\" content=\"summary_large_image\" \/>\n<meta name=\"twitter:label1\" content=\"Tiempo de lectura\" \/>\n\t<meta name=\"twitter:data1\" content=\"2 minutos\" \/>\n<script type=\"application\/ld+json\" class=\"yoast-schema-graph\">{\"@context\":\"https:\/\/schema.org\",\"@graph\":[{\"@type\":\"WebPage\",\"@id\":\"https:\/\/translationteam.eu\/es\/traduccion\/\",\"url\":\"https:\/\/translationteam.eu\/es\/traduccion\/\",\"name\":\"Traducci\u00f3n - Translationteam\",\"isPartOf\":{\"@id\":\"https:\/\/translationteam.eu\/#website\"},\"datePublished\":\"2024-11-05T09:31:49+00:00\",\"dateModified\":\"2024-11-06T13:56:44+00:00\",\"description\":\"\u00dcbersetzungen - Claudia H\u00e4ndel - Freiberufliche \u00dcbersetzerin. Ausgangssprachen: Englisch, Spanisch, Franz\u00f6sisch. Mehr erfahren!\",\"breadcrumb\":{\"@id\":\"https:\/\/translationteam.eu\/es\/traduccion\/#breadcrumb\"},\"inLanguage\":\"es\",\"potentialAction\":[{\"@type\":\"ReadAction\",\"target\":[\"https:\/\/translationteam.eu\/es\/traduccion\/\"]}]},{\"@type\":\"BreadcrumbList\",\"@id\":\"https:\/\/translationteam.eu\/es\/traduccion\/#breadcrumb\",\"itemListElement\":[{\"@type\":\"ListItem\",\"position\":1,\"name\":\"Startseite\",\"item\":\"https:\/\/translationteam.eu\/es\/home\/\"},{\"@type\":\"ListItem\",\"position\":2,\"name\":\"Traducci\u00f3n\"}]},{\"@type\":\"WebSite\",\"@id\":\"https:\/\/translationteam.eu\/#website\",\"url\":\"https:\/\/translationteam.eu\/\",\"name\":\"Translationteam\",\"description\":\"\u00d6ffentlich bestellte und beeidigte Urkunden\u00fcbersetzerin\",\"potentialAction\":[{\"@type\":\"SearchAction\",\"target\":{\"@type\":\"EntryPoint\",\"urlTemplate\":\"https:\/\/translationteam.eu\/?s={search_term_string}\"},\"query-input\":{\"@type\":\"PropertyValueSpecification\",\"valueRequired\":true,\"valueName\":\"search_term_string\"}}],\"inLanguage\":\"es\"}]}<\/script>\n<!-- \/ Yoast SEO plugin. -->","yoast_head_json":{"title":"Traducci\u00f3n - Translationteam","description":"\u00dcbersetzungen - Claudia H\u00e4ndel - Freiberufliche \u00dcbersetzerin. Ausgangssprachen: Englisch, Spanisch, Franz\u00f6sisch. Mehr erfahren!","robots":{"index":"index","follow":"follow","max-snippet":"max-snippet:-1","max-image-preview":"max-image-preview:large","max-video-preview":"max-video-preview:-1"},"canonical":"https:\/\/translationteam.eu\/es\/traduccion\/","og_locale":"es_ES","og_type":"article","og_title":"Traducci\u00f3n - Translationteam","og_description":"\u00dcbersetzungen - Claudia H\u00e4ndel - Freiberufliche \u00dcbersetzerin. Ausgangssprachen: Englisch, Spanisch, Franz\u00f6sisch. Mehr erfahren!","og_url":"https:\/\/translationteam.eu\/es\/traduccion\/","og_site_name":"Translationteam","article_modified_time":"2024-11-06T13:56:44+00:00","twitter_card":"summary_large_image","twitter_misc":{"Tiempo de lectura":"2 minutos"},"schema":{"@context":"https:\/\/schema.org","@graph":[{"@type":"WebPage","@id":"https:\/\/translationteam.eu\/es\/traduccion\/","url":"https:\/\/translationteam.eu\/es\/traduccion\/","name":"Traducci\u00f3n - Translationteam","isPartOf":{"@id":"https:\/\/translationteam.eu\/#website"},"datePublished":"2024-11-05T09:31:49+00:00","dateModified":"2024-11-06T13:56:44+00:00","description":"\u00dcbersetzungen - Claudia H\u00e4ndel - Freiberufliche \u00dcbersetzerin. Ausgangssprachen: Englisch, Spanisch, Franz\u00f6sisch. Mehr erfahren!","breadcrumb":{"@id":"https:\/\/translationteam.eu\/es\/traduccion\/#breadcrumb"},"inLanguage":"es","potentialAction":[{"@type":"ReadAction","target":["https:\/\/translationteam.eu\/es\/traduccion\/"]}]},{"@type":"BreadcrumbList","@id":"https:\/\/translationteam.eu\/es\/traduccion\/#breadcrumb","itemListElement":[{"@type":"ListItem","position":1,"name":"Startseite","item":"https:\/\/translationteam.eu\/es\/home\/"},{"@type":"ListItem","position":2,"name":"Traducci\u00f3n"}]},{"@type":"WebSite","@id":"https:\/\/translationteam.eu\/#website","url":"https:\/\/translationteam.eu\/","name":"Translationteam","description":"\u00d6ffentlich bestellte und beeidigte Urkunden\u00fcbersetzerin","potentialAction":[{"@type":"SearchAction","target":{"@type":"EntryPoint","urlTemplate":"https:\/\/translationteam.eu\/?s={search_term_string}"},"query-input":{"@type":"PropertyValueSpecification","valueRequired":true,"valueName":"search_term_string"}}],"inLanguage":"es"}]}},"_links":{"self":[{"href":"https:\/\/translationteam.eu\/es\/wp-json\/wp\/v2\/pages\/2127","targetHints":{"allow":["GET"]}}],"collection":[{"href":"https:\/\/translationteam.eu\/es\/wp-json\/wp\/v2\/pages"}],"about":[{"href":"https:\/\/translationteam.eu\/es\/wp-json\/wp\/v2\/types\/page"}],"author":[{"embeddable":true,"href":"https:\/\/translationteam.eu\/es\/wp-json\/wp\/v2\/users\/2"}],"replies":[{"embeddable":true,"href":"https:\/\/translationteam.eu\/es\/wp-json\/wp\/v2\/comments?post=2127"}],"version-history":[{"count":6,"href":"https:\/\/translationteam.eu\/es\/wp-json\/wp\/v2\/pages\/2127\/revisions"}],"predecessor-version":[{"id":2383,"href":"https:\/\/translationteam.eu\/es\/wp-json\/wp\/v2\/pages\/2127\/revisions\/2383"}],"wp:attachment":[{"href":"https:\/\/translationteam.eu\/es\/wp-json\/wp\/v2\/media?parent=2127"}],"curies":[{"name":"wp","href":"https:\/\/api.w.org\/{rel}","templated":true}]}}