{"id":1461,"date":"2022-03-24T11:38:26","date_gmt":"2022-03-24T10:38:26","guid":{"rendered":"https:\/\/translationteam.eu\/?page_id=1461"},"modified":"2024-11-18T13:31:28","modified_gmt":"2024-11-18T12:31:28","slug":"machine-translation-mt-post-editing-pe","status":"publish","type":"page","link":"https:\/\/translationteam.eu\/fr\/machine-translation-mt-post-editing-pe\/","title":{"rendered":"Machine Translation MT \/ Post-editing PE"},"content":{"rendered":"<div id='layer_slider_1'  class='avia-layerslider main_color avia-shadow  avia-builder-el-0  el_before_av_section  avia-builder-el-first  container_wrap sidebar_right'  style='height: 822px; max-width: 2000px; margin: 0 auto;'  ><\/div>\n\n<style type=\"text\/css\" data-created_by=\"avia_inline_auto\" id=\"style-css-av-kk2kceho-255ab1ee4c13a51b06b6687c61b7c11e\">\n.avia-section.av-kk2kceho-255ab1ee4c13a51b06b6687c61b7c11e{\nbackground-color:#d4dee1;\nbackground-image:unset;\n}\n<\/style>\n<div id='av_section_1'  class='avia-section av-kk2kceho-255ab1ee4c13a51b06b6687c61b7c11e main_color avia-section-default avia-no-border-styling  avia-builder-el-1  el_after_av_layerslider  el_before_av_layout_row  avia-bg-style-scroll container_wrap sidebar_right'  ><div class='container av-section-cont-open' ><div class='template-page content  av-content-small alpha units'><div class='post-entry post-entry-type-page post-entry-1461'><div class='entry-content-wrapper clearfix'>\n\n<style type=\"text\/css\" data-created_by=\"avia_inline_auto\" id=\"style-css-av-kugupzco-0ee689336915f1253763612073645223\">\n#top .av-special-heading.av-kugupzco-0ee689336915f1253763612073645223{\npadding-bottom:10px;\n}\nbody .av-special-heading.av-kugupzco-0ee689336915f1253763612073645223 .av-special-heading-tag .heading-char{\nfont-size:25px;\n}\n.av-special-heading.av-kugupzco-0ee689336915f1253763612073645223 .av-subheading{\nfont-size:15px;\n}\n<\/style>\n<div  class='av-special-heading av-kugupzco-0ee689336915f1253763612073645223 av-special-heading-h1 blockquote modern-quote  avia-builder-el-2  avia-builder-el-no-sibling '><h1 class='av-special-heading-tag '  itemprop=\"headline\"  >Machine Translation \/ Post-editing<\/h1><div class=\"special-heading-border\"><div class=\"special-heading-inner-border\"><\/div><\/div><\/div>\n\n<\/div><\/div><\/div><!-- close content main div --><\/div><\/div><div id='av-layout-grid-1'  class='av-layout-grid-container av-1173nm-8cb4c9482bec7f67067668fc2f59d85d entry-content-wrapper main_color av-flex-cells  avia-builder-el-3  el_after_av_section  el_before_av_section  grid-row-not-first  container_wrap sidebar_right'  >\n\n<style type=\"text\/css\" data-created_by=\"avia_inline_auto\" id=\"style-css-av-34f5u-8e7b8a871ff0d2216e092dfa704c486f\">\n.flex_cell.av-34f5u-8e7b8a871ff0d2216e092dfa704c486f{\nvertical-align:top;\n}\n.responsive #top #wrap_all .flex_cell.av-34f5u-8e7b8a871ff0d2216e092dfa704c486f{\npadding:0px 0px 0px 0px !important;\n}\n<\/style>\n<div class='flex_cell av-34f5u-8e7b8a871ff0d2216e092dfa704c486f av-gridrow-cell av_one_half no_margin  avia-builder-el-4  el_before_av_cell_one_half  avia-builder-el-first  av-zero-padding'  ><div class='flex_cell_inner'>\n<style type=\"text\/css\" data-created_by=\"avia_inline_auto\" id=\"style-css-av-kugpcdyd-f02f0cbbe126d1289f7fd5388bc51d2f\">\n.avia-image-container.av-kugpcdyd-f02f0cbbe126d1289f7fd5388bc51d2f img.avia_image{\nbox-shadow:none;\n}\n.avia-image-container.av-kugpcdyd-f02f0cbbe126d1289f7fd5388bc51d2f .av-image-caption-overlay-center{\ncolor:#ffffff;\n}\n<\/style>\n<div  class='avia-image-container av-kugpcdyd-f02f0cbbe126d1289f7fd5388bc51d2f av-styling- avia_animated_image av-animated-when-visible-95 left-to-right avia-align-center  avia-builder-el-5  avia-builder-el-no-sibling '   itemprop=\"image\" itemscope=\"itemscope\" itemtype=\"https:\/\/schema.org\/ImageObject\" ><div class=\"avia-image-container-inner\"><div class=\"avia-image-overlay-wrap\"><img decoding=\"async\" fetchpriority=\"high\" class='wp-image-826 avia-img-lazy-loading-not-826 avia_image ' src=\"https:\/\/translationteam.eu\/wp-content\/uploads\/2021\/10\/uebersetzen_03.jpg\" alt='' title='uebersetzen_03'  height=\"1216\" width=\"1500\"  itemprop=\"thumbnailUrl\" srcset=\"https:\/\/translationteam.eu\/wp-content\/uploads\/2021\/10\/uebersetzen_03.jpg 1500w, https:\/\/translationteam.eu\/wp-content\/uploads\/2021\/10\/uebersetzen_03-300x243.jpg 300w, https:\/\/translationteam.eu\/wp-content\/uploads\/2021\/10\/uebersetzen_03-1030x835.jpg 1030w, https:\/\/translationteam.eu\/wp-content\/uploads\/2021\/10\/uebersetzen_03-768x623.jpg 768w, https:\/\/translationteam.eu\/wp-content\/uploads\/2021\/10\/uebersetzen_03-495x400.jpg 495w, https:\/\/translationteam.eu\/wp-content\/uploads\/2021\/10\/uebersetzen_03-845x684.jpg 845w, https:\/\/translationteam.eu\/wp-content\/uploads\/2021\/10\/uebersetzen_03-705x572.jpg 705w\" sizes=\"(max-width: 1500px) 100vw, 1500px\" \/><\/div><\/div><\/div>\n<\/div><\/div><div class='flex_cell av-qs4fe-bf99669f8eb061279f88e834ca742d36 av-gridrow-cell av_one_half no_margin  avia-builder-el-6  el_after_av_cell_one_half  avia-builder-el-last '  ><div class='flex_cell_inner'><section  class='av_textblock_section av-1yzne-fa952a5892f32f02f245e4e2b16d6168 '   itemscope=\"itemscope\" itemtype=\"https:\/\/schema.org\/CreativeWork\" ><div class='avia_textblock'  itemprop=\"text\" ><blockquote>\n<p><em>Les mots, c\u2019est tout ce que nous avons.<\/em><\/p>\n<p><strong>Samuel Beckett<\/strong><\/p>\n<\/blockquote>\n<\/div><\/section><br \/>\n<section  class='av_textblock_section av-kugpex08-3000cafc0bc6e8e00a2249f0673c8ea4 '   itemscope=\"itemscope\" itemtype=\"https:\/\/schema.org\/CreativeWork\" ><div class='avia_textblock'  itemprop=\"text\" ><p>Vous voulez des traductions professionnelles, rapides et peu co\u00fbteuses ? Vos textes contiennent certains passages r\u00e9p\u00e9titifs ? Vous voulez votre glossaire sp\u00e9cifique ? Dans ce cas, MT PE est exactement ce qu&rsquo;il vous faut.<\/p>\n<p><strong>MT<\/strong> (traduction automatique) et <strong>PE (post-\u00e9dition<\/strong>, post-traitement) sont compl\u00e9mentaires. Le texte, pr\u00e9-traduit de mani\u00e8re plus ou moins automatique, est ensuite contr\u00f4l\u00e9 et retravaill\u00e9 par un traducteur de mani\u00e8re \u00e0 ce que tout soit correct : grammaire, terminologie, coh\u00e9rence et style. Le traducteur est assist\u00e9 par des <strong>outils de TAO (traduction assist\u00e9e par ordinateur)<\/strong><strong>,<\/strong> qui contiennent des fonctions permettant d&rsquo;am\u00e9liorer la coh\u00e9rence et la pr\u00e9cision du texte, et travaillent de concert avec des bases de donn\u00e9es appel\u00e9es <strong>Translation memories (TM),<\/strong> des textes pr\u00e9c\u00e9demment traduits et des <strong>bases terminologiques<\/strong> (glossaires).<br \/>\nLes segments d\u00e9j\u00e0 traduits sont stock\u00e9s dans une <strong>Translation memory<\/strong> (m\u00e9moire de traduction), ce qui \u00e9vite de devoir les traduire \u00e0 nouveau. La <strong>TM<\/strong> permet d&rsquo;augmenter l&rsquo;efficacit\u00e9 du processus de traduction et d&rsquo;am\u00e9liorer \u00e0 la fois la qualit\u00e9 et la pertinence du texte traduit. Elle permet \u00e9galement de cr\u00e9er des bases de donn\u00e9es terminologiques et des glossaires sp\u00e9cifiques au client\/secteur concern\u00e9.<\/p>\n<p><strong>Travailler avec des outils de TAO de pointe &#8211; Trados Studio 2021 et MemoQ version 9.0<\/strong><\/p>\n<p>Qu&rsquo;y gagnez-vous ?<br \/>\nVous b\u00e9n\u00e9ficiez :<\/p>\n<ul>\n<li>De processus de traduction plus rapides<\/li>\n<li>D&rsquo;une plus grande pr\u00e9cision<\/li>\n<li>D&rsquo;une plus grande coh\u00e9rence de texte<\/li>\n<li>D&rsquo;une meilleure qualit\u00e9 de traduction<\/li>\n<\/ul>\n<\/div><\/section><br \/>\n\n<style type=\"text\/css\" data-created_by=\"avia_inline_auto\" id=\"style-css-av-kugvc0co-87bd297fa7ae46d58ed93fe637886c1c\">\n.avia-image-container.av-kugvc0co-87bd297fa7ae46d58ed93fe637886c1c img.avia_image{\nbox-shadow:none;\n}\n.avia-image-container.av-kugvc0co-87bd297fa7ae46d58ed93fe637886c1c .av-image-caption-overlay-center{\ncolor:#ffffff;\n}\n<\/style>\n<div  class='avia-image-container av-kugvc0co-87bd297fa7ae46d58ed93fe637886c1c av-styling- avia-align-center  avia-builder-el-9  el_after_av_textblock  avia-builder-el-last '   itemprop=\"image\" itemscope=\"itemscope\" itemtype=\"https:\/\/schema.org\/ImageObject\" ><div class=\"avia-image-container-inner\"><div class=\"avia-image-overlay-wrap\"><img decoding=\"async\" fetchpriority=\"high\" class='wp-image-751 avia-img-lazy-loading-not-751 avia_image ' src=\"https:\/\/translationteam.eu\/wp-content\/uploads\/2021\/10\/logos_software-1.jpg\" alt='' title='logos_software'  height=\"275\" width=\"1500\"  itemprop=\"thumbnailUrl\" srcset=\"https:\/\/translationteam.eu\/wp-content\/uploads\/2021\/10\/logos_software-1.jpg 1500w, https:\/\/translationteam.eu\/wp-content\/uploads\/2021\/10\/logos_software-1-300x55.jpg 300w, https:\/\/translationteam.eu\/wp-content\/uploads\/2021\/10\/logos_software-1-1030x189.jpg 1030w, https:\/\/translationteam.eu\/wp-content\/uploads\/2021\/10\/logos_software-1-768x141.jpg 768w, https:\/\/translationteam.eu\/wp-content\/uploads\/2021\/10\/logos_software-1-705x129.jpg 705w\" sizes=\"(max-width: 1500px) 100vw, 1500px\" \/><\/div><\/div><\/div><\/p>\n<\/div><\/div><\/div>\n<style type=\"text\/css\" data-created_by=\"avia_inline_auto\" id=\"style-css-av-hbvqid-93a037bcabf9e387eb6e56bdebf07ea1\">\n.avia-section.av-hbvqid-93a037bcabf9e387eb6e56bdebf07ea1{\nbackground-color:#295969;\nbackground-image:unset;\n}\n<\/style>\n<div id='av_section_2'  class='avia-section av-hbvqid-93a037bcabf9e387eb6e56bdebf07ea1 main_color avia-section-default avia-no-border-styling  avia-builder-el-10  el_after_av_layout_row  avia-builder-el-last  avia-bg-style-scroll container_wrap sidebar_right'  ><div class='container av-section-cont-open' ><div class='template-page content  av-content-small alpha units'><div class='post-entry post-entry-type-page post-entry-1461'><div class='entry-content-wrapper clearfix'>\n\n<style type=\"text\/css\" data-created_by=\"avia_inline_auto\" id=\"style-css-av-fdxqd1-6c06ad699900ba3105001910cc3decec\">\n#top .av-special-heading.av-fdxqd1-6c06ad699900ba3105001910cc3decec{\npadding-bottom:10px;\ncolor:#ffffff;\n}\nbody .av-special-heading.av-fdxqd1-6c06ad699900ba3105001910cc3decec .av-special-heading-tag .heading-char{\nfont-size:25px;\n}\n.av-special-heading.av-fdxqd1-6c06ad699900ba3105001910cc3decec .special-heading-inner-border{\nborder-color:#ffffff;\n}\n.av-special-heading.av-fdxqd1-6c06ad699900ba3105001910cc3decec .av-subheading{\nfont-size:15px;\n}\n<\/style>\n<div  class='av-special-heading av-fdxqd1-6c06ad699900ba3105001910cc3decec av-special-heading-h1 custom-color-heading blockquote modern-quote  avia-builder-el-11  el_before_av_one_fourth  avia-builder-el-first '><h1 class='av-special-heading-tag '  itemprop=\"headline\"  >Autres prestations<\/h1><div class=\"special-heading-border\"><div class=\"special-heading-inner-border\"><\/div><\/div><\/div>\n<div  class='flex_column av-4h1545-e37dcdcb50e6f0108e24b1381b1cf6c6 av_one_fourth  avia-builder-el-12  el_after_av_heading  el_before_av_one_fourth  first flex_column_div  '     ><div  class='avia-button-wrap avia-button-center  avia-builder-el-13  avia-builder-el-no-sibling '>\n<style type=\"text\/css\" data-created_by=\"avia_inline_auto\" id=\"style-css-av-37z9rp-5e0acad9ef4b576966083f13ac68ed37\">\n#top #wrap_all .avia-button.av-37z9rp-5e0acad9ef4b576966083f13ac68ed37:hover{\ncolor:white;\ntransition:all 0.4s ease-in-out;\n}\n<\/style>\n<a href='https:\/\/translationteam.eu\/fr\/revision-relecture\/' class='avia-color-theme-color avia-font-color-theme-color avia-button avia-button-fullwidth av-37z9rp-5e0acad9ef4b576966083f13ac68ed37 avia-icon_select-no avia-color-theme-color'   aria-label=\"R\u00e9vision \/ Relecture\"><span class='avia_iconbox_title' >R\u00e9vision \/ Relecture<\/span><span class='avia_button_background avia-button avia-button-fullwidth avia-color-theme-color-highlight'><\/span><\/a><\/div><\/div><div  class='flex_column av-e6ldit-ee80ce3df113f1aa511da7c9782c779e av_one_fourth  avia-builder-el-14  el_after_av_one_fourth  el_before_av_one_fourth  flex_column_div  '     ><div  class='avia-button-wrap avia-button-center  avia-builder-el-15  avia-builder-el-no-sibling '>\n<style type=\"text\/css\" data-created_by=\"avia_inline_auto\" id=\"style-css-av-c92dhx-a6b5b64702463b763f29deb2fcfaca08\">\n#top #wrap_all .avia-button.av-c92dhx-a6b5b64702463b763f29deb2fcfaca08:hover{\ncolor:white;\ntransition:all 0.4s ease-in-out;\n}\n<\/style>\n<a href='https:\/\/translationteam.eu\/fr\/traduction\/' class='avia-color-theme-color avia-font-color-theme-color avia-button avia-button-fullwidth av-c92dhx-a6b5b64702463b763f29deb2fcfaca08 avia-icon_select-no avia-color-theme-color'   aria-label=\"Traduction\"><span class='avia_iconbox_title' >Traduction<\/span><span class='avia_button_background avia-button avia-button-fullwidth avia-color-theme-color-highlight'><\/span><\/a><\/div><\/div><div  class='flex_column av-birnph-d9140d54bfdfea03432f25cbbf78d987 av_one_fourth  avia-builder-el-16  el_after_av_one_fourth  el_before_av_one_fourth  flex_column_div  '     ><div  class='avia-button-wrap avia-button-center  avia-builder-el-17  avia-builder-el-no-sibling '>\n<style type=\"text\/css\" data-created_by=\"avia_inline_auto\" id=\"style-css-av-913kad-08f1683af5d00bc32b1c2e771a077f6e\">\n#top #wrap_all .avia-button.av-913kad-08f1683af5d00bc32b1c2e771a077f6e:hover{\ncolor:white;\ntransition:all 0.4s ease-in-out;\n}\n<\/style>\n<a href='https:\/\/translationteam.eu\/fr\/traduction-certifiee-et-assermentee\/' class='avia-color-theme-color avia-font-color-theme-color avia-button avia-button-fullwidth av-913kad-08f1683af5d00bc32b1c2e771a077f6e avia-icon_select-no avia-color-theme-color'   aria-label=\"Traduction certifi\u00e9e et asserment\u00e9e\"><span class='avia_iconbox_title' >Traduction certifi\u00e9e et asserment\u00e9e<\/span><span class='avia_button_background avia-button avia-button-fullwidth avia-color-theme-color-highlight'><\/span><\/a><\/div><\/div><div  class='flex_column av-6yx611-67b9b154d2510e72995d215739bcd26f av_one_fourth  avia-builder-el-18  el_after_av_one_fourth  avia-builder-el-last  flex_column_div  '     ><div  class='avia-button-wrap avia-button-center  avia-builder-el-19  avia-builder-el-no-sibling '>\n<style type=\"text\/css\" data-created_by=\"avia_inline_auto\" id=\"style-css-av-5zddhx-a5c2fd7dc17f09223fbd431a0f3b1523\">\n#top #wrap_all .avia-button.av-5zddhx-a5c2fd7dc17f09223fbd431a0f3b1523:hover{\ncolor:white;\ntransition:all 0.4s ease-in-out;\n}\n<\/style>\n<a href='https:\/\/translationteam.eu\/fr\/localisation\/' class='avia-color-theme-color avia-font-color-theme-color avia-button avia-button-fullwidth av-5zddhx-a5c2fd7dc17f09223fbd431a0f3b1523 avia-icon_select-no avia-color-theme-color'   aria-label=\"Localisation\"><span class='avia_iconbox_title' >Localisation<\/span><span class='avia_button_background avia-button avia-button-fullwidth avia-color-theme-color-highlight'><\/span><\/a><\/div><\/div>\n<\/div><\/div><\/div><!-- close content main div --><\/div><\/div><div id='after_section_2'  class='main_color av_default_container_wrap container_wrap sidebar_right'  ><div class='container av-section-cont-open' ><div class='template-page content  av-content-small alpha units'><div class='post-entry post-entry-type-page post-entry-1461'><div class='entry-content-wrapper clearfix'><\/p>\n","protected":false},"excerpt":{"rendered":"","protected":false},"author":1,"featured_media":0,"parent":0,"menu_order":0,"comment_status":"closed","ping_status":"closed","template":"","meta":{"footnotes":""},"class_list":["post-1461","page","type-page","status-publish","hentry"],"yoast_head":"<!-- This site is optimized with the Yoast SEO plugin v24.3 - https:\/\/yoast.com\/wordpress\/plugins\/seo\/ -->\n<title>Machine Translation MT \/ Post-editing PE - Translationteam<\/title>\n<meta name=\"robots\" content=\"index, follow, max-snippet:-1, max-image-preview:large, max-video-preview:-1\" \/>\n<link rel=\"canonical\" href=\"https:\/\/translationteam.eu\/fr\/machine-translation-mt-post-editing-pe\/\" \/>\n<meta property=\"og:locale\" content=\"fr_FR\" \/>\n<meta property=\"og:type\" content=\"article\" \/>\n<meta property=\"og:title\" content=\"Machine Translation MT \/ Post-editing PE - Translationteam\" \/>\n<meta property=\"og:url\" content=\"https:\/\/translationteam.eu\/fr\/machine-translation-mt-post-editing-pe\/\" \/>\n<meta property=\"og:site_name\" content=\"Translationteam\" \/>\n<meta property=\"article:modified_time\" content=\"2024-11-18T12:31:28+00:00\" \/>\n<meta name=\"twitter:card\" content=\"summary_large_image\" \/>\n<meta name=\"twitter:label1\" content=\"Dur\u00e9e de lecture estim\u00e9e\" \/>\n\t<meta name=\"twitter:data1\" content=\"2 minutes\" \/>\n<script type=\"application\/ld+json\" class=\"yoast-schema-graph\">{\"@context\":\"https:\/\/schema.org\",\"@graph\":[{\"@type\":\"WebPage\",\"@id\":\"https:\/\/translationteam.eu\/fr\/machine-translation-mt-post-editing-pe\/\",\"url\":\"https:\/\/translationteam.eu\/fr\/machine-translation-mt-post-editing-pe\/\",\"name\":\"Machine Translation MT \/ Post-editing PE - Translationteam\",\"isPartOf\":{\"@id\":\"https:\/\/translationteam.eu\/#website\"},\"datePublished\":\"2022-03-24T10:38:26+00:00\",\"dateModified\":\"2024-11-18T12:31:28+00:00\",\"breadcrumb\":{\"@id\":\"https:\/\/translationteam.eu\/fr\/machine-translation-mt-post-editing-pe\/#breadcrumb\"},\"inLanguage\":\"fr-FR\",\"potentialAction\":[{\"@type\":\"ReadAction\",\"target\":[\"https:\/\/translationteam.eu\/fr\/machine-translation-mt-post-editing-pe\/\"]}]},{\"@type\":\"BreadcrumbList\",\"@id\":\"https:\/\/translationteam.eu\/fr\/machine-translation-mt-post-editing-pe\/#breadcrumb\",\"itemListElement\":[{\"@type\":\"ListItem\",\"position\":1,\"name\":\"Startseite\",\"item\":\"https:\/\/translationteam.eu\/fr\/home\/\"},{\"@type\":\"ListItem\",\"position\":2,\"name\":\"Machine Translation MT \/ Post-editing PE\"}]},{\"@type\":\"WebSite\",\"@id\":\"https:\/\/translationteam.eu\/#website\",\"url\":\"https:\/\/translationteam.eu\/\",\"name\":\"Translationteam\",\"description\":\"\u00d6ffentlich bestellte und beeidigte Urkunden\u00fcbersetzerin\",\"potentialAction\":[{\"@type\":\"SearchAction\",\"target\":{\"@type\":\"EntryPoint\",\"urlTemplate\":\"https:\/\/translationteam.eu\/?s={search_term_string}\"},\"query-input\":{\"@type\":\"PropertyValueSpecification\",\"valueRequired\":true,\"valueName\":\"search_term_string\"}}],\"inLanguage\":\"fr-FR\"}]}<\/script>\n<!-- \/ Yoast SEO plugin. -->","yoast_head_json":{"title":"Machine Translation MT \/ Post-editing PE - Translationteam","robots":{"index":"index","follow":"follow","max-snippet":"max-snippet:-1","max-image-preview":"max-image-preview:large","max-video-preview":"max-video-preview:-1"},"canonical":"https:\/\/translationteam.eu\/fr\/machine-translation-mt-post-editing-pe\/","og_locale":"fr_FR","og_type":"article","og_title":"Machine Translation MT \/ Post-editing PE - Translationteam","og_url":"https:\/\/translationteam.eu\/fr\/machine-translation-mt-post-editing-pe\/","og_site_name":"Translationteam","article_modified_time":"2024-11-18T12:31:28+00:00","twitter_card":"summary_large_image","twitter_misc":{"Dur\u00e9e de lecture estim\u00e9e":"2 minutes"},"schema":{"@context":"https:\/\/schema.org","@graph":[{"@type":"WebPage","@id":"https:\/\/translationteam.eu\/fr\/machine-translation-mt-post-editing-pe\/","url":"https:\/\/translationteam.eu\/fr\/machine-translation-mt-post-editing-pe\/","name":"Machine Translation MT \/ Post-editing PE - Translationteam","isPartOf":{"@id":"https:\/\/translationteam.eu\/#website"},"datePublished":"2022-03-24T10:38:26+00:00","dateModified":"2024-11-18T12:31:28+00:00","breadcrumb":{"@id":"https:\/\/translationteam.eu\/fr\/machine-translation-mt-post-editing-pe\/#breadcrumb"},"inLanguage":"fr-FR","potentialAction":[{"@type":"ReadAction","target":["https:\/\/translationteam.eu\/fr\/machine-translation-mt-post-editing-pe\/"]}]},{"@type":"BreadcrumbList","@id":"https:\/\/translationteam.eu\/fr\/machine-translation-mt-post-editing-pe\/#breadcrumb","itemListElement":[{"@type":"ListItem","position":1,"name":"Startseite","item":"https:\/\/translationteam.eu\/fr\/home\/"},{"@type":"ListItem","position":2,"name":"Machine Translation MT \/ Post-editing PE"}]},{"@type":"WebSite","@id":"https:\/\/translationteam.eu\/#website","url":"https:\/\/translationteam.eu\/","name":"Translationteam","description":"\u00d6ffentlich bestellte und beeidigte Urkunden\u00fcbersetzerin","potentialAction":[{"@type":"SearchAction","target":{"@type":"EntryPoint","urlTemplate":"https:\/\/translationteam.eu\/?s={search_term_string}"},"query-input":{"@type":"PropertyValueSpecification","valueRequired":true,"valueName":"search_term_string"}}],"inLanguage":"fr-FR"}]}},"_links":{"self":[{"href":"https:\/\/translationteam.eu\/fr\/wp-json\/wp\/v2\/pages\/1461","targetHints":{"allow":["GET"]}}],"collection":[{"href":"https:\/\/translationteam.eu\/fr\/wp-json\/wp\/v2\/pages"}],"about":[{"href":"https:\/\/translationteam.eu\/fr\/wp-json\/wp\/v2\/types\/page"}],"author":[{"embeddable":true,"href":"https:\/\/translationteam.eu\/fr\/wp-json\/wp\/v2\/users\/1"}],"replies":[{"embeddable":true,"href":"https:\/\/translationteam.eu\/fr\/wp-json\/wp\/v2\/comments?post=1461"}],"version-history":[{"count":9,"href":"https:\/\/translationteam.eu\/fr\/wp-json\/wp\/v2\/pages\/1461\/revisions"}],"predecessor-version":[{"id":1856,"href":"https:\/\/translationteam.eu\/fr\/wp-json\/wp\/v2\/pages\/1461\/revisions\/1856"}],"wp:attachment":[{"href":"https:\/\/translationteam.eu\/fr\/wp-json\/wp\/v2\/media?parent=1461"}],"curies":[{"name":"wp","href":"https:\/\/api.w.org\/{rel}","templated":true}]}}