{"id":1512,"date":"2022-03-24T13:20:14","date_gmt":"2022-03-24T12:20:14","guid":{"rendered":"https:\/\/translationteam.eu\/?page_id=1512"},"modified":"2024-11-05T10:26:53","modified_gmt":"2024-11-05T09:26:53","slug":"automobile","status":"publish","type":"page","link":"https:\/\/translationteam.eu\/fr\/automobile\/","title":{"rendered":"Automobile"},"content":{"rendered":"<div id='layer_slider_1'  class='avia-layerslider main_color avia-shadow  avia-builder-el-0  el_before_av_section  avia-builder-el-first  container_wrap sidebar_right'  style='height: 822px; max-width: 2000px; margin: 0 auto;'  ><\/div>\n\n<style type=\"text\/css\" data-created_by=\"avia_inline_auto\" id=\"style-css-av-kk2kceho-255ab1ee4c13a51b06b6687c61b7c11e\">\n.avia-section.av-kk2kceho-255ab1ee4c13a51b06b6687c61b7c11e{\nbackground-color:#d4dee1;\nbackground-image:unset;\n}\n<\/style>\n<div id='av_section_1'  class='avia-section av-kk2kceho-255ab1ee4c13a51b06b6687c61b7c11e main_color avia-section-default avia-no-border-styling  avia-builder-el-1  el_after_av_layerslider  el_before_av_section  avia-bg-style-scroll container_wrap sidebar_right'  ><div class='container av-section-cont-open' ><div class='template-page content  av-content-small alpha units'><div class='post-entry post-entry-type-page post-entry-1512'><div class='entry-content-wrapper clearfix'>\n\n<style type=\"text\/css\" data-created_by=\"avia_inline_auto\" id=\"style-css-av-kugupzco-b666e60cf3c9267d5b515f3605cd0c22\">\n#top .av-special-heading.av-kugupzco-b666e60cf3c9267d5b515f3605cd0c22{\npadding-bottom:10px;\n}\nbody .av-special-heading.av-kugupzco-b666e60cf3c9267d5b515f3605cd0c22 .av-special-heading-tag .heading-char{\nfont-size:25px;\n}\n.av-special-heading.av-kugupzco-b666e60cf3c9267d5b515f3605cd0c22 .av-subheading{\nfont-size:15px;\n}\n<\/style>\n<div  class='av-special-heading av-kugupzco-b666e60cf3c9267d5b515f3605cd0c22 av-special-heading-h1 blockquote modern-quote modern-centered  avia-builder-el-2  avia-builder-el-no-sibling '><h1 class='av-special-heading-tag '  itemprop=\"headline\"  >Automobile<\/h1><div class=\"special-heading-border\"><div class=\"special-heading-inner-border\"><\/div><\/div><\/div>\n\n<\/div><\/div><\/div><!-- close content main div --><\/div><\/div>\n<style type=\"text\/css\" data-created_by=\"avia_inline_auto\" id=\"style-css-av-fvi7p-529ac436f34c201590793e432fb8ba99\">\n.avia-section.av-fvi7p-529ac436f34c201590793e432fb8ba99{\nbackground-color:#e9eef0;\nbackground-image:unset;\n}\n<\/style>\n<div id='av_section_2'  class='avia-section av-fvi7p-529ac436f34c201590793e432fb8ba99 main_color avia-section-default avia-no-border-styling  avia-builder-el-3  el_after_av_section  el_before_av_section  avia-bg-style-scroll container_wrap sidebar_right'  ><div class='container av-section-cont-open' ><div class='template-page content  av-content-small alpha units'><div class='post-entry post-entry-type-page post-entry-1512'><div class='entry-content-wrapper clearfix'>\n<section  class='av_textblock_section av-kugyr8sz-6597f6e535bc938f69121208f0eadf8e '   itemscope=\"itemscope\" itemtype=\"https:\/\/schema.org\/CreativeWork\" ><div class='avia_textblock'  itemprop=\"text\" ><p style=\"text-align: center;\">Automobile &#8211; un mot issu du terme fran\u00e7ais \u00ab\u00a0voiture automobile\u00a0\u00bb, qui d\u00e9signait \u00e0 la fin du 19e si\u00e8cle un tramway fonctionnant par air comprim\u00e9. Ce terme permettait de distinguer les v\u00e9hicules se d\u00e9pla\u00e7ant &lsquo;tout seuls&rsquo; des v\u00e9hicules tir\u00e9s par des chevaux.<\/p>\n<p style=\"text-align: center;\">La technique a connu depuis lors une \u00e9volution fulgurante. Les syst\u00e8mes d\u2019info-divertissement sophistiqu\u00e9s, les voitures \u00e9lectriques \u00e9quip\u00e9es de cellules solaires, les capteurs LiDAR 3D, qui permettent une vision panoramique du v\u00e9hicule, les syst\u00e8mes de gestion des batteries sans fil, sont autant d&rsquo;innovations qui pr\u00e9figurent l&rsquo;avenir.<\/p>\n<\/div><\/section>\n\n<style type=\"text\/css\" data-created_by=\"avia_inline_auto\" id=\"style-css-av-kugy1wqj-0e2780b6181002a14875daae25a81b3c\">\n#top .av-special-heading.av-kugy1wqj-0e2780b6181002a14875daae25a81b3c{\npadding-bottom:10px;\n}\nbody .av-special-heading.av-kugy1wqj-0e2780b6181002a14875daae25a81b3c .av-special-heading-tag .heading-char{\nfont-size:25px;\n}\n.av-special-heading.av-kugy1wqj-0e2780b6181002a14875daae25a81b3c .av-subheading{\nfont-size:15px;\n}\n<\/style>\n<div  class='av-special-heading av-kugy1wqj-0e2780b6181002a14875daae25a81b3c av-special-heading-h3 blockquote modern-quote modern-centered  avia-builder-el-5  el_after_av_textblock  avia-builder-el-last '><h3 class='av-special-heading-tag '  itemprop=\"headline\"  >Fascicules de brevets l Revendications de brevets l Actions en justice relatives aux brevets l Manuels l Instructions de services<\/h3><div class=\"special-heading-border\"><div class=\"special-heading-inner-border\"><\/div><\/div><\/div>\n\n<\/div><\/div><\/div><!-- close content main div --><\/div><\/div>\n<style type=\"text\/css\" data-created_by=\"avia_inline_auto\" id=\"style-css-av-kugzqkn6-a321b5058a0e18234fef9f8c3da1f2bc\">\n.avia-section.av-kugzqkn6-a321b5058a0e18234fef9f8c3da1f2bc .av-parallax .av-parallax-inner{\nbackground-color:#d4dee1;\nbackground-image:url(https:\/\/translationteam.eu\/wp-content\/uploads\/2021\/10\/automobil_breit.jpg);\nbackground-repeat:no-repeat;\nbackground-position:0% 0%;\nbackground-attachment:scroll;\n}\n<\/style>\n<div id='av_section_3'  class='avia-section av-kugzqkn6-a321b5058a0e18234fef9f8c3da1f2bc main_color avia-section-default avia-no-border-styling  avia-builder-el-6  el_after_av_section  el_before_av_section  av-parallax-section avia-bg-style-parallax container_wrap sidebar_right'  data-section-bg-repeat='no-repeat'><div class='av-parallax' data-avia-parallax-ratio='0.3' ><div class='av-parallax-inner main_color avia-full-stretch'><\/div><\/div><div class='container av-section-cont-open' ><div class='template-page content  av-content-small alpha units'><div class='post-entry post-entry-type-page post-entry-1512'><div class='entry-content-wrapper clearfix'>\n\n<style type=\"text\/css\" data-created_by=\"avia_inline_auto\" id=\"style-css-av-kwxlccok-77e6d00f02f421adb772e190b94ff2f2\">\n#top .av-special-heading.av-kwxlccok-77e6d00f02f421adb772e190b94ff2f2{\npadding-bottom:0;\ncolor:#ffffff;\n}\nbody .av-special-heading.av-kwxlccok-77e6d00f02f421adb772e190b94ff2f2 .av-special-heading-tag .heading-char{\nfont-size:25px;\n}\n.av-special-heading.av-kwxlccok-77e6d00f02f421adb772e190b94ff2f2 .special-heading-inner-border{\nborder-color:#ffffff;\n}\n.av-special-heading.av-kwxlccok-77e6d00f02f421adb772e190b94ff2f2 .av-subheading{\nfont-size:15px;\n}\n<\/style>\n<div  class='av-special-heading av-kwxlccok-77e6d00f02f421adb772e190b94ff2f2 av-special-heading-h3 custom-color-heading blockquote modern-quote modern-centered  avia-builder-el-7  el_before_av_one_third  avia-builder-el-first  headline-spacer'><h3 class='av-special-heading-tag '  itemprop=\"headline\"  >V\u00e9hicules \u00e9lectriques et hybrides I Logiciels automobiles I Syst\u00e8mes d\u2019info-divertissement I Syst\u00e8mes de navigation I Syst\u00e8mes de d\u00e9tection I Syst\u00e8mes de refroidissement I Composants modulaires I Documents de service I Instructions de services<\/h3><div class=\"special-heading-border\"><div class=\"special-heading-inner-border\"><\/div><\/div><\/div>\n<div  class='flex_column av-10kzf8-2ebc7da96db549688541efc4541ae928 av_one_third  avia-builder-el-8  el_after_av_heading  el_before_av_one_third  first flex_column_div  '     ><\/div><div  class='flex_column av-tezm4-3171fbbe8e34ac1ab9ac589f558936d8 av_one_third  avia-builder-el-9  el_after_av_one_third  el_before_av_one_third  flex_column_div  '     ><p>\n<style type=\"text\/css\" data-created_by=\"avia_inline_auto\" id=\"style-css-av-kuies1tn-6c530e77574660278735abb930acc105\">\n#top .av_textblock_section.av-kuies1tn-6c530e77574660278735abb930acc105 .avia_textblock{\ncolor:#ffffff;\n}\n<\/style>\n<section  class='av_textblock_section av-kuies1tn-6c530e77574660278735abb930acc105 '   itemscope=\"itemscope\" itemtype=\"https:\/\/schema.org\/CreativeWork\" ><div class='avia_textblock av_inherit_color'  itemprop=\"text\" ><\/div><\/section><br \/>\n\n<style type=\"text\/css\" data-created_by=\"avia_inline_auto\" id=\"style-css-av-kuiert9d-f56b0f3a6629ea28e6439acbd9c84258\">\n#top .av_textblock_section.av-kuiert9d-f56b0f3a6629ea28e6439acbd9c84258 .avia_textblock{\ncolor:#ffffff;\n}\n<\/style>\n<section  class='av_textblock_section av-kuiert9d-f56b0f3a6629ea28e6439acbd9c84258 '   itemscope=\"itemscope\" itemtype=\"https:\/\/schema.org\/CreativeWork\" ><div class='avia_textblock av_inherit_color'  itemprop=\"text\" ><p style=\"text-align: center;\"><strong>Marques<\/strong><\/p>\n<p style=\"text-align: center;\">Jaguar, McLaren, SEAT<\/p>\n<\/div><\/section><\/p><\/div><div  class='flex_column av-dqwik-882d99251a6b648de32c9c2b72bb8ca3 av_one_third  avia-builder-el-12  el_after_av_one_third  avia-builder-el-last  flex_column_div  '     ><style type=\"text\/css\" data-created_by=\"avia_inline_auto\" id=\"style-css-av-7ohv0-215707ad7559e69dea982168385f2880\">\n#top .av_textblock_section.av-7ohv0-215707ad7559e69dea982168385f2880 .avia_textblock{\ncolor:#ffffff;\n}\n<\/style>\n<section  class='av_textblock_section av-7ohv0-215707ad7559e69dea982168385f2880 '   itemscope=\"itemscope\" itemtype=\"https:\/\/schema.org\/CreativeWork\" ><div class='avia_textblock av_inherit_color'  itemprop=\"text\" ><\/div><\/section><\/div>\n\n<\/div><\/div><\/div><!-- close content main div --><\/div><\/div><div id='av_section_4'  class='avia-section av-jha36w-94aea93d211ee8c1c8fd7b4491835974 main_color avia-section-default avia-no-border-styling  avia-builder-el-14  el_after_av_section  avia-builder-el-last  avia-bg-style-scroll container_wrap sidebar_right'  ><div class='container av-section-cont-open' ><div class='template-page content  av-content-small alpha units'><div class='post-entry post-entry-type-page post-entry-1512'><div class='entry-content-wrapper clearfix'>\n<div  class='flex_column av-hbdayw-0b5b179b5ec7baaf1de89dc69b1ccb82 av_one_fifth  avia-builder-el-15  el_before_av_one_fifth  avia-builder-el-first  first flex_column_div  '     ><style type=\"text\/css\" data-created_by=\"avia_inline_auto\" id=\"style-css-av-fuunp4-34de361421b1be731990b7f9a566319b\">\n.avia-image-container.av-fuunp4-34de361421b1be731990b7f9a566319b img.avia_image{\nbox-shadow:none;\n}\n.avia-image-container.av-fuunp4-34de361421b1be731990b7f9a566319b .av-image-caption-overlay-center{\ncolor:#ffffff;\n}\n<\/style>\n<div  class='avia-image-container av-fuunp4-34de361421b1be731990b7f9a566319b av-styling- av-img-linked avia-align-center  avia-builder-el-16  avia-builder-el-no-sibling '   itemprop=\"image\" itemscope=\"itemscope\" itemtype=\"https:\/\/schema.org\/ImageObject\" ><div class=\"avia-image-container-inner\"><div class=\"avia-image-overlay-wrap\"><a href=\"https:\/\/translationteam.eu\/fr\/sciences-de-la-vie\/\" class='avia_image '  aria-label='FR_sciences'><img decoding=\"async\" fetchpriority=\"high\" class='wp-image-1605 avia-img-lazy-loading-not-1605 avia_image ' src=\"https:\/\/translationteam.eu\/wp-content\/uploads\/2022\/03\/FR_sciences.png\" alt='' title='FR_sciences'  height=\"66\" width=\"206\"  itemprop=\"thumbnailUrl\"  \/><\/a><\/div><\/div><\/div><\/div><div  class='flex_column av-dmg2g8-d722435af7150565518312412d5f2425 av_one_fifth  avia-builder-el-17  el_after_av_one_fifth  el_before_av_one_fifth  flex_column_div  '     ><style type=\"text\/css\" data-created_by=\"avia_inline_auto\" id=\"style-css-av-cieo0o-0c5cfd0b09c16b63a5ce783357f79b19\">\n.avia-image-container.av-cieo0o-0c5cfd0b09c16b63a5ce783357f79b19 img.avia_image{\nbox-shadow:none;\n}\n.avia-image-container.av-cieo0o-0c5cfd0b09c16b63a5ce783357f79b19 .av-image-caption-overlay-center{\ncolor:#ffffff;\n}\n<\/style>\n<div  class='avia-image-container av-cieo0o-0c5cfd0b09c16b63a5ce783357f79b19 av-styling- av-img-linked avia-align-center  avia-builder-el-18  avia-builder-el-no-sibling '   itemprop=\"image\" itemscope=\"itemscope\" itemtype=\"https:\/\/schema.org\/ImageObject\" ><div class=\"avia-image-container-inner\"><div class=\"avia-image-overlay-wrap\"><a href=\"https:\/\/translationteam.eu\/fr\/pi-propriete-intellectuelle-brevets\/\" class='avia_image '  aria-label='FR_PI'><img decoding=\"async\" fetchpriority=\"high\" class='wp-image-1601 avia-img-lazy-loading-not-1601 avia_image ' src=\"https:\/\/translationteam.eu\/wp-content\/uploads\/2022\/03\/FR_PI.png\" alt='' title='FR_PI'  height=\"66\" width=\"206\"  itemprop=\"thumbnailUrl\"  \/><\/a><\/div><\/div><\/div><\/div><div  class='flex_column av-b5yet4-f70f61f5ca7beedb4b0c8b550b040b45 av_one_fifth  avia-builder-el-19  el_after_av_one_fifth  el_before_av_one_fifth  flex_column_div  '     ><style type=\"text\/css\" data-created_by=\"avia_inline_auto\" id=\"style-css-av-9kdsm0-ab2454c3d81fc3088e674d91528c1f46\">\n.avia-image-container.av-9kdsm0-ab2454c3d81fc3088e674d91528c1f46 img.avia_image{\nbox-shadow:none;\n}\n.avia-image-container.av-9kdsm0-ab2454c3d81fc3088e674d91528c1f46 .av-image-caption-overlay-center{\ncolor:#ffffff;\n}\n<\/style>\n<div  class='avia-image-container av-9kdsm0-ab2454c3d81fc3088e674d91528c1f46 av-styling- av-img-linked avia-align-center  avia-builder-el-20  avia-builder-el-no-sibling '   itemprop=\"image\" itemscope=\"itemscope\" itemtype=\"https:\/\/schema.org\/ImageObject\" ><div class=\"avia-image-container-inner\"><div class=\"avia-image-overlay-wrap\"><a href=\"https:\/\/translationteam.eu\/fr\/nature-et-environnement\/\" class='avia_image '  aria-label='FR_nature'><img decoding=\"async\" fetchpriority=\"high\" class='wp-image-1597 avia-img-lazy-loading-not-1597 avia_image ' src=\"https:\/\/translationteam.eu\/wp-content\/uploads\/2022\/03\/FR_nature.png\" alt='' title='FR_nature'  height=\"66\" width=\"206\"  itemprop=\"thumbnailUrl\"  \/><\/a><\/div><\/div><\/div><\/div><div  class='flex_column av-rjz1k-1933bb84c151c9ea48743b91b6e3ffd2 av_one_fifth  avia-builder-el-21  el_after_av_one_fifth  el_before_av_one_fifth  flex_column_div  '     ><style type=\"text\/css\" data-created_by=\"avia_inline_auto\" id=\"style-css-av-6fn5i0-82e297b0a2b5299b84be62a7637bc637\">\n.avia-image-container.av-6fn5i0-82e297b0a2b5299b84be62a7637bc637 img.avia_image{\nbox-shadow:none;\n}\n.avia-image-container.av-6fn5i0-82e297b0a2b5299b84be62a7637bc637 .av-image-caption-overlay-center{\ncolor:#ffffff;\n}\n<\/style>\n<div  class='avia-image-container av-6fn5i0-82e297b0a2b5299b84be62a7637bc637 av-styling- av-img-linked avia-align-center  avia-builder-el-22  avia-builder-el-no-sibling '   itemprop=\"image\" itemscope=\"itemscope\" itemtype=\"https:\/\/schema.org\/ImageObject\" ><div class=\"avia-image-container-inner\"><div class=\"avia-image-overlay-wrap\"><a href=\"https:\/\/translationteam.eu\/fr\/technologie-de-linformation-it\/\" class='avia_image '  aria-label='FR_it'><img decoding=\"async\" fetchpriority=\"high\" class='wp-image-1589 avia-img-lazy-loading-not-1589 avia_image ' src=\"https:\/\/translationteam.eu\/wp-content\/uploads\/2022\/03\/FR_it.png\" alt='' title='FR_it'  height=\"66\" width=\"206\"  itemprop=\"thumbnailUrl\"  \/><\/a><\/div><\/div><\/div><\/div><div  class='flex_column av-e8pyg-6ad362551fd13e0d013b71f34722b76e av_one_fifth  avia-builder-el-23  el_after_av_one_fifth  avia-builder-el-last  flex_column_div  '     ><style type=\"text\/css\" data-created_by=\"avia_inline_auto\" id=\"style-css-av-23ekxk-d86ac65a3a2768aaa3c9cd716c17fa77\">\n.avia-image-container.av-23ekxk-d86ac65a3a2768aaa3c9cd716c17fa77 img.avia_image{\nbox-shadow:none;\n}\n.avia-image-container.av-23ekxk-d86ac65a3a2768aaa3c9cd716c17fa77 .av-image-caption-overlay-center{\ncolor:#ffffff;\n}\n<\/style>\n<div  class='avia-image-container av-23ekxk-d86ac65a3a2768aaa3c9cd716c17fa77 av-styling- av-img-linked avia-align-center  avia-builder-el-24  avia-builder-el-no-sibling '   itemprop=\"image\" itemscope=\"itemscope\" itemtype=\"https:\/\/schema.org\/ImageObject\" ><div class=\"avia-image-container-inner\"><div class=\"avia-image-overlay-wrap\"><a href=\"https:\/\/translationteam.eu\/fr\/traductions-de-livres\/\" class='avia_image '  aria-label='FR_livres'><img decoding=\"async\" fetchpriority=\"high\" class='wp-image-1593 avia-img-lazy-loading-not-1593 avia_image ' src=\"https:\/\/translationteam.eu\/wp-content\/uploads\/2022\/03\/FR_livres.png\" alt='' title='FR_livres'  height=\"66\" width=\"206\"  itemprop=\"thumbnailUrl\"  \/><\/a><\/div><\/div><\/div><\/div><\/div><\/div><\/div><!-- close content main div --><\/div><\/div><div id='after_section_4'  class='main_color av_default_container_wrap container_wrap sidebar_right'  ><div class='container av-section-cont-open' ><div class='template-page content  av-content-small alpha units'><div class='post-entry post-entry-type-page post-entry-1512'><div class='entry-content-wrapper clearfix'>\n","protected":false},"excerpt":{"rendered":"","protected":false},"author":1,"featured_media":0,"parent":0,"menu_order":0,"comment_status":"closed","ping_status":"closed","template":"","meta":{"footnotes":""},"class_list":["post-1512","page","type-page","status-publish","hentry"],"yoast_head":"<!-- This site is optimized with the Yoast SEO plugin v24.3 - https:\/\/yoast.com\/wordpress\/plugins\/seo\/ -->\n<title>Automobile - Translationteam<\/title>\n<meta name=\"robots\" content=\"index, follow, max-snippet:-1, max-image-preview:large, max-video-preview:-1\" \/>\n<link rel=\"canonical\" href=\"https:\/\/translationteam.eu\/fr\/automobile\/\" \/>\n<meta property=\"og:locale\" content=\"fr_FR\" \/>\n<meta property=\"og:type\" content=\"article\" \/>\n<meta property=\"og:title\" content=\"Automobile - Translationteam\" \/>\n<meta property=\"og:url\" content=\"https:\/\/translationteam.eu\/fr\/automobile\/\" \/>\n<meta property=\"og:site_name\" content=\"Translationteam\" \/>\n<meta property=\"article:modified_time\" content=\"2024-11-05T09:26:53+00:00\" \/>\n<meta name=\"twitter:card\" content=\"summary_large_image\" \/>\n<meta name=\"twitter:label1\" content=\"Dur\u00e9e de lecture estim\u00e9e\" \/>\n\t<meta name=\"twitter:data1\" content=\"3 minutes\" \/>\n<script type=\"application\/ld+json\" class=\"yoast-schema-graph\">{\"@context\":\"https:\/\/schema.org\",\"@graph\":[{\"@type\":\"WebPage\",\"@id\":\"https:\/\/translationteam.eu\/fr\/automobile\/\",\"url\":\"https:\/\/translationteam.eu\/fr\/automobile\/\",\"name\":\"Automobile - Translationteam\",\"isPartOf\":{\"@id\":\"https:\/\/translationteam.eu\/#website\"},\"datePublished\":\"2022-03-24T12:20:14+00:00\",\"dateModified\":\"2024-11-05T09:26:53+00:00\",\"breadcrumb\":{\"@id\":\"https:\/\/translationteam.eu\/fr\/automobile\/#breadcrumb\"},\"inLanguage\":\"fr-FR\",\"potentialAction\":[{\"@type\":\"ReadAction\",\"target\":[\"https:\/\/translationteam.eu\/fr\/automobile\/\"]}]},{\"@type\":\"BreadcrumbList\",\"@id\":\"https:\/\/translationteam.eu\/fr\/automobile\/#breadcrumb\",\"itemListElement\":[{\"@type\":\"ListItem\",\"position\":1,\"name\":\"Startseite\",\"item\":\"https:\/\/translationteam.eu\/fr\/home\/\"},{\"@type\":\"ListItem\",\"position\":2,\"name\":\"Automobile\"}]},{\"@type\":\"WebSite\",\"@id\":\"https:\/\/translationteam.eu\/#website\",\"url\":\"https:\/\/translationteam.eu\/\",\"name\":\"Translationteam\",\"description\":\"\u00d6ffentlich bestellte und beeidigte Urkunden\u00fcbersetzerin\",\"potentialAction\":[{\"@type\":\"SearchAction\",\"target\":{\"@type\":\"EntryPoint\",\"urlTemplate\":\"https:\/\/translationteam.eu\/?s={search_term_string}\"},\"query-input\":{\"@type\":\"PropertyValueSpecification\",\"valueRequired\":true,\"valueName\":\"search_term_string\"}}],\"inLanguage\":\"fr-FR\"}]}<\/script>\n<!-- \/ Yoast SEO plugin. -->","yoast_head_json":{"title":"Automobile - Translationteam","robots":{"index":"index","follow":"follow","max-snippet":"max-snippet:-1","max-image-preview":"max-image-preview:large","max-video-preview":"max-video-preview:-1"},"canonical":"https:\/\/translationteam.eu\/fr\/automobile\/","og_locale":"fr_FR","og_type":"article","og_title":"Automobile - Translationteam","og_url":"https:\/\/translationteam.eu\/fr\/automobile\/","og_site_name":"Translationteam","article_modified_time":"2024-11-05T09:26:53+00:00","twitter_card":"summary_large_image","twitter_misc":{"Dur\u00e9e de lecture estim\u00e9e":"3 minutes"},"schema":{"@context":"https:\/\/schema.org","@graph":[{"@type":"WebPage","@id":"https:\/\/translationteam.eu\/fr\/automobile\/","url":"https:\/\/translationteam.eu\/fr\/automobile\/","name":"Automobile - Translationteam","isPartOf":{"@id":"https:\/\/translationteam.eu\/#website"},"datePublished":"2022-03-24T12:20:14+00:00","dateModified":"2024-11-05T09:26:53+00:00","breadcrumb":{"@id":"https:\/\/translationteam.eu\/fr\/automobile\/#breadcrumb"},"inLanguage":"fr-FR","potentialAction":[{"@type":"ReadAction","target":["https:\/\/translationteam.eu\/fr\/automobile\/"]}]},{"@type":"BreadcrumbList","@id":"https:\/\/translationteam.eu\/fr\/automobile\/#breadcrumb","itemListElement":[{"@type":"ListItem","position":1,"name":"Startseite","item":"https:\/\/translationteam.eu\/fr\/home\/"},{"@type":"ListItem","position":2,"name":"Automobile"}]},{"@type":"WebSite","@id":"https:\/\/translationteam.eu\/#website","url":"https:\/\/translationteam.eu\/","name":"Translationteam","description":"\u00d6ffentlich bestellte und beeidigte Urkunden\u00fcbersetzerin","potentialAction":[{"@type":"SearchAction","target":{"@type":"EntryPoint","urlTemplate":"https:\/\/translationteam.eu\/?s={search_term_string}"},"query-input":{"@type":"PropertyValueSpecification","valueRequired":true,"valueName":"search_term_string"}}],"inLanguage":"fr-FR"}]}},"_links":{"self":[{"href":"https:\/\/translationteam.eu\/fr\/wp-json\/wp\/v2\/pages\/1512","targetHints":{"allow":["GET"]}}],"collection":[{"href":"https:\/\/translationteam.eu\/fr\/wp-json\/wp\/v2\/pages"}],"about":[{"href":"https:\/\/translationteam.eu\/fr\/wp-json\/wp\/v2\/types\/page"}],"author":[{"embeddable":true,"href":"https:\/\/translationteam.eu\/fr\/wp-json\/wp\/v2\/users\/1"}],"replies":[{"embeddable":true,"href":"https:\/\/translationteam.eu\/fr\/wp-json\/wp\/v2\/comments?post=1512"}],"version-history":[{"count":8,"href":"https:\/\/translationteam.eu\/fr\/wp-json\/wp\/v2\/pages\/1512\/revisions"}],"predecessor-version":[{"id":2115,"href":"https:\/\/translationteam.eu\/fr\/wp-json\/wp\/v2\/pages\/1512\/revisions\/2115"}],"wp:attachment":[{"href":"https:\/\/translationteam.eu\/fr\/wp-json\/wp\/v2\/media?parent=1512"}],"curies":[{"name":"wp","href":"https:\/\/api.w.org\/{rel}","templated":true}]}}