{"id":1518,"date":"2022-03-24T13:22:21","date_gmt":"2022-03-24T12:22:21","guid":{"rendered":"https:\/\/translationteam.eu\/?page_id=1518"},"modified":"2022-04-07T10:35:11","modified_gmt":"2022-04-07T08:35:11","slug":"technologie-de-linformation-it","status":"publish","type":"page","link":"https:\/\/translationteam.eu\/fr\/technologie-de-linformation-it\/","title":{"rendered":"Technologie de l&rsquo;information &#8211; IT"},"content":{"rendered":"<div id='layer_slider_1'  class='avia-layerslider main_color avia-shadow  avia-builder-el-0  el_before_av_section  avia-builder-el-first  container_wrap sidebar_right'  style='height: 822px; max-width: 2000px; margin: 0 auto;'  ><\/div>\n\n<style type=\"text\/css\" data-created_by=\"avia_inline_auto\" id=\"style-css-av-kk2kceho-255ab1ee4c13a51b06b6687c61b7c11e\">\n.avia-section.av-kk2kceho-255ab1ee4c13a51b06b6687c61b7c11e{\nbackground-color:#d4dee1;\nbackground-image:unset;\n}\n<\/style>\n<div id='av_section_1'  class='avia-section av-kk2kceho-255ab1ee4c13a51b06b6687c61b7c11e main_color avia-section-default avia-no-border-styling  avia-builder-el-1  el_after_av_layerslider  el_before_av_section  avia-bg-style-scroll container_wrap sidebar_right'  ><div class='container av-section-cont-open' ><div class='template-page content  av-content-small alpha units'><div class='post-entry post-entry-type-page post-entry-1518'><div class='entry-content-wrapper clearfix'>\n\n<style type=\"text\/css\" data-created_by=\"avia_inline_auto\" id=\"style-css-av-kugupzco-141065aa2398396cfc12ac2bbb6aa804\">\n#top .av-special-heading.av-kugupzco-141065aa2398396cfc12ac2bbb6aa804{\npadding-bottom:10px;\n}\nbody .av-special-heading.av-kugupzco-141065aa2398396cfc12ac2bbb6aa804 .av-special-heading-tag .heading-char{\nfont-size:25px;\n}\n.av-special-heading.av-kugupzco-141065aa2398396cfc12ac2bbb6aa804 .av-subheading{\nfont-size:15px;\n}\n<\/style>\n<div  class='av-special-heading av-kugupzco-141065aa2398396cfc12ac2bbb6aa804 av-special-heading-h1 blockquote modern-quote modern-centered  avia-builder-el-2  avia-builder-el-no-sibling '><h1 class='av-special-heading-tag '  itemprop=\"headline\"  >Technologie de l\u2019information &#8211; IT<\/h1><div class=\"special-heading-border\"><div class=\"special-heading-inner-border\"><\/div><\/div><\/div>\n\n<\/div><\/div><\/div><!-- close content main div --><\/div><\/div>\n<style type=\"text\/css\" data-created_by=\"avia_inline_auto\" id=\"style-css-av-fvi7p-529ac436f34c201590793e432fb8ba99\">\n.avia-section.av-fvi7p-529ac436f34c201590793e432fb8ba99{\nbackground-color:#e9eef0;\nbackground-image:unset;\n}\n<\/style>\n<div id='av_section_2'  class='avia-section av-fvi7p-529ac436f34c201590793e432fb8ba99 main_color avia-section-default avia-no-border-styling  avia-builder-el-3  el_after_av_section  el_before_av_section  avia-bg-style-scroll container_wrap sidebar_right'  ><div class='container av-section-cont-open' ><div class='template-page content  av-content-small alpha units'><div class='post-entry post-entry-type-page post-entry-1518'><div class='entry-content-wrapper clearfix'>\n<section  class='av_textblock_section av-kugyr8sz-6597f6e535bc938f69121208f0eadf8e '   itemscope=\"itemscope\" itemtype=\"https:\/\/schema.org\/CreativeWork\" ><div class='avia_textblock'  itemprop=\"text\" ><p style=\"text-align: center;\"><strong>La technologie de l&rsquo;information &#8211; IT &#8211;<\/strong> est le terme g\u00e9n\u00e9rique d\u00e9signant le mat\u00e9riel, les logiciels et les services IT. Rares sont les autres secteurs qui connaissent une croissance aussi rapide que le secteur de l&rsquo;informatique. Cloud et mobile computing, big data et cyber-s\u00e9curit\u00e9, intelligence artificielle et Internet des objets &#8211; sont autant de mots-cl\u00e9s pour d\u00e9signer les technologies d\u00e9j\u00e0 utilis\u00e9es ainsi que les tendances futures.<\/p>\n<\/div><\/section>\n\n<style type=\"text\/css\" data-created_by=\"avia_inline_auto\" id=\"style-css-av-kugy1wqj-0e2780b6181002a14875daae25a81b3c\">\n#top .av-special-heading.av-kugy1wqj-0e2780b6181002a14875daae25a81b3c{\npadding-bottom:10px;\n}\nbody .av-special-heading.av-kugy1wqj-0e2780b6181002a14875daae25a81b3c .av-special-heading-tag .heading-char{\nfont-size:25px;\n}\n.av-special-heading.av-kugy1wqj-0e2780b6181002a14875daae25a81b3c .av-subheading{\nfont-size:15px;\n}\n<\/style>\n<div  class='av-special-heading av-kugy1wqj-0e2780b6181002a14875daae25a81b3c av-special-heading-h3 blockquote modern-quote modern-centered  avia-builder-el-5  el_after_av_textblock  avia-builder-el-last '><h3 class='av-special-heading-tag '  itemprop=\"headline\"  >Fascicules de brevets l Revendications de brevets l Actions en justice relatives aux brevets l Manuels l Instructions de services<\/h3><div class=\"special-heading-border\"><div class=\"special-heading-inner-border\"><\/div><\/div><\/div>\n<\/div><\/div><\/div><!-- close content main div --><\/div><\/div>\n<style type=\"text\/css\" data-created_by=\"avia_inline_auto\" id=\"style-css-av-kugzqkn6-dc39e951fd814bc1d52a8c71589e0ad9\">\n.avia-section.av-kugzqkn6-dc39e951fd814bc1d52a8c71589e0ad9 .av-parallax .av-parallax-inner{\nbackground-color:#d4dee1;\nbackground-image:url(https:\/\/translationteam.eu\/wp-content\/uploads\/2021\/10\/it_breit.jpg);\nbackground-repeat:no-repeat;\nbackground-position:0% 0%;\nbackground-attachment:scroll;\n}\n<\/style>\n<div id='av_section_3'  class='avia-section av-kugzqkn6-dc39e951fd814bc1d52a8c71589e0ad9 main_color avia-section-default avia-no-border-styling  avia-builder-el-6  el_after_av_section  el_before_av_section  av-parallax-section avia-bg-style-parallax container_wrap sidebar_right'  data-section-bg-repeat='no-repeat'><div class='av-parallax' data-avia-parallax-ratio='0.3' ><div class='av-parallax-inner main_color avia-full-stretch'><\/div><\/div><div class='container av-section-cont-open' ><div class='template-page content  av-content-small alpha units'><div class='post-entry post-entry-type-page post-entry-1518'><div class='entry-content-wrapper clearfix'>\n\n<style type=\"text\/css\" data-created_by=\"avia_inline_auto\" id=\"style-css-av-kwp5o2ze-a37b3c87d25411b7388b7735056dee23\">\n#top .av-special-heading.av-kwp5o2ze-a37b3c87d25411b7388b7735056dee23{\npadding-bottom:0;\ncolor:#ffffff;\n}\nbody .av-special-heading.av-kwp5o2ze-a37b3c87d25411b7388b7735056dee23 .av-special-heading-tag .heading-char{\nfont-size:25px;\n}\n.av-special-heading.av-kwp5o2ze-a37b3c87d25411b7388b7735056dee23 .special-heading-inner-border{\nborder-color:#ffffff;\n}\n.av-special-heading.av-kwp5o2ze-a37b3c87d25411b7388b7735056dee23 .av-subheading{\nfont-size:15px;\n}\n<\/style>\n<div  class='av-special-heading av-kwp5o2ze-a37b3c87d25411b7388b7735056dee23 av-special-heading-h3 custom-color-heading blockquote modern-quote modern-centered  avia-builder-el-7  el_before_av_one_third  avia-builder-el-first  headline-spacer'><h3 class='av-special-heading-tag '  itemprop=\"headline\"  >Applications (Apps) l Solutions Cloud I Structures de r\u00e9seau I Logiciels d\u2018application I Composants de mat\u00e9riel I Configurations multim\u00e9dias I Syst\u00e8mes d\u2019analyse d\u2019images<\/h3><div class=\"special-heading-border\"><div class=\"special-heading-inner-border\"><\/div><\/div><\/div>\n<div  class='flex_column av-10kzf8-2ebc7da96db549688541efc4541ae928 av_one_third  avia-builder-el-8  el_after_av_heading  el_before_av_one_third  first flex_column_div  '     ><\/div><div  class='flex_column av-tezm4-3171fbbe8e34ac1ab9ac589f558936d8 av_one_third  avia-builder-el-9  el_after_av_one_third  el_before_av_one_third  flex_column_div  '     ><style type=\"text\/css\" data-created_by=\"avia_inline_auto\" id=\"style-css-av-kwp5pgj3-33345ef6f4e103302baaad086e414af0\">\n.avia-image-container.av-kwp5pgj3-33345ef6f4e103302baaad086e414af0 img.avia_image{\nbox-shadow:none;\n}\n.avia-image-container.av-kwp5pgj3-33345ef6f4e103302baaad086e414af0 .av-image-caption-overlay-center{\ncolor:#ffffff;\n}\n<\/style>\n<div  class='avia-image-container av-kwp5pgj3-33345ef6f4e103302baaad086e414af0 av-styling- avia-align-center  avia-builder-el-10  avia-builder-el-no-sibling '   itemprop=\"image\" itemscope=\"itemscope\" itemtype=\"https:\/\/schema.org\/ImageObject\" ><div class=\"avia-image-container-inner\"><div class=\"avia-image-overlay-wrap\"><img decoding=\"async\" fetchpriority=\"high\" class='wp-image-847 avia-img-lazy-loading-not-847 avia_image ' src=\"https:\/\/translationteam.eu\/wp-content\/uploads\/2021\/12\/abstand_250.png\" alt='' title='abstand_250'  height=\"250\" width=\"150\"  itemprop=\"thumbnailUrl\"  \/><\/div><\/div><\/div><\/div><div  class='flex_column av-dqwik-882d99251a6b648de32c9c2b72bb8ca3 av_one_third  avia-builder-el-11  el_after_av_one_third  avia-builder-el-last  flex_column_div  '     ><\/div>\n<\/p>\n<\/div><\/div><\/div><!-- close content main div --><\/div><\/div><div id='av_section_4'  class='avia-section av-j9ct4u-ad0bdab9f851b902e8151e7bdd5d6544 main_color avia-section-default avia-no-border-styling  avia-builder-el-12  el_after_av_section  avia-builder-el-last  avia-bg-style-scroll container_wrap sidebar_right'  ><div class='container av-section-cont-open' ><div class='template-page content  av-content-small alpha units'><div class='post-entry post-entry-type-page post-entry-1518'><div class='entry-content-wrapper clearfix'>\n<div  class='flex_column av-hnqwn2-124ea4fdb211080ad310374fc7a0a3f7 av_one_fifth  avia-builder-el-13  el_before_av_one_fifth  avia-builder-el-first  first flex_column_div  '     ><style type=\"text\/css\" data-created_by=\"avia_inline_auto\" id=\"style-css-av-f67b9a-058830e3459e1cb6c3fe0bb0d66d4c26\">\n.avia-image-container.av-f67b9a-058830e3459e1cb6c3fe0bb0d66d4c26 img.avia_image{\nbox-shadow:none;\n}\n.avia-image-container.av-f67b9a-058830e3459e1cb6c3fe0bb0d66d4c26 .av-image-caption-overlay-center{\ncolor:#ffffff;\n}\n<\/style>\n<div  class='avia-image-container av-f67b9a-058830e3459e1cb6c3fe0bb0d66d4c26 av-styling- av-img-linked avia-align-center  avia-builder-el-14  avia-builder-el-no-sibling '   itemprop=\"image\" itemscope=\"itemscope\" itemtype=\"https:\/\/schema.org\/ImageObject\" ><div class=\"avia-image-container-inner\"><div class=\"avia-image-overlay-wrap\"><a href=\"https:\/\/translationteam.eu\/fr\/sciences-de-la-vie\/\" class='avia_image '  aria-label='FR_sciences'><img decoding=\"async\" fetchpriority=\"high\" class='wp-image-1605 avia-img-lazy-loading-not-1605 avia_image ' src=\"https:\/\/translationteam.eu\/wp-content\/uploads\/2022\/03\/FR_sciences.png\" alt='' title='FR_sciences'  height=\"66\" width=\"206\"  itemprop=\"thumbnailUrl\"  \/><\/a><\/div><\/div><\/div><\/div><div  class='flex_column av-eric1q-3c7ff6d0f44948fcf565e00c957a4867 av_one_fifth  avia-builder-el-15  el_after_av_one_fifth  el_before_av_one_fifth  flex_column_div  '     ><style type=\"text\/css\" data-created_by=\"avia_inline_auto\" id=\"style-css-av-d138zi-36dee6ad5d92be10c8099255bc8234b9\">\n.avia-image-container.av-d138zi-36dee6ad5d92be10c8099255bc8234b9 img.avia_image{\nbox-shadow:none;\n}\n.avia-image-container.av-d138zi-36dee6ad5d92be10c8099255bc8234b9 .av-image-caption-overlay-center{\ncolor:#ffffff;\n}\n<\/style>\n<div  class='avia-image-container av-d138zi-36dee6ad5d92be10c8099255bc8234b9 av-styling- av-img-linked avia-align-center  avia-builder-el-16  avia-builder-el-no-sibling '   itemprop=\"image\" itemscope=\"itemscope\" itemtype=\"https:\/\/schema.org\/ImageObject\" ><div class=\"avia-image-container-inner\"><div class=\"avia-image-overlay-wrap\"><a href=\"https:\/\/translationteam.eu\/fr\/pi-propriete-intellectuelle-brevets\/\" class='avia_image '  aria-label='FR_PI'><img decoding=\"async\" fetchpriority=\"high\" class='wp-image-1601 avia-img-lazy-loading-not-1601 avia_image ' src=\"https:\/\/translationteam.eu\/wp-content\/uploads\/2022\/03\/FR_PI.png\" alt='' title='FR_PI'  height=\"66\" width=\"206\"  itemprop=\"thumbnailUrl\"  \/><\/a><\/div><\/div><\/div><\/div><div  class='flex_column av-bgncu6-37fbc5e6b0efb01b6a02692844191c1b av_one_fifth  avia-builder-el-17  el_after_av_one_fifth  el_before_av_one_fifth  flex_column_div  '     ><style type=\"text\/css\" data-created_by=\"avia_inline_auto\" id=\"style-css-av-8m8dcu-1ee49c2fb4170862e6425b5541d81b88\">\n.avia-image-container.av-8m8dcu-1ee49c2fb4170862e6425b5541d81b88 img.avia_image{\nbox-shadow:none;\n}\n.avia-image-container.av-8m8dcu-1ee49c2fb4170862e6425b5541d81b88 .av-image-caption-overlay-center{\ncolor:#ffffff;\n}\n<\/style>\n<div  class='avia-image-container av-8m8dcu-1ee49c2fb4170862e6425b5541d81b88 av-styling- av-img-linked avia-align-center  avia-builder-el-18  avia-builder-el-no-sibling '   itemprop=\"image\" itemscope=\"itemscope\" itemtype=\"https:\/\/schema.org\/ImageObject\" ><div class=\"avia-image-container-inner\"><div class=\"avia-image-overlay-wrap\"><a href=\"https:\/\/translationteam.eu\/fr\/nature-et-environnement\/\" class='avia_image '  aria-label='FR_nature'><img decoding=\"async\" fetchpriority=\"high\" class='wp-image-1597 avia-img-lazy-loading-not-1597 avia_image ' src=\"https:\/\/translationteam.eu\/wp-content\/uploads\/2022\/03\/FR_nature.png\" alt='' title='FR_nature'  height=\"66\" width=\"206\"  itemprop=\"thumbnailUrl\"  \/><\/a><\/div><\/div><\/div><\/div><div  class='flex_column av-87ujdq-402b8553152f04b7bf5e2e1dd1f3a87c av_one_fifth  avia-builder-el-19  el_after_av_one_fifth  el_before_av_one_fifth  flex_column_div  '     ><style type=\"text\/css\" data-created_by=\"avia_inline_auto\" id=\"style-css-av-5n2k6m-4823e483902b003624c0e240229a345c\">\n.avia-image-container.av-5n2k6m-4823e483902b003624c0e240229a345c img.avia_image{\nbox-shadow:none;\n}\n.avia-image-container.av-5n2k6m-4823e483902b003624c0e240229a345c .av-image-caption-overlay-center{\ncolor:#ffffff;\n}\n<\/style>\n<div  class='avia-image-container av-5n2k6m-4823e483902b003624c0e240229a345c av-styling- av-img-linked avia-align-center  avia-builder-el-20  avia-builder-el-no-sibling '   itemprop=\"image\" itemscope=\"itemscope\" itemtype=\"https:\/\/schema.org\/ImageObject\" ><div class=\"avia-image-container-inner\"><div class=\"avia-image-overlay-wrap\"><a href=\"https:\/\/translationteam.eu\/fr\/automobile\/\" class='avia_image '  aria-label='FR_Automobile'><img decoding=\"async\" fetchpriority=\"high\" class='wp-image-1585 avia-img-lazy-loading-not-1585 avia_image ' src=\"https:\/\/translationteam.eu\/wp-content\/uploads\/2022\/03\/FR_Automobile.png\" alt='' title='FR_Automobile'  height=\"66\" width=\"206\"  itemprop=\"thumbnailUrl\"  \/><\/a><\/div><\/div><\/div><\/div><div  class='flex_column av-4549ce-ed79a9919acdd2349639eef140e18570 av_one_fifth  avia-builder-el-21  el_after_av_one_fifth  avia-builder-el-last  flex_column_div  '     ><style type=\"text\/css\" data-created_by=\"avia_inline_auto\" id=\"style-css-av-2taibi-931061c8f02e0ed673b8d2cd2198f324\">\n.avia-image-container.av-2taibi-931061c8f02e0ed673b8d2cd2198f324 img.avia_image{\nbox-shadow:none;\n}\n.avia-image-container.av-2taibi-931061c8f02e0ed673b8d2cd2198f324 .av-image-caption-overlay-center{\ncolor:#ffffff;\n}\n<\/style>\n<div  class='avia-image-container av-2taibi-931061c8f02e0ed673b8d2cd2198f324 av-styling- av-img-linked avia-align-center  avia-builder-el-22  avia-builder-el-no-sibling '   itemprop=\"image\" itemscope=\"itemscope\" itemtype=\"https:\/\/schema.org\/ImageObject\" ><div class=\"avia-image-container-inner\"><div class=\"avia-image-overlay-wrap\"><a href=\"https:\/\/translationteam.eu\/fr\/traductions-de-livres\/\" class='avia_image '  aria-label='FR_livres'><img decoding=\"async\" fetchpriority=\"high\" class='wp-image-1593 avia-img-lazy-loading-not-1593 avia_image ' src=\"https:\/\/translationteam.eu\/wp-content\/uploads\/2022\/03\/FR_livres.png\" alt='' title='FR_livres'  height=\"66\" width=\"206\"  itemprop=\"thumbnailUrl\"  \/><\/a><\/div><\/div><\/div><\/div>\n<\/div><\/div><\/div><!-- close content main div --><\/div><\/div><div id='after_section_4'  class='main_color av_default_container_wrap container_wrap sidebar_right'  ><div class='container av-section-cont-open' ><div class='template-page content  av-content-small alpha units'><div class='post-entry post-entry-type-page post-entry-1518'><div class='entry-content-wrapper clearfix'>\n","protected":false},"excerpt":{"rendered":"","protected":false},"author":1,"featured_media":0,"parent":0,"menu_order":0,"comment_status":"closed","ping_status":"closed","template":"","meta":{"footnotes":""},"class_list":["post-1518","page","type-page","status-publish","hentry"],"yoast_head":"<!-- This site is optimized with the Yoast SEO plugin v24.3 - https:\/\/yoast.com\/wordpress\/plugins\/seo\/ -->\n<title>Technologie de l&#039;information - IT - Translationteam<\/title>\n<meta name=\"robots\" content=\"index, follow, max-snippet:-1, max-image-preview:large, max-video-preview:-1\" \/>\n<link rel=\"canonical\" href=\"https:\/\/translationteam.eu\/fr\/technologie-de-linformation-it\/\" \/>\n<meta property=\"og:locale\" content=\"fr_FR\" \/>\n<meta property=\"og:type\" content=\"article\" \/>\n<meta property=\"og:title\" content=\"Technologie de l&#039;information - IT - Translationteam\" \/>\n<meta property=\"og:url\" content=\"https:\/\/translationteam.eu\/fr\/technologie-de-linformation-it\/\" \/>\n<meta property=\"og:site_name\" content=\"Translationteam\" \/>\n<meta property=\"article:modified_time\" content=\"2022-04-07T08:35:11+00:00\" \/>\n<meta name=\"twitter:card\" content=\"summary_large_image\" \/>\n<meta name=\"twitter:label1\" content=\"Dur\u00e9e de lecture estim\u00e9e\" \/>\n\t<meta name=\"twitter:data1\" content=\"19 minutes\" \/>\n<script type=\"application\/ld+json\" class=\"yoast-schema-graph\">{\"@context\":\"https:\/\/schema.org\",\"@graph\":[{\"@type\":\"WebPage\",\"@id\":\"https:\/\/translationteam.eu\/fr\/technologie-de-linformation-it\/\",\"url\":\"https:\/\/translationteam.eu\/fr\/technologie-de-linformation-it\/\",\"name\":\"Technologie de l'information - IT - Translationteam\",\"isPartOf\":{\"@id\":\"https:\/\/translationteam.eu\/#website\"},\"datePublished\":\"2022-03-24T12:22:21+00:00\",\"dateModified\":\"2022-04-07T08:35:11+00:00\",\"breadcrumb\":{\"@id\":\"https:\/\/translationteam.eu\/fr\/technologie-de-linformation-it\/#breadcrumb\"},\"inLanguage\":\"fr-FR\",\"potentialAction\":[{\"@type\":\"ReadAction\",\"target\":[\"https:\/\/translationteam.eu\/fr\/technologie-de-linformation-it\/\"]}]},{\"@type\":\"BreadcrumbList\",\"@id\":\"https:\/\/translationteam.eu\/fr\/technologie-de-linformation-it\/#breadcrumb\",\"itemListElement\":[{\"@type\":\"ListItem\",\"position\":1,\"name\":\"Startseite\",\"item\":\"https:\/\/translationteam.eu\/fr\/home\/\"},{\"@type\":\"ListItem\",\"position\":2,\"name\":\"Technologie de l&#8217;information &#8211; IT\"}]},{\"@type\":\"WebSite\",\"@id\":\"https:\/\/translationteam.eu\/#website\",\"url\":\"https:\/\/translationteam.eu\/\",\"name\":\"Translationteam\",\"description\":\"\u00d6ffentlich bestellte und beeidigte Urkunden\u00fcbersetzerin\",\"potentialAction\":[{\"@type\":\"SearchAction\",\"target\":{\"@type\":\"EntryPoint\",\"urlTemplate\":\"https:\/\/translationteam.eu\/?s={search_term_string}\"},\"query-input\":{\"@type\":\"PropertyValueSpecification\",\"valueRequired\":true,\"valueName\":\"search_term_string\"}}],\"inLanguage\":\"fr-FR\"}]}<\/script>\n<!-- \/ Yoast SEO plugin. -->","yoast_head_json":{"title":"Technologie de l'information - IT - Translationteam","robots":{"index":"index","follow":"follow","max-snippet":"max-snippet:-1","max-image-preview":"max-image-preview:large","max-video-preview":"max-video-preview:-1"},"canonical":"https:\/\/translationteam.eu\/fr\/technologie-de-linformation-it\/","og_locale":"fr_FR","og_type":"article","og_title":"Technologie de l'information - IT - Translationteam","og_url":"https:\/\/translationteam.eu\/fr\/technologie-de-linformation-it\/","og_site_name":"Translationteam","article_modified_time":"2022-04-07T08:35:11+00:00","twitter_card":"summary_large_image","twitter_misc":{"Dur\u00e9e de lecture estim\u00e9e":"19 minutes"},"schema":{"@context":"https:\/\/schema.org","@graph":[{"@type":"WebPage","@id":"https:\/\/translationteam.eu\/fr\/technologie-de-linformation-it\/","url":"https:\/\/translationteam.eu\/fr\/technologie-de-linformation-it\/","name":"Technologie de l'information - IT - Translationteam","isPartOf":{"@id":"https:\/\/translationteam.eu\/#website"},"datePublished":"2022-03-24T12:22:21+00:00","dateModified":"2022-04-07T08:35:11+00:00","breadcrumb":{"@id":"https:\/\/translationteam.eu\/fr\/technologie-de-linformation-it\/#breadcrumb"},"inLanguage":"fr-FR","potentialAction":[{"@type":"ReadAction","target":["https:\/\/translationteam.eu\/fr\/technologie-de-linformation-it\/"]}]},{"@type":"BreadcrumbList","@id":"https:\/\/translationteam.eu\/fr\/technologie-de-linformation-it\/#breadcrumb","itemListElement":[{"@type":"ListItem","position":1,"name":"Startseite","item":"https:\/\/translationteam.eu\/fr\/home\/"},{"@type":"ListItem","position":2,"name":"Technologie de l&#8217;information &#8211; IT"}]},{"@type":"WebSite","@id":"https:\/\/translationteam.eu\/#website","url":"https:\/\/translationteam.eu\/","name":"Translationteam","description":"\u00d6ffentlich bestellte und beeidigte Urkunden\u00fcbersetzerin","potentialAction":[{"@type":"SearchAction","target":{"@type":"EntryPoint","urlTemplate":"https:\/\/translationteam.eu\/?s={search_term_string}"},"query-input":{"@type":"PropertyValueSpecification","valueRequired":true,"valueName":"search_term_string"}}],"inLanguage":"fr-FR"}]}},"_links":{"self":[{"href":"https:\/\/translationteam.eu\/fr\/wp-json\/wp\/v2\/pages\/1518","targetHints":{"allow":["GET"]}}],"collection":[{"href":"https:\/\/translationteam.eu\/fr\/wp-json\/wp\/v2\/pages"}],"about":[{"href":"https:\/\/translationteam.eu\/fr\/wp-json\/wp\/v2\/types\/page"}],"author":[{"embeddable":true,"href":"https:\/\/translationteam.eu\/fr\/wp-json\/wp\/v2\/users\/1"}],"replies":[{"embeddable":true,"href":"https:\/\/translationteam.eu\/fr\/wp-json\/wp\/v2\/comments?post=1518"}],"version-history":[{"count":11,"href":"https:\/\/translationteam.eu\/fr\/wp-json\/wp\/v2\/pages\/1518\/revisions"}],"predecessor-version":[{"id":1523,"href":"https:\/\/translationteam.eu\/fr\/wp-json\/wp\/v2\/pages\/1518\/revisions\/1523"}],"wp:attachment":[{"href":"https:\/\/translationteam.eu\/fr\/wp-json\/wp\/v2\/media?parent=1518"}],"curies":[{"name":"wp","href":"https:\/\/api.w.org\/{rel}","templated":true}]}}